{"id":22888,"date":"2025-09-18T03:03:53","date_gmt":"2025-09-18T03:03:53","guid":{"rendered":"https:\/\/topholds.com\/oferta\/okategoriserad\/paket-med-klattervaggsmaterial-minta-xl4\/"},"modified":"2025-09-18T03:03:53","modified_gmt":"2025-09-18T03:03:53","slug":"paket-med-klattervaggsmaterial-minta-xl4","status":"publish","type":"product","link":"https:\/\/topholds.com\/it\/offerta\/senza-categoria\/paket-med-klattervaggsmaterial-minta-xl4\/","title":{"rendered":"Paket med Kl\u00e4tterv\u00e4ggsmaterial Minta XL4"},"content":{"rendered":"<p><strong>Minta XL4 \u00e4r ett paket med 4 kl\u00e4ttergrepp<\/strong> med sandstensstruktur som utm\u00e4rker sig f\u00f6r sin m\u00e5ngsidighet och f\u00f6rm\u00e5ga att erbjuda flera olika grepp.<\/p>\n<p>Genom att vrida p\u00e5 dessa kl\u00e4ttergrepp kan du <strong>f\u00e5 olika grepp runt om<\/strong>, vilket g\u00f6r att du kan anpassa dem till olika sv\u00e5righetsniv\u00e5er och utmaningar.<\/p>\n<p>F\u00f6r att s\u00e4kerst\u00e4lla en stadig och h\u00e5llbar installation rekommenderas <strong>att anv\u00e4nda f\u00e4sten M10x40 eller M8x40<\/strong>.<\/p>\n<p>Varje <em>Minta-parti<\/em> har ett <strong>extra h\u00e5l f\u00f6r anti-rotation f\u00e4ste<\/strong>, vilket ger st\u00f6rre stabilitet och s\u00e4kerhet under anv\u00e4ndning.<\/p>\n<p>T\u00e4nk p\u00e5 att produktens f\u00e4rger kan skilja sig fr\u00e5n bilden som visas. Om du vill ha en specifik f\u00e4rg, tveka inte att kontakta oss.<\/p>\n","protected":false},"excerpt":{"rendered":"<ul>\n<li>Minta XL4 \u00e4r en samling p\u00e5 4 kl\u00e4ttergrepp.<\/li>\n<li>Sandstensstruktur.<\/li>\n<li>Mycket m\u00e5ngsidiga grepp, genom att vrida p\u00e5 dem f\u00e5r vi olika f\u00e4sten.<\/li>\n<li>Alla med h\u00e5l f\u00f6r Allen Skruvar f\u00f6r att f\u00f6rhindra rotation.<\/li>\n<\/ul>\n","protected":false},"featured_media":0,"comment_status":"open","ping_status":"closed","template":"","meta":[],"product_brand":[],"product_cat":[],"product_tag":[],"class_list":{"0":"post-22888","1":"product","2":"type-product","3":"status-publish","6":"first","7":"instock","8":"taxable","9":"shipping-taxable","10":"purchasable","11":"product-type-simple"},"_links":{"self":[{"href":"https:\/\/topholds.com\/it\/wp-json\/wp\/v2\/product\/22888","targetHints":{"allow":["GET"]}}],"collection":[{"href":"https:\/\/topholds.com\/it\/wp-json\/wp\/v2\/product"}],"about":[{"href":"https:\/\/topholds.com\/it\/wp-json\/wp\/v2\/types\/product"}],"replies":[{"embeddable":true,"href":"https:\/\/topholds.com\/it\/wp-json\/wp\/v2\/comments?post=22888"}],"wp:attachment":[{"href":"https:\/\/topholds.com\/it\/wp-json\/wp\/v2\/media?parent=22888"}],"wp:term":[{"taxonomy":"product_brand","embeddable":true,"href":"https:\/\/topholds.com\/it\/wp-json\/wp\/v2\/product_brand?post=22888"},{"taxonomy":"product_cat","embeddable":true,"href":"https:\/\/topholds.com\/it\/wp-json\/wp\/v2\/product_cat?post=22888"},{"taxonomy":"product_tag","embeddable":true,"href":"https:\/\/topholds.com\/it\/wp-json\/wp\/v2\/product_tag?post=22888"}],"curies":[{"name":"wp","href":"https:\/\/api.w.org\/{rel}","templated":true}]}}