{"id":22908,"date":"2025-09-18T03:06:19","date_gmt":"2025-09-18T03:06:19","guid":{"rendered":"https:\/\/topholds.com\/oferta\/unkategorisiert\/hindernisparcours-aufhaengung-low-grips-2\/"},"modified":"2025-09-18T03:06:19","modified_gmt":"2025-09-18T03:06:19","slug":"hindernisparcours-aufhaengung-low-grips-2","status":"publish","type":"product","link":"https:\/\/topholds.com\/it\/offerta\/senza-categoria\/hindernisparcours-aufhaengung-low-grips-2\/","title":{"rendered":"Hindernisparcours-Aufh\u00e4ngung Low Grips 2"},"content":{"rendered":"<p><strong>Low Grips<\/strong> <strong>2<\/strong> ist ein vielseitiges <strong>Aufh\u00e4ngung OCR<\/strong>-Element aufgrund der Vielfalt an Klettergriffen ; ein sehr anspruchsvoller tiefer Griff, ein mittlerer an den Seiten und ein sehr einfacher oben.<\/p>\n<p>Es ist f\u00fcr das Training des Pinched Grip entwickelt.<\/p>\n<p>Der tiefe Griff erfolgt von unten nach oben, wobei nur die Oppositionskraft des Daumens gegen die restlichen Finger h\u00e4lt.<\/p>\n<p>Er ist f\u00fcr das Krafttraining im statischen Zustand an zwei Griffen aufgrund seiner Komplexit\u00e4t bestimmt, aber die anderen Griffe erlauben dynamische Schritte und Kombinationen.<\/p>\n<p>Das Ziel dieses Griffs ist es, zu unserem Kletter- und OCR-Training eine der komplexesten Zangen beizutragen und weiterhin die Fingerkraft zu verbessern, dank der Qualit\u00e4t und Vielseitigkeit unserer Teile.<\/p>\n<p>Die Farben der Low Grips k\u00f6nnen von der Abbildung abweichen. Wenn Sie eine bestimmte Farbe w\u00e4hlen m\u00f6chten, kontaktieren Sie uns bitte.<\/p>\n<p>Diese vielseitige Aufh\u00e4ngung l\u00e4sst sich leicht an einer Klimmzugstange, im Park oder an einem Ast aufh\u00e4ngen und erm\u00f6glicht eine Vielzahl von \u00dcbungen \u00fcberall.<\/p>\n<p>Es ist <strong>ein au\u00dfergew\u00f6hnlicher Griff, um deine Kraft und Ausdauer beim Klettern<\/strong>, OCR, Calisthenics, Ninja-Herausforderungen und Crossfit zu verbessern.  Bist du bereit, es auszuprobieren?<\/p>\n","protected":false},"excerpt":{"rendered":"<ul>\n<li>Vielseitige Aufh\u00e4ngung, konzipiert zum Training der Klammergriffe.<\/li>\n<li>Verbessert die Kraft der Finger.<\/li>\n<li>Sanfte, aber sehr haftende Textur.<\/li>\n<li>Ein fantastisches Werkzeug f\u00fcr unser Kletter-, OCR-, Calisthenics-, Ninja-Herausforderungen und Crossfit-Training.<\/li>\n<\/ul>\n","protected":false},"featured_media":0,"comment_status":"open","ping_status":"closed","template":"","meta":[],"product_brand":[],"product_cat":[],"product_tag":[],"class_list":{"0":"post-22908","1":"product","2":"type-product","3":"status-publish","6":"first","7":"instock","8":"taxable","9":"shipping-taxable","10":"purchasable","11":"product-type-simple"},"_links":{"self":[{"href":"https:\/\/topholds.com\/it\/wp-json\/wp\/v2\/product\/22908","targetHints":{"allow":["GET"]}}],"collection":[{"href":"https:\/\/topholds.com\/it\/wp-json\/wp\/v2\/product"}],"about":[{"href":"https:\/\/topholds.com\/it\/wp-json\/wp\/v2\/types\/product"}],"replies":[{"embeddable":true,"href":"https:\/\/topholds.com\/it\/wp-json\/wp\/v2\/comments?post=22908"}],"wp:attachment":[{"href":"https:\/\/topholds.com\/it\/wp-json\/wp\/v2\/media?parent=22908"}],"wp:term":[{"taxonomy":"product_brand","embeddable":true,"href":"https:\/\/topholds.com\/it\/wp-json\/wp\/v2\/product_brand?post=22908"},{"taxonomy":"product_cat","embeddable":true,"href":"https:\/\/topholds.com\/it\/wp-json\/wp\/v2\/product_cat?post=22908"},{"taxonomy":"product_tag","embeddable":true,"href":"https:\/\/topholds.com\/it\/wp-json\/wp\/v2\/product_tag?post=22908"}],"curies":[{"name":"wp","href":"https:\/\/api.w.org\/{rel}","templated":true}]}}