{"id":22910,"date":"2025-05-28T17:57:36","date_gmt":"2025-05-28T17:57:36","guid":{"rendered":"https:\/\/topholds.com\/oferta\/senza-categoria\/sospensione-ocr-low-grips-2\/"},"modified":"2026-03-06T05:24:15","modified_gmt":"2026-03-06T05:24:15","slug":"suspension-ocr-low-grips-2","status":"publish","type":"product","link":"https:\/\/topholds.com\/it\/offerta\/percorso-ostacoli\/allenamenti\/sospensione\/suspension-ocr-low-grips-2\/","title":{"rendered":"Sospensione OCR Low Grips 2"},"content":{"rendered":"<p><strong>Low Grips<\/strong> <strong>2<\/strong> \u00e8 un elemento di <strong>Sospensione OCR<\/strong> versatile per la variet\u00e0 di prese; una presa inferiore molto esigente, una intermedia sui lati e una molto facile sulla parte superiore.<\/p>\n<p>Questo \u00e8 stato progettato per allenare le prese in pinza.<\/p>\n<p>La presa bassa si esegue partendo dalla parte inferiore verso l&#8217;alto, rimanendo cos\u00ec sospesa unicamente per l&#8217;opposizione del pollice rispetto al resto delle dita.<\/p>\n<p>Questo \u00e8 destinato all&#8217;allenamento della forza in statica su due prese, a causa della sua complessit\u00e0, ma il resto delle prese permetter\u00e0 passi dinamici e combo.<\/p>\n<p>L&#8217;obiettivo di questa presa \u00e8 contribuire ai nostri allenamenti di arrampicata e OCR con una delle prese pi\u00f9 complesse che esistono e continuare a contribuire a migliorare la forza delle nostre dita grazie alla qualit\u00e0 e alla versatilit\u00e0 dei nostri pezzi.<\/p>\n<p>I colori del Low Grips possono variare rispetto alla foto. Se vuoi scegliere un colore specifico, contattaci.<\/p>\n<p>Questa sospensione versatile si appende facilmente a una barra per trazioni, al parco o su un ramo, consentendo di realizzare una ampia variet\u00e0 di esercizi ovunque.<\/p>\n<p>\u00c8 <strong>una presa eccezionale per migliorare la tua forza e resistenza nell&#8217;arrampicata<\/strong>, OCR, calistenia, sfide ninja e Crossfit. Ti azzardi a provarlo?<\/p>\n","protected":false},"excerpt":{"rendered":"<ul>\n<li>Sospensione molto versatile, progettata per allenare le prese a pinza.<\/li>\n<li>Migliora la forza delle dita.<\/li>\n<li>Texture morbida ma molto aderente.<\/li>\n<li>Uno strumento brutale per i nostri allenamenti di arrampicata, OCR, calistenia, sfide ninja e Crossfit.<\/li>\n<\/ul>\n","protected":false},"featured_media":22387,"comment_status":"open","ping_status":"closed","template":"","meta":[],"product_brand":[],"product_cat":[474,409,475],"product_tag":[],"class_list":{"0":"post-22910","1":"product","2":"type-product","3":"status-publish","4":"has-post-thumbnail","6":"product_cat-allenamenti","7":"product_cat-percorso-ostacoli","8":"product_cat-sospensione","10":"first","11":"instock","12":"taxable","13":"shipping-taxable","14":"purchasable","15":"product-type-simple"},"_links":{"self":[{"href":"https:\/\/topholds.com\/it\/wp-json\/wp\/v2\/product\/22910","targetHints":{"allow":["GET"]}}],"collection":[{"href":"https:\/\/topholds.com\/it\/wp-json\/wp\/v2\/product"}],"about":[{"href":"https:\/\/topholds.com\/it\/wp-json\/wp\/v2\/types\/product"}],"replies":[{"embeddable":true,"href":"https:\/\/topholds.com\/it\/wp-json\/wp\/v2\/comments?post=22910"}],"wp:featuredmedia":[{"embeddable":true,"href":"https:\/\/topholds.com\/it\/wp-json\/wp\/v2\/media\/22387"}],"wp:attachment":[{"href":"https:\/\/topholds.com\/it\/wp-json\/wp\/v2\/media?parent=22910"}],"wp:term":[{"taxonomy":"product_brand","embeddable":true,"href":"https:\/\/topholds.com\/it\/wp-json\/wp\/v2\/product_brand?post=22910"},{"taxonomy":"product_cat","embeddable":true,"href":"https:\/\/topholds.com\/it\/wp-json\/wp\/v2\/product_cat?post=22910"},{"taxonomy":"product_tag","embeddable":true,"href":"https:\/\/topholds.com\/it\/wp-json\/wp\/v2\/product_tag?post=22910"}],"curies":[{"name":"wp","href":"https:\/\/api.w.org\/{rel}","templated":true}]}}