{"id":17576,"date":"2024-08-22T14:58:40","date_gmt":"2024-08-22T14:58:40","guid":{"rendered":"https:\/\/topholds.com\/?page_id=17576"},"modified":"2024-08-22T15:07:08","modified_gmt":"2024-08-22T15:07:08","slug":"juridiskt-meddelande","status":"publish","type":"page","link":"https:\/\/topholds.com\/sv\/juridiskt-meddelande\/","title":{"rendered":"Juridiskt Meddelande"},"content":{"rendered":"\t\t<div data-elementor-type=\"wp-page\" data-elementor-id=\"17576\" class=\"elementor elementor-17576 elementor-12193\">\n\t\t\t\t\t\t<section class=\"elementor-section elementor-top-section elementor-element elementor-element-d15bbd3 elementor-section-boxed elementor-section-height-default elementor-section-height-default\" data-id=\"d15bbd3\" data-element_type=\"section\" data-e-type=\"section\">\n\t\t\t\t\t\t<div class=\"elementor-container elementor-column-gap-default\">\n\t\t\t\t\t<div class=\"elementor-column elementor-col-100 elementor-top-column elementor-element elementor-element-9a94284\" data-id=\"9a94284\" data-element_type=\"column\" data-e-type=\"column\">\n\t\t\t<div class=\"elementor-widget-wrap elementor-element-populated\">\n\t\t\t\t\t\t<div class=\"elementor-element elementor-element-ec4f524 elementor-widget elementor-widget-text-editor\" data-id=\"ec4f524\" data-element_type=\"widget\" data-e-type=\"widget\" data-widget_type=\"text-editor.default\">\n\t\t\t\t<div class=\"elementor-widget-container\">\n\t\t\t\t\t\t\t\t\t<p><b>JURIDISKT MEDDELANDE<\/b><\/p>\n<p><b>Allm\u00e4n information och identifiering av webbplatsens innehavare<\/b><b>&nbsp;<\/b><\/p>\n<p><b>Identitet<\/b><span style=\"font-weight: 400;\">: <\/span><b>TECNICOS DE DISE\u00d1OS Y ESPACIOS, S.L.U. <\/b><b>&nbsp;<\/b><\/p>\n<p><b>Org.nr<\/b><span style=\"font-weight: 400;\">: B49238389<\/span><span style=\"font-weight: 400;\">&nbsp;<\/span><\/p>\n<p><b>Postadress<\/b><span style=\"font-weight: 400;\">: C\/ CHURRUCA, N\u00ba 7, ESC A, 2\u00ba DRCHA<\/span><span style=\"font-weight: 400;\">&nbsp;<\/span><\/p>\n<p><b>Dom\u00e4n<\/b><span style=\"font-weight: 400;\">: www.topholds.com <\/span><b>E-post<\/b><span style=\"font-weight: 400;\">: info@topholds.com<\/span><span style=\"font-weight: 400;\">&nbsp;<\/span><\/p>\n<p><span style=\"font-weight: 400;\">Webbplatsen www.topholds.com syftar till att ge kunder, potentiella kunder och alla som bes\u00f6ker den information om f\u00f6retagets verksamhet och tj\u00e4nster samt tillhandah\u00e5lla information som kan vara av intresse.<\/span><span style=\"font-weight: 400;\">&nbsp;<\/span><\/p>\n<p><b>Anv\u00e4ndarvillkor<\/b><b>&nbsp;<\/b><\/p>\n<p><span style=\"font-weight: 400;\">Med denna webbplats <\/span><b>TECNICOS DE DISE\u00d1OS Y ESPACIOS, S.L.U.<\/b><span style=\"font-weight: 400;\"> avser att erbjuda en anv\u00e4ndbar tj\u00e4nst, varf\u00f6r anv\u00e4ndarnas f\u00f6rslag \u00e4r v\u00e4lkomna. <\/span><span style=\"font-weight: 400;\">&nbsp;<\/span><span style=\"font-weight: 400;\">Om du inte h\u00e5ller med om n\u00e5gra av de villkor som anges i detta meddelande b\u00f6r du sluta anv\u00e4nda webbplatsen. Genom att f\u00e5 tillg\u00e5ng till den godk\u00e4nner du ovillkorligen dessa villkor. De f\u00f6ljande villkoren reglerar till\u00e5ten anv\u00e4ndning av webbplatsen www.topholds.com:<\/span><\/p>\n<ol>\n<li><b>\u00c5tkomst.<\/b><span style=\"font-weight: 400;\"> Anv\u00e4ndaren informeras och accepterar att \u00e5tkomst till denna webbplats <\/span><span style=\"font-weight: 400;\">p\u00e5 inget s\u00e4tt inneb\u00e4r b\u00f6rjan p\u00e5 en aff\u00e4rsrelation med <\/span><b>TECNICOS <\/b><b>DE DISE\u00d1OS Y ESPACIOS, S.L.U.<\/b><span style=\"font-weight: 400;\">.&nbsp;<\/span><\/li>\n<li><b>\u00c4ndringar p\u00e5 webbplatsen och avbrott eller fel vid \u00e5tkomst.<\/b><span style=\"font-weight: 400;\"> Webbplatsen www.topholds.com f\u00f6rbeh\u00e5ller sig r\u00e4tten att n\u00e4r som helst och utan f\u00f6reg\u00e5ende meddelande g\u00f6ra \u00e4ndringar och uppdateringar av informationen som den inneh\u00e5ller, dess konfiguration och presentation samt \u00e5tkomstvillkoren.<\/span><\/li>\n<li><b>Inneh\u00e5ll och l\u00e4nkade sidor.<\/b><span style=\"font-weight: 400;\"> Informationen p\u00e5 denna webbplats \u00e4r endast av informativ karakt\u00e4r. <\/span><b>TECNICOS DE DISE\u00d1OS Y ESPACIOS,<\/b><b><\/b><b>S.L.U.<\/b><span style=\"font-weight: 400;\"> f\u00f6rbeh\u00e5ller sig r\u00e4tten att uppdatera, \u00e4ndra eller ta bort informationen p\u00e5 sina webbsidor och kan \u00e4ven begr\u00e4nsa eller f\u00f6rhindra \u00e5tkomst till viss information f\u00f6r vissa anv\u00e4ndare. <\/span><b>TECNICOS DE DISE\u00d1OS Y ESPACIOS,<\/b><b>&nbsp;<\/b><b>S.L.U.<\/b><span style=\"font-weight: 400;\"> tar inget ansvar f\u00f6r information som finns p\u00e5 tredje parts webbplatser som kan n\u00e5s via &#8221;l\u00e4nkar&#8221; fr\u00e5n webbplatsen som tillh\u00f6r <\/span><b>TECNICOS DE DISE\u00d1OS Y ESPACIOS, S.L.U.<\/b><span style=\"font-weight: 400;\">. F\u00f6rekomsten av &#8221;l\u00e4nkar&#8221; p\u00e5 <\/span><b>TECNICOS DE DISE\u00d1OS Y ESPACIOS,<\/b><b>&nbsp;<\/b><b>S.L.U.<\/b><span style=\"font-weight: 400;\">s webbplats \u00e4r endast av informativt syfte och inneb\u00e4r under inga omst\u00e4ndigheter en rekommendation.<\/span><\/li>\n<li><b>Skydd av personuppgifter.<\/b><span style=\"font-weight: 400;\"> De personuppgifter som \u00e4r kopplade till denna webbplats f\u00f6ljer kraven i GDPR (EU) 2016\/679 samt den spanska lagen LOPDPGDD 3\/2018 och annan g\u00e4llande spansk lagstiftning p\u00e5 omr\u00e5det. S\u00e5ledes \u00e4r tillhandah\u00e5llandet av uppgifter fr\u00e5n de ber\u00f6rda helt frivilligt. F\u00f6r mer information om detta \u00e4mne kan du konsultera avsnittet &#8221;Sekretesspolicy&#8221; p\u00e5 v\u00e5r webbplats.<\/span><\/li>\n<li><b>Immateriella r\u00e4ttigheter.<\/b><span style=\"font-weight: 400;\"> Immateriella r\u00e4ttigheter f\u00f6r denna webbplats, dess grafiska design och koder tillh\u00f6r <\/span><b>TECNICOS DE DISE\u00d1OS Y <\/b><b><\/b><b>ESPACIOS, S.L.U.<\/b><span style=\"font-weight: 400;\"> och d\u00e4rf\u00f6r \u00e4r det f\u00f6rbjudet att reproducera, distribuera, offentligt kommunicera, omvandla eller utf\u00f6ra n\u00e5gon annan aktivitet med inneh\u00e5llet p\u00e5 denna webbplats, \u00e4ven om k\u00e4llan anges, utan skriftligt tillst\u00e5nd fr\u00e5n <\/span><b>TECNICOS DE DISE\u00d1OS Y ESPACIOS, S.L.U.<\/b><span style=\"font-weight: 400;\">. Anv\u00e4ndare av webbplatsen som g\u00f6r kommentarer p\u00e5 bloggen \u00f6verl\u00e5ter kostnadsfritt sina immateriella r\u00e4ttigheter och omfattas av de villkor som anges i f\u00f6reg\u00e5ende avsnitt.<\/span><\/li>\n<li><b>Ansvar.<\/b> <b>TECNICOS DE DISE\u00d1OS Y ESPACIOS, S.L.U.<\/b><span style=\"font-weight: 400;\"> kommer under inga omst\u00e4ndigheter att h\u00e5llas ansvariga f\u00f6r skador av n\u00e5got slag som uppst\u00e5r, direkt eller indirekt, till f\u00f6ljd av att detta meddelande inte l\u00e4ses eller att de skyldigheter som anges i villkoren inte f\u00f6ljs. Dessutom, i enlighet med vad som anges i dessa villkor, <\/span><b>TECNICOS DE DISE\u00d1OS Y ESPACIOS, S.L.U.<\/b><span style=\"font-weight: 400;\"> utesluter allt ansvar f\u00f6r skador av n\u00e5got slag som, utanf\u00f6r dess faktiska kontroll, kan bero p\u00e5 \u00f6verf\u00f6ring, spridning, lagring, tillhandah\u00e5llande, mottagning, tillg\u00e5ng till webbplatsen eller dess inneh\u00e5ll.<\/span><\/li>\n<\/ol>\n<p><span style=\"font-weight: 400;\">7. <\/span><b>Till\u00e4mplig lag.<\/b><span style=\"font-weight: 400;\"> I allm\u00e4nhet \u00e4r relationerna mellan <\/span><b>TECNICOS DE <\/b><b>&nbsp;<\/b><b>DISE\u00d1OS Y ESPACIOS, S.L.U.<\/b><span style=\"font-weight: 400;\"> och anv\u00e4ndare av dess telematiska tj\u00e4nster, som \u00e4r n\u00e4rvarande p\u00e5 denna webbplats, underkastade spansk lagstiftning och jurisdiktion.<\/span><\/p>\t\t\t\t\t\t\t\t<\/div>\n\t\t\t\t<\/div>\n\t\t\t\t\t<\/div>\n\t\t<\/div>\n\t\t\t\t\t<\/div>\n\t\t<\/section>\n\t\t\t\t<\/div>\n\t\t","protected":false},"excerpt":{"rendered":"<p>JURIDISKT MEDDELANDE Allm\u00e4n information och identifiering av webbplatsens innehavare&nbsp; Identitet: TECNICOS DE DISE\u00d1OS Y ESPACIOS, S.L.U. &nbsp; Org.nr: B49238389&nbsp; Postadress:&#8230;<\/p>\n","protected":false},"author":2,"featured_media":0,"parent":0,"menu_order":0,"comment_status":"closed","ping_status":"closed","template":"","meta":{"footnotes":""},"class_list":["post-17576","page","type-page","status-publish","hentry"],"_links":{"self":[{"href":"https:\/\/topholds.com\/sv\/wp-json\/wp\/v2\/pages\/17576","targetHints":{"allow":["GET"]}}],"collection":[{"href":"https:\/\/topholds.com\/sv\/wp-json\/wp\/v2\/pages"}],"about":[{"href":"https:\/\/topholds.com\/sv\/wp-json\/wp\/v2\/types\/page"}],"author":[{"embeddable":true,"href":"https:\/\/topholds.com\/sv\/wp-json\/wp\/v2\/users\/2"}],"replies":[{"embeddable":true,"href":"https:\/\/topholds.com\/sv\/wp-json\/wp\/v2\/comments?post=17576"}],"version-history":[{"count":10,"href":"https:\/\/topholds.com\/sv\/wp-json\/wp\/v2\/pages\/17576\/revisions"}],"predecessor-version":[{"id":17587,"href":"https:\/\/topholds.com\/sv\/wp-json\/wp\/v2\/pages\/17576\/revisions\/17587"}],"wp:attachment":[{"href":"https:\/\/topholds.com\/sv\/wp-json\/wp\/v2\/media?parent=17576"}],"curies":[{"name":"wp","href":"https:\/\/api.w.org\/{rel}","templated":true}]}}