{"id":17698,"date":"2024-08-22T19:14:13","date_gmt":"2024-08-22T19:14:13","guid":{"rendered":"https:\/\/topholds.com\/?page_id=17698"},"modified":"2024-08-22T19:15:07","modified_gmt":"2024-08-22T19:15:07","slug":"cookies","status":"publish","type":"page","link":"https:\/\/topholds.com\/sv\/cookies\/","title":{"rendered":"Cookies"},"content":{"rendered":"\t\t<div data-elementor-type=\"wp-page\" data-elementor-id=\"17698\" class=\"elementor elementor-17698 elementor-12188\">\n\t\t\t\t\t\t<section class=\"elementor-section elementor-top-section elementor-element elementor-element-f911ea5 elementor-section-boxed elementor-section-height-default elementor-section-height-default\" data-id=\"f911ea5\" data-element_type=\"section\" data-e-type=\"section\">\n\t\t\t\t\t\t<div class=\"elementor-container elementor-column-gap-default\">\n\t\t\t\t\t<div class=\"elementor-column elementor-col-100 elementor-top-column elementor-element elementor-element-bf299e4\" data-id=\"bf299e4\" data-element_type=\"column\" data-e-type=\"column\">\n\t\t\t<div class=\"elementor-widget-wrap elementor-element-populated\">\n\t\t\t\t\t\t<div class=\"elementor-element elementor-element-ff65c32 elementor-widget elementor-widget-text-editor\" data-id=\"ff65c32\" data-element_type=\"widget\" data-e-type=\"widget\" data-widget_type=\"text-editor.default\">\n\t\t\t\t<div class=\"elementor-widget-container\">\n\t\t\t\t\t\t\t\t\t<p><b>COOKIEPOLICY<\/b><b>&nbsp;<\/b><\/p>\n<p><span style=\"font-weight: 400;\">I enlighet med artikel 22.2 i lag 34\/2002 av den 11 juli om informationssamh\u00e4llets tj\u00e4nster och elektronisk handel informerar denna webbplats dig om <\/span><b>policyn f\u00f6r insamling och behandling av cookies<\/b><span style=\"font-weight: 400;\">.&nbsp;<\/span><\/p>\n<ol>\n<li><b> Introduktion&nbsp;<\/b><\/li>\n<\/ol>\n<p><span style=\"font-weight: 400;\">V\u00e5r webbplats, www.topholds.com (h\u00e4danefter: &#8221;webbplatsen&#8221;) anv\u00e4nder cookies och andra<\/span> <span style=\"font-weight: 400;\">relaterade teknologier (f\u00f6r enkelhetens skull kallas alla teknologier <\/span><span style=\"font-weight: 400;\">&nbsp;<\/span><span style=\"font-weight: 400;\">&#8221;cookies&#8221;). Cookies placeras ocks\u00e5 av tredje parter som vi <\/span><span style=\"font-weight: 400;\">&nbsp;har anlitat. Nedan informerar vi dig om deras anv\u00e4ndning p\u00e5 v\u00e5r webbplats.&nbsp;<\/span><\/p>\n<ol start=\"2\">\n<li><b> Vad \u00e4r cookies?&nbsp;<\/b><\/li>\n<\/ol>\n<p><span style=\"font-weight: 400;\">En cookie \u00e4r en liten enkel fil som skickas tillsammans med sidorna p\u00e5 denna <\/span><span style=\"font-weight: 400;\">&nbsp;<\/span><span style=\"font-weight: 400;\">webbplats och som din webbl\u00e4sare lagrar p\u00e5 h\u00e5rddisken i din dator eller annan <\/span><span style=\"font-weight: 400;\">&nbsp;<\/span><span style=\"font-weight: 400;\">enhet. Informationen som lagras kan skickas tillbaka till v\u00e5ra servrar eller <\/span><span style=\"font-weight: 400;\">&nbsp;till relevanta tredje parts servrar under ett senare bes\u00f6k.&nbsp;<\/span><\/p>\n<ol start=\"3\">\n<li><b> Vad \u00e4r scripts?&nbsp;<\/b><\/li>\n<\/ol>\n<p><span style=\"font-weight: 400;\">Ett script \u00e4r en del av programkoden som anv\u00e4nds f\u00f6r att f\u00e5 <\/span><span style=\"font-weight: 400;\">&nbsp;<\/span><span style=\"font-weight: 400;\">v\u00e5r webbplats att fungera korrekt och interaktivt. Denna kod k\u00f6rs <\/span><span style=\"font-weight: 400;\">&nbsp;p\u00e5 v\u00e5r server eller p\u00e5 din enhet.&nbsp;<\/span><\/p>\n<ol start=\"4\">\n<li><b> Vad \u00e4r en webbfyr?&nbsp;<\/b><\/li>\n<\/ol>\n<p><span style=\"font-weight: 400;\">En webbfyr (eller pixel-tag) \u00e4r en liten och osynlig bit text <\/span><span style=\"font-weight: 400;\">&nbsp;<\/span><span style=\"font-weight: 400;\">eller bild p\u00e5 en webbplats som anv\u00e4nds f\u00f6r att sp\u00e5ra trafiken p\u00e5 en webbplats. <\/span><span style=\"font-weight: 400;\">&nbsp;F\u00f6r detta \u00e4ndam\u00e5l lagras olika uppgifter om dig via webbfyrar.&nbsp;<\/span><\/p>\n<ol start=\"5\">\n<li><b> Cookies&nbsp;<\/b><\/li>\n<\/ol>\n<p><b>5.1 Tekniska eller funktionella cookies&nbsp;<\/b><\/p>\n<p><span style=\"font-weight: 400;\">Vissa cookies s\u00e4kerst\u00e4ller att vissa delar av webbplatsen fungerar korrekt och <\/span><span style=\"font-weight: 400;\">&nbsp;<\/span><span style=\"font-weight: 400;\">att dina anv\u00e4ndarinst\u00e4llningar forts\u00e4tter att komma ih\u00e5g. Genom att placera funktionella cookies, <\/span><span style=\"font-weight: 400;\">&nbsp;<\/span><span style=\"font-weight: 400;\">g\u00f6r vi det enklare f\u00f6r dig att bes\u00f6ka v\u00e5r webbplats. P\u00e5 s\u00e5 s\u00e4tt beh\u00f6ver du inte <\/span><span style=\"font-weight: 400;\">&nbsp;<\/span><span style=\"font-weight: 400;\">uppge samma information flera g\u00e5nger n\u00e4r du bes\u00f6ker v\u00e5r webbplats och till exempel <\/span><span style=\"font-weight: 400;\">&nbsp;<\/span><span style=\"font-weight: 400;\">f\u00f6rblir artiklar i din varukorg tills du har betalat. Vi kan <\/span><span style=\"font-weight: 400;\">&nbsp;placera dessa cookies utan ditt samtycke.&nbsp;<\/span><\/p>\n<p><b>5.2 Analytiska cookies&nbsp;<\/b><\/p>\n<p><span style=\"font-weight: 400;\">Vi anv\u00e4nder analytiska cookies f\u00f6r att optimera webbplatsens upplevelse f\u00f6r v\u00e5ra <\/span><span style=\"font-weight: 400;\">&nbsp;<\/span><span style=\"font-weight: 400;\">anv\u00e4ndare. Med dessa analytiska cookies f\u00e5r vi insikter om anv\u00e4ndningen av v\u00e5r <\/span><span style=\"font-weight: 400;\">&nbsp;webbplats. Vi ber om ditt tillst\u00e5nd f\u00f6r att placera analytiska cookies.&nbsp;<\/span><\/p>\n<p><b>5.3 Sociala medier-knappar<\/b><\/p>\n<p><span style=\"font-weight: 400;\">P\u00e5 v\u00e5r webbplats har vi inkluderat knappar f\u00f6r att marknadsf\u00f6ra sidor (t.ex. &#8221;gilla&#8221;, <\/span><span style=\"font-weight: 400;\">&nbsp;<\/span><span style=\"font-weight: 400;\">&#8221;pin&#8221;) eller dela dem (t.ex. &#8221;twittra&#8221;) p\u00e5 sociala n\u00e4tverk som Facebook. Dessa <\/span><span style=\"font-weight: 400;\">&nbsp;<\/span><span style=\"font-weight: 400;\">knappar fungerar med hj\u00e4lp av kod fr\u00e5n Facebook sj\u00e4lva. Denna kod placerar <\/span><span style=\"font-weight: 400;\">&nbsp;<\/span><span style=\"font-weight: 400;\">cookies. Dessa sociala medier-knappar kan lagra och behandla viss <\/span><span style=\"font-weight: 400;\">&nbsp;information, p\u00e5 s\u00e5 s\u00e4tt kan de visa personliga annonser.&nbsp;<\/span><\/p>\n<p><span style=\"font-weight: 400;\">L\u00e4s v\u00e4nligen sekretesspolicyn f\u00f6r dessa sociala n\u00e4tverk (som kan \u00e4ndras ofta) f\u00f6r att f\u00e5 veta vad de g\u00f6r med dina personuppgifter som de behandlar <\/span><span style=\"font-weight: 400;\">&nbsp;med hj\u00e4lp av dessa cookies. Uppgifterna de f\u00e5r \u00e4r anonymiserade s\u00e5 mycket som m\u00f6jligt.&nbsp;&nbsp;<\/span><\/p>\n<ol start=\"6\">\n<li><b> Anv\u00e4nda cookies&nbsp;<\/b><\/li>\n<\/ol>\n<p><span style=\"font-weight: 400;\">\u25aa <\/span><i><span style=\"font-weight: 400;\">Google Analytics&nbsp;<\/span><\/i><\/p>\n<p><span style=\"font-weight: 400;\">\u25aa <\/span><i><span style=\"font-weight: 400;\">WordFence&nbsp;<\/span><\/i><\/p>\n<p><span style=\"font-weight: 400;\">\u25aa <\/span><i><span style=\"font-weight: 400;\">Google Fonts&nbsp;<\/span><\/i><\/p>\n<p><span style=\"font-weight: 400;\">\u25aa <\/span><i><span style=\"font-weight: 400;\">Google Maps&nbsp;<\/span><\/i><\/p>\n<p><span style=\"font-weight: 400;\">\u25aa <\/span><i><span style=\"font-weight: 400;\">YouTube&nbsp;<\/span><\/i><\/p>\n<p><span style=\"font-weight: 400;\">\u25aa <\/span><i><span style=\"font-weight: 400;\">Facebook&nbsp;<\/span><\/i><\/p>\n<p><span style=\"font-weight: 400;\">\u25aa <\/span><i><span style=\"font-weight: 400;\">Flera (vanliga Instagram, LinkedIn, Twitter, etc.)<\/span><\/i><i><span style=\"font-weight: 400;\">&nbsp;<\/span><\/i><\/p>\n<ol start=\"7\">\n<li><b> Samtycke&nbsp;<\/b><\/li>\n<\/ol>\n<p><span style=\"font-weight: 400;\">N\u00e4r du bes\u00f6ker v\u00e5r webbplats f\u00f6r f\u00f6rsta g\u00e5ngen visar vi en popup-f\u00f6nster med en f\u00f6rklaring om cookies. S\u00e5 snart du klickar p\u00e5 <\/span><span style=\"font-weight: 400;\">&nbsp;<\/span><span style=\"font-weight: 400;\">&#8221;ACCEPTERA&#8221;, accepterar du att vi anv\u00e4nder de kategorier av cookies och plugins som du har <\/span><span style=\"font-weight: 400;\">&nbsp;<\/span><span style=\"font-weight: 400;\">valt i popup-f\u00f6nstret, enligt vad som beskrivs i denna cookiepolicy. Du kan inaktivera anv\u00e4ndningen av cookies via din webbl\u00e4sare, men t\u00e4nk p\u00e5 att v\u00e5r webbplats kanske inte fungerar korrekt.&nbsp;<\/span><\/p>\n<ol start=\"8\">\n<li><b> Aktivering, inaktivering och radering av cookies&nbsp;<\/b><\/li>\n<\/ol>\n<p><span style=\"font-weight: 400;\">Du kan anv\u00e4nda din webbl\u00e4sare f\u00f6r att automatiskt eller manuellt radera cookies. Du kan ocks\u00e5 specificera att vissa cookies inte f\u00e5r <\/span><span style=\"font-weight: 400;\">&nbsp;<\/span><span style=\"font-weight: 400;\">placeras. Ett annat alternativ \u00e4r att \u00e4ndra inst\u00e4llningarna i din webbl\u00e4sare f\u00f6r <\/span><span style=\"font-weight: 400;\">&nbsp;<\/span><span style=\"font-weight: 400;\">att f\u00e5 ett meddelande varje g\u00e5ng en cookie placeras. F\u00f6r mer <\/span><span style=\"font-weight: 400;\">&nbsp;information om dessa alternativ, se instruktionerna i &#8221;Hj\u00e4lp&#8221;-sektionen <\/span><span style=\"font-weight: 400;\">&nbsp;i din webbl\u00e4sare.<\/span><span style=\"font-weight: 400;\">&nbsp;<\/span><\/p>\n<p><span style=\"font-weight: 400;\">\u25aa <\/span><b>Microsoft Internet Explorer eller Microsoft Edge<\/b><span style=\"font-weight: 400;\">:&nbsp;<\/span><\/p>\n<p><i><span style=\"font-weight: 400;\">https:\/\/support.microsoft.com\/es-es\/help\/17442\/windows-internet-explorer-delete manage-cookies<\/span><\/i><i><span style=\"font-weight: 400;\">&nbsp;<\/span><\/i><\/p>\n<p><span style=\"font-weight: 400;\">\u25aa <\/span><b>Mozilla Firefox:&nbsp;<\/b><\/p>\n<p><i><span style=\"font-weight: 400;\">https:\/\/support.mozilla.org\/es\/kb\/impedir-que-los-sitios-web-guarden-sus-preferencia<\/span><\/i><\/p>\n<p><span style=\"font-weight: 400;\">\u25aa <\/span><b>Chrome:&nbsp;<\/b><\/p>\n<p><i><span style=\"font-weight: 400;\">https:\/\/support.google.com\/accounts\/answer\/61416?hl=es<\/span><\/i><i><span style=\"font-weight: 400;\">&nbsp;<\/span><\/i><\/p>\n<p><span style=\"font-weight: 400;\">\u25aa <\/span><b>Safari:&nbsp;<\/b><\/p>\n<p><i><span style=\"font-weight: 400;\">http:\/\/safari.helpmax.net\/es\/privacidad-y-seguridad\/como-gestionar-las-cookies\/<\/span><\/i><\/p>\n<p><span style=\"font-weight: 400;\">\u25aa <\/span><b>Opera:&nbsp;<\/b><\/p>\n<p><i><span style=\"font-weight: 400;\">http:\/\/help.opera.com\/Windows\/11.50\/es-ES\/cookies.html<\/span><\/i><\/p>\n<p><span style=\"font-weight: 400;\">Dessutom kan du hantera lagringen av cookies i din webbl\u00e4sare genom verktyg som f\u00f6ljande:&nbsp;<\/span><\/p>\n<p><span style=\"font-weight: 400;\">\u25aa <\/span><b>Ghostery:&nbsp;<\/b><\/p>\n<p><i><span style=\"font-weight: 400;\">https:\/\/www.ghostery.com<\/span><\/i><i><span style=\"font-weight: 400;\">&nbsp;<\/span><\/i><\/p>\n<p><span style=\"font-weight: 400;\">\u25aa <\/span><b>Your Online Choices:&nbsp;<\/b><\/p>\n<p><i><span style=\"font-weight: 400;\">http:\/\/www.youronlinechoices.com\/es\/<\/span><\/i><i><span style=\"font-weight: 400;\">&nbsp;<\/span><\/i><\/p>\n<p><span style=\"font-weight: 400;\">Observera att v\u00e5r webbplats kanske inte fungerar korrekt om alla <\/span><span style=\"font-weight: 400;\">&nbsp;<\/span><span style=\"font-weight: 400;\">cookies \u00e4r inaktiverade. Om du raderar cookies fr\u00e5n din webbl\u00e4sare, kommer de att <\/span><span style=\"font-weight: 400;\">&nbsp;placeras igen efter ditt samtycke n\u00e4r du \u00e5ter bes\u00f6ker v\u00e5r webbplats.&nbsp;<\/span><\/p>\n<ol start=\"9\">\n<li><b> Kontaktinformation<\/b><\/li>\n<\/ol>\n<p><span style=\"font-weight: 400;\">F\u00f6r fr\u00e5gor och\/eller kommentarer om v\u00e5r cookiepolicy och detta uttalande, <\/span><span style=\"font-weight: 400;\">&nbsp;v\u00e4nligen kontakta oss med hj\u00e4lp av f\u00f6ljande kontaktuppgifter:&nbsp;<\/span><\/p>\n<p><span style=\"font-weight: 400;\">TECNICOS DE DISE\u00d1OS Y ESPACIOS, S.L.U. CIF: B49238389<\/span> <span style=\"font-weight: 400;\">Adress: C\/ CHURRUCA, N\u00ba 7, ESC A, 2\u00ba DCHA<\/span><i><span style=\"font-weight: 400;\">, <\/span><\/i><span style=\"font-weight: 400;\">C.P. 49030, ZAMORA<\/span> <span style=\"font-weight: 400;\">Telefon: 654528678 E-post: info@topholds.com Webbplats: www.topholds.com<\/span><\/p>\n<p><b>WEBBPLATS KONTAKTFORMUL\u00c4RMODELL<\/b><b>&nbsp;<\/b><\/p>\n<p><span style=\"font-weight: 400;\">Webbplatsens \u00e4gare <\/span><b>TECNICOS DE DISE\u00d1OS Y ESPACIOS, S.L.U. <\/b><span style=\"font-weight: 400;\">kommer att behandla dina uppgifter f\u00f6r att hantera och svara p\u00e5 dina meddelanden som skickas via v\u00e5rt kontaktformul\u00e4r och e-post.&nbsp;<\/span><\/p>\n<p><span style=\"font-weight: 400;\">Genom att skicka dina uppgifter bekr\u00e4ftar du att du har l\u00e4st och accepterar v\u00e5r Sekretesspolicy&nbsp; <\/span><span style=\"font-weight: 400;\">(l\u00e4nk) <\/span><span style=\"font-weight: 400;\">och v\u00e5r Cookiepolicy <\/span><span style=\"font-weight: 400;\">(l\u00e4nk) <\/span><\/p>\t\t\t\t\t\t\t\t<\/div>\n\t\t\t\t<\/div>\n\t\t\t\t\t<\/div>\n\t\t<\/div>\n\t\t\t\t\t<\/div>\n\t\t<\/section>\n\t\t\t\t<\/div>\n\t\t","protected":false},"excerpt":{"rendered":"<p>COOKIEPOLICY&nbsp; I enlighet med artikel 22.2 i lag 34\/2002 av den 11 juli om informationssamh\u00e4llets tj\u00e4nster och elektronisk handel informerar&#8230;<\/p>\n","protected":false},"author":2,"featured_media":0,"parent":0,"menu_order":0,"comment_status":"closed","ping_status":"closed","template":"","meta":{"footnotes":""},"class_list":["post-17698","page","type-page","status-publish","hentry"],"_links":{"self":[{"href":"https:\/\/topholds.com\/sv\/wp-json\/wp\/v2\/pages\/17698","targetHints":{"allow":["GET"]}}],"collection":[{"href":"https:\/\/topholds.com\/sv\/wp-json\/wp\/v2\/pages"}],"about":[{"href":"https:\/\/topholds.com\/sv\/wp-json\/wp\/v2\/types\/page"}],"author":[{"embeddable":true,"href":"https:\/\/topholds.com\/sv\/wp-json\/wp\/v2\/users\/2"}],"replies":[{"embeddable":true,"href":"https:\/\/topholds.com\/sv\/wp-json\/wp\/v2\/comments?post=17698"}],"version-history":[{"count":10,"href":"https:\/\/topholds.com\/sv\/wp-json\/wp\/v2\/pages\/17698\/revisions"}],"predecessor-version":[{"id":17708,"href":"https:\/\/topholds.com\/sv\/wp-json\/wp\/v2\/pages\/17698\/revisions\/17708"}],"wp:attachment":[{"href":"https:\/\/topholds.com\/sv\/wp-json\/wp\/v2\/media?parent=17698"}],"curies":[{"name":"wp","href":"https:\/\/api.w.org\/{rel}","templated":true}]}}