{"id":17722,"date":"2024-08-22T19:45:27","date_gmt":"2024-08-22T19:45:27","guid":{"rendered":"https:\/\/topholds.com\/?page_id=17722"},"modified":"2024-08-22T19:45:31","modified_gmt":"2024-08-22T19:45:31","slug":"fraktkostnad","status":"publish","type":"page","link":"https:\/\/topholds.com\/sv\/fraktkostnad\/","title":{"rendered":"Fraktkostnad"},"content":{"rendered":"\n\n\n<p><b>Halv\u00f6n<\/b>\u00a0 :<\/p>\n<p>\u2013 3,99 \u20ac F\u00f6r l\u00e4ttviktiga artiklar<\/p>\n<p>\u2013\u00a0Fast avgift p\u00e5 7,95 \u20ac f\u00f6r best\u00e4llningar under 169 \u20ac<\/p>\n<p>\u2013 GRATIS f\u00f6r best\u00e4llningar p\u00e5 169 \u20ac eller mer<\/p>\n<p><b>Baleares:<\/b><\/p>\n<p>\u2013 Fast avgift p\u00e5 9,95 \u20ac f\u00f6r best\u00e4llningar under 189 \u20ac<\/p>\n<p>\u2013 GRATIS f\u00f6r best\u00e4llningar p\u00e5 189 \u20ac eller mer<\/p>\n<p><strong>Kanarie\u00f6arna, Ceuta och Melilla:<\/strong><\/p>\n<p>\u2013 Fast avgift p\u00e5 16,95 \u20ac<\/p>\n<p>*Produkter som skickas till dessa 3 regioner \u00e4r undantagna fr\u00e5n moms.<\/p>\n<p>I tullen kan det beg\u00e4ras betalning av de skatter som g\u00e4ller i varje region.<\/p>\n<p><strong><span style=\"color: #000000;\"><span style=\"color: #333333;\">Portugal, exklusive \u00f6arna:<\/span><\/span><\/strong><\/p>\n<p>\u2013\u00a0Fast avgift p\u00e5 7,95 \u20ac f\u00f6r best\u00e4llningar under 169 \u20ac<\/p>\n<p>\u2013 GRATIS f\u00f6r best\u00e4llningar p\u00e5 169 \u20ac eller mer<\/p>\n<p>**F\u00f6r Portugals \u00f6ar, v\u00e4nligen kontrollera avgiften i f\u00f6rv\u00e4g innan du g\u00f6r best\u00e4llningen.<\/p>\n<p><strong>EU-l\u00e4nder:<\/strong><\/p>\n<p>-Fast avgift p\u00e5 25,35 \u20ac<\/p>\n<p><strong>\u00d6vriga Europa:<\/strong><\/p>\n<p>-Fast avgift p\u00e5 49,35 \u20ac<\/p>\n<p><strong>\u00d6vriga l\u00e4nder:<\/strong><\/p>\n<p>F\u00f6r \u00f6vriga l\u00e4nder, v\u00e4nligen kontakta oss i f\u00f6rv\u00e4g innan du g\u00f6r best\u00e4llningen<\/p>\n","protected":false},"excerpt":{"rendered":"<p>Halv\u00f6n\u00a0 : \u2013 3,99 \u20ac F\u00f6r l\u00e4ttviktiga artiklar \u2013\u00a0Fast avgift p\u00e5 7,95 \u20ac f\u00f6r best\u00e4llningar under 169 \u20ac \u2013 GRATIS&#8230;<\/p>\n","protected":false},"author":2,"featured_media":0,"parent":0,"menu_order":0,"comment_status":"closed","ping_status":"closed","template":"","meta":{"footnotes":""},"class_list":["post-17722","page","type-page","status-publish","hentry"],"_links":{"self":[{"href":"https:\/\/topholds.com\/sv\/wp-json\/wp\/v2\/pages\/17722","targetHints":{"allow":["GET"]}}],"collection":[{"href":"https:\/\/topholds.com\/sv\/wp-json\/wp\/v2\/pages"}],"about":[{"href":"https:\/\/topholds.com\/sv\/wp-json\/wp\/v2\/types\/page"}],"author":[{"embeddable":true,"href":"https:\/\/topholds.com\/sv\/wp-json\/wp\/v2\/users\/2"}],"replies":[{"embeddable":true,"href":"https:\/\/topholds.com\/sv\/wp-json\/wp\/v2\/comments?post=17722"}],"version-history":[{"count":1,"href":"https:\/\/topholds.com\/sv\/wp-json\/wp\/v2\/pages\/17722\/revisions"}],"predecessor-version":[{"id":17723,"href":"https:\/\/topholds.com\/sv\/wp-json\/wp\/v2\/pages\/17722\/revisions\/17723"}],"wp:attachment":[{"href":"https:\/\/topholds.com\/sv\/wp-json\/wp\/v2\/media?parent=17722"}],"curies":[{"name":"wp","href":"https:\/\/api.w.org\/{rel}","templated":true}]}}