{"id":17732,"date":"2024-08-22T19:52:55","date_gmt":"2024-08-22T19:52:55","guid":{"rendered":"https:\/\/topholds.com\/bestallning-misslyckades\/"},"modified":"2024-08-22T19:52:55","modified_gmt":"2024-08-22T19:52:55","slug":"bestallning-misslyckades","status":"publish","type":"page","link":"https:\/\/topholds.com\/sv\/bestallning-misslyckades\/","title":{"rendered":"Best\u00e4llning Misslyckades"},"content":{"rendered":"<p>Din transaktion misslyckades, f\u00f6rs\u00f6k igen eller kontakta supporten.<\/p>","protected":false},"excerpt":{"rendered":"<p>Din transaktion misslyckades, f\u00f6rs\u00f6k igen eller kontakta supporten.<\/p>\n","protected":false},"author":2,"featured_media":0,"parent":0,"menu_order":0,"comment_status":"closed","ping_status":"closed","template":"","meta":{"footnotes":""},"class_list":["post-17732","page","type-page","status-publish","hentry"],"_links":{"self":[{"href":"https:\/\/topholds.com\/sv\/wp-json\/wp\/v2\/pages\/17732","targetHints":{"allow":["GET"]}}],"collection":[{"href":"https:\/\/topholds.com\/sv\/wp-json\/wp\/v2\/pages"}],"about":[{"href":"https:\/\/topholds.com\/sv\/wp-json\/wp\/v2\/types\/page"}],"author":[{"embeddable":true,"href":"https:\/\/topholds.com\/sv\/wp-json\/wp\/v2\/users\/2"}],"replies":[{"embeddable":true,"href":"https:\/\/topholds.com\/sv\/wp-json\/wp\/v2\/comments?post=17732"}],"version-history":[{"count":1,"href":"https:\/\/topholds.com\/sv\/wp-json\/wp\/v2\/pages\/17732\/revisions"}],"predecessor-version":[{"id":17733,"href":"https:\/\/topholds.com\/sv\/wp-json\/wp\/v2\/pages\/17732\/revisions\/17733"}],"wp:attachment":[{"href":"https:\/\/topholds.com\/sv\/wp-json\/wp\/v2\/media?parent=17732"}],"curies":[{"name":"wp","href":"https:\/\/api.w.org\/{rel}","templated":true}]}}