{"id":17745,"date":"2024-08-22T23:03:47","date_gmt":"2024-08-22T23:03:47","guid":{"rendered":"https:\/\/topholds.com\/?page_id=17745"},"modified":"2024-08-22T23:03:49","modified_gmt":"2024-08-22T23:03:49","slug":"integritetspolicy","status":"publish","type":"page","link":"https:\/\/topholds.com\/sv\/integritetspolicy\/","title":{"rendered":"Integritetspolicy"},"content":{"rendered":"\n<p><b>INTEGRITETSPOLICY<\/b><\/p>\n<p><b>Personuppgiftsansvarig<\/b><b>\u00a0<\/b><\/p>\n<p><b>Identitet<\/b>: <b>TECNICOS DE DISE\u00d1OS Y ESPACIOS, S.L.U.<\/b><b>\u00a0<\/b><\/p>\n<p><b>CIF<\/b>: B49238389\u00a0<\/p>\n<p><b>Postadress<\/b>: C\/ CHURRUCA, N\u00ba 7, ESC A, 2\u00ba DRCHA<i>, <\/i>C.P. 49030, ZAMORA \u00a0(ZAMORA)\u00a0<\/p>\n<p><b>Telefon<\/b>: 654528678 <b>E-mail<\/b>: info@topholds.com\u00a0<\/p>\n<p><b>Verksamhet: <\/b>SPORTARTIKLAR\u00a0<\/p>\n<p><b>Syftet med databehandlingen och lagring<\/b><b>\u00a0<\/b><\/p>\n<p>\u25aa Vi behandlar den information som du ger oss f\u00f6r att hantera de kontakter som riktas till oss f\u00f6r alla typer av f\u00f6rfr\u00e5gningar samt f\u00f6r att tillhandah\u00e5lla v\u00e5ra tj\u00e4nster. Dina uppgifter samlas in enbart f\u00f6r dessa \u00e4ndam\u00e5l och kommer inte att behandlas ytterligare p\u00e5 ett s\u00e4tt som \u00e4r of\u00f6renligt med dem. Vi kommer att skicka information om v\u00e5ra aktiviteter och tj\u00e4nster som kan vara av intresse f\u00f6r dig. Det kommer inte att fattas n\u00e5gra automatiserade beslut baserade p\u00e5 din profil.\u00a0<\/p>\n<p>\u25aa Du kan n\u00e4r som helst \u00e5terkalla ditt samtycke.\u00a0<\/p>\n<p>\u25aa De uppgifter du ger oss kommer att bevaras under tiden f\u00f6r utvecklingen av det kommersiella och\/eller avtalsm\u00e4ssiga f\u00f6rh\u00e5llandet eller, om det inte finns n\u00e5got, s\u00e5 l\u00e4nge du inte \u00e5terkallar ditt samtycke till denna behandling och, i alla fall under den tid som kr\u00e4vs f\u00f6r att uppfylla de lagliga skyldigheterna.\u00a0<\/p>\n<p><b>Laglig grund f\u00f6r databehandling<\/b><b>\u00a0<\/b><\/p>\n<p>\u25aa Den r\u00e4ttsliga grunden f\u00f6r behandlingen av dina uppgifter \u00e4r det samtycke som du ger oss och\/eller utf\u00f6randet av det avtal som syftar till att tillhandah\u00e5lla v\u00e5ra tj\u00e4nster.\u00a0<\/p>\n<p>\u25aa I detta avseende kan \u00e5terkallelsen av ditt samtycke inte p\u00e5verka denna utf\u00f6rande, s\u00e5 l\u00e4nge avtalet f\u00f6rblir giltigt, eftersom behandlingen av dina uppgifter \u00e4r n\u00f6dv\u00e4ndig f\u00f6r att uppfylla det.\u00a0<\/p>\n<p><b>Mottagare av dina uppgifter<\/b><b>\u00a0<\/b><\/p>\n<p>\u25aa Det \u00e4r inte planerat att \u00f6verf\u00f6ra personuppgifter till tredje part, f\u00f6rutom om det finns en laglig skyldighet eller n\u00e4r det \u00e4r n\u00f6dv\u00e4ndigt f\u00f6r att tillhandah\u00e5lla v\u00e5ra tj\u00e4nster och, i alla fall, i enlighet med s\u00e4kerhets\u00e5tg\u00e4rderna i den g\u00e4llande lagstiftningen. Det \u00e4r inte planerat att genomf\u00f6ra internationella data\u00f6verf\u00f6ringar.<\/p>\n<p><b>Vilka \u00e4r dina r\u00e4ttigheter?<\/b><b>\u00a0<\/b><\/p>\n<p>\u25aa Som \u00e4gare av de uppgifter som behandlas av <b>TECNICOS DE DISE\u00d1OS Y <\/b><b>\u00a0<\/b><b>ESPACIOS, S.L.U. <\/b>har du r\u00e4tt att n\u00e4r som helst f\u00e5 tillg\u00e5ng till dina uppgifter, r\u00e4tta dem, mots\u00e4tta dig deras behandling eller radera dem. Dessutom, om du vill, kan du beg\u00e4ra \u00f6verf\u00f6ring av dina uppgifter och begr\u00e4nsning av deras behandling, i vilket fall vi endast kommer att beh\u00e5lla dem f\u00f6r att ut\u00f6va eller f\u00f6rsvara eventuella anspr\u00e5k. Du kan ocks\u00e5 n\u00e4r som helst \u00e5terkalla det samtycke som har getts.\u00a0<\/p>\n<p>\u25aa Som en f\u00f6ljd av till\u00e4mpningen av r\u00e4tten till radering eller inv\u00e4ndning mot behandlingen av personuppgifter online, har de ber\u00f6rda personerna r\u00e4tt att bli bortgl\u00f6mda enligt EU-domstolens r\u00e4ttspraxis.\u00a0<\/p>\n<p>\u25aa De ber\u00f6rda personerna kan mots\u00e4tta sig behandlingen av deras uppgifter f\u00f6r marknadsf\u00f6rings\u00e4ndam\u00e5l, inklusive profilering.\u00a0<\/p>\n<p>\u25aa F\u00f6r att ut\u00f6va dessa r\u00e4ttigheter kan du kontakta oss genom att skicka ett skriftligt meddelande, tillsammans med ett giltigt bevis p\u00e5 din identitet, till exempel en kopia av ditt ID-kort eller ett motsvarande dokument, till adressen: C\/ CHURRUCA, N\u00ba 7, ESC A, 2\u00ba DRCHA<i>, <\/i>C.P. 49030, ZAMORA (ZAMORA), eller via e-post till info@topholds.com, med bifogat skannat ID eller annat medel f\u00f6r att bevisa din identitet, och ange \u00e4mnet &#8221;DATASKYDD&#8221;. Via denna kanal kan du ocks\u00e5 beg\u00e4ra l\u00e4mpliga formul\u00e4r eller ans\u00f6kningsmodeller.\u00a0\u00a0<\/p>\n<p>\u25aa Du har r\u00e4tt att l\u00e4mna in eventuella klagom\u00e5l du anser l\u00e4mpliga till den Spanska Dataskyddsmyndigheten (AEPD) via deras elektroniska s\u00e4te www.aepd.es\u00a0<\/p>\n<p><b>Skicka in och registrera personuppgifter<\/b><b>\u00a0<\/b><\/p>\n<p>\u25aa Skickandet av personuppgifter \u00e4r obligatoriskt f\u00f6r att kontakta och ta emot information om de produkter och tj\u00e4nster som <b>TECNICOS DE DISE\u00d1OS Y <\/b><b>\u00a0ESPACIOS, S.L.U. <\/b>erbjuder via sina olika varum\u00e4rken.\u00a0<\/p>\n<p>\u25aa Att inte tillhandah\u00e5lla de beg\u00e4rda personuppgifterna eller inte acceptera denna Dataskyddspolicy inneb\u00e4r att det \u00e4r om\u00f6jligt att prenumerera, registrera sig eller ta emot information om produkterna och tj\u00e4nsterna fr\u00e5n <b>TECNICOS DE DISE\u00d1OS Y <\/b><b>\u00a0ESPACIOS, S.L.U.<\/b>.\u00a0<\/p>\n<p><b>Korrekthet och sanningsenlighet av tillhandah\u00e5llna uppgifter<\/b><b>\u00a0<\/b><\/p>\n<p>\u25aa Anv\u00e4ndaren som skickar informationen till <b>TECNICOS DE DISE\u00d1OS Y ESPACIOS, <\/b><b>\u00a0<\/b><b>S.L.U. <\/b>\u00e4r den enda ansvariga f\u00f6r korrektheten och sanningsenligheten i sina uppgifter, vilket befriar denna enhet fr\u00e5n allt ansvar i detta avseende. Anv\u00e4ndarna garanterar och \u00e4r ansvariga f\u00f6r, i alla fall, korrektheten, giltigheten och \u00e4ktheten av de tillhandah\u00e5llna personuppgifterna, och \u00e5tar sig att h\u00e5lla dem ordentligt uppdaterade. Anv\u00e4ndaren accepterar att tillhandah\u00e5lla fullst\u00e4ndig och korrekt information i registrerings- eller prenumerationsformul\u00e4ret.<\/p>\n<p>\u25aa <b>TECNICOS DE DISE\u00d1OS Y ESPACIOS, S.L.U. <\/b>ansvarar inte f\u00f6r korrektheten i den information som inte \u00e4r egen produktion och f\u00f6r vilken en annan k\u00e4lla anges, och tar d\u00e4rf\u00f6r inget ansvar f\u00f6r eventuella skador som kan uppst\u00e5 genom anv\u00e4ndningen av s\u00e5dan information.\u00a0<\/p>\n<p><b>TECNICOS DE DISE\u00d1OS Y ESPACIOS, S.L.U. <\/b>friskriver sig fr\u00e5n ansvar f\u00f6r eventuella skador eller f\u00f6rluster som anv\u00e4ndaren kan lida som en f\u00f6ljd av fel, defekter eller utel\u00e4mnanden i den information som tillhandah\u00e5lls av <b>TECNICOS DE <\/b><b>\u00a0<\/b><b>DISE\u00d1OS Y ESPACIOS, S.L.U. <\/b>f\u00f6rutsatt att den kommer fr\u00e5n externa k\u00e4llor.<\/p>\n<p><b>\u00c5tg\u00e4rder f\u00f6r IT-s\u00e4kerhet<\/b><b>\u00a0<\/b><\/p>\n<p>\u25aa <b>TECNICOS DE DISE\u00d1OS Y ESPACIOS, S.L.U. <\/b>har antagit de lagligen f\u00f6reskrivna s\u00e4kerhetsniv\u00e5erna f\u00f6r skydd av personuppgifter. Vi har dock ocks\u00e5 ytterligare medel, s\u00e5som brandv\u00e4ggar av senaste generation, f\u00f6rutom tekniska \u00e5tg\u00e4rder som programvara f\u00f6r kryptering av konfidentiell information och kontroll av tillg\u00e5ng till personlig information, begr\u00e4nsade anv\u00e4ndare, s\u00e4kerhetspolicyer, anv\u00e4ndare och l\u00f6senord som l\u00f6per ut enligt dataskyddslagstiftningen och andra system som \u00e4r inriktade p\u00e5 att f\u00f6rhindra missbruk, \u00e4ndring, obeh\u00f6rig \u00e5tkomst och st\u00f6ld av de personuppgifter som l\u00e4mnas till v\u00e5rt f\u00f6retag.\u00a0<\/p>\n<p>\u25aa <b>TECNICOS DE DISE\u00d1OS Y ESPACIOS, S.L.U. <\/b>ansvarar inte f\u00f6r eventuella skador eller f\u00f6rluster som kan uppst\u00e5 fr\u00e5n st\u00f6rningar, utel\u00e4mnanden, avbrott, datavirus, telefonfel eller fr\u00e5nkopplingar i driften av detta elektroniska system, orsakade av faktorer utanf\u00f6r <b>TECNICOS DE DISE\u00d1OS Y ESPACIOS, S.L.U.<\/b> ansvarar inte heller f\u00f6r f\u00f6rseningar eller blockeringar vid anv\u00e4ndningen av detta elektroniska system som orsakas av brister eller \u00f6verbelastning av telefonlinjer eller \u00f6verbelastning i datacentralen (CPD), i Internetsystemet eller i andra elektroniska system, samt f\u00f6r skador som kan orsakas av tredje parter genom olagliga intr\u00e5ng utanf\u00f6r <b>TECNICOS DE DISE\u00d1OS Y ESPACIOS, S.L.U.<\/b> kontroll.<\/p>\n<p><b>Godk\u00e4nnande och samtycke<\/b><b>\u00a0<\/b><\/p>\n<p>Anv\u00e4ndaren f\u00f6rklarar att ha informerats om villkoren f\u00f6r skydd av personuppgifter, accepterar och samtycker till behandlingen av desamma av <b>TECNICOS DE DISE\u00d1OS Y ESPACIOS, S.L.U.<\/b> p\u00e5 det s\u00e4tt och f\u00f6r de \u00e4ndam\u00e5l som anges i denna integritetspolicy.<\/p>\n","protected":false},"excerpt":{"rendered":"<p>INTEGRITETSPOLICY Personuppgiftsansvarig\u00a0 Identitet: TECNICOS DE DISE\u00d1OS Y ESPACIOS, S.L.U.\u00a0 CIF: B49238389\u00a0 Postadress: C\/ CHURRUCA, N\u00ba 7, ESC A, 2\u00ba DRCHA,&#8230;<\/p>\n","protected":false},"author":2,"featured_media":0,"parent":0,"menu_order":0,"comment_status":"closed","ping_status":"closed","template":"","meta":{"footnotes":""},"class_list":["post-17745","page","type-page","status-publish","hentry"],"_links":{"self":[{"href":"https:\/\/topholds.com\/sv\/wp-json\/wp\/v2\/pages\/17745","targetHints":{"allow":["GET"]}}],"collection":[{"href":"https:\/\/topholds.com\/sv\/wp-json\/wp\/v2\/pages"}],"about":[{"href":"https:\/\/topholds.com\/sv\/wp-json\/wp\/v2\/types\/page"}],"author":[{"embeddable":true,"href":"https:\/\/topholds.com\/sv\/wp-json\/wp\/v2\/users\/2"}],"replies":[{"embeddable":true,"href":"https:\/\/topholds.com\/sv\/wp-json\/wp\/v2\/comments?post=17745"}],"version-history":[{"count":1,"href":"https:\/\/topholds.com\/sv\/wp-json\/wp\/v2\/pages\/17745\/revisions"}],"predecessor-version":[{"id":17746,"href":"https:\/\/topholds.com\/sv\/wp-json\/wp\/v2\/pages\/17745\/revisions\/17746"}],"wp:attachment":[{"href":"https:\/\/topholds.com\/sv\/wp-json\/wp\/v2\/media?parent=17745"}],"curies":[{"name":"wp","href":"https:\/\/api.w.org\/{rel}","templated":true}]}}