{"id":17792,"date":"2024-08-22T23:45:09","date_gmt":"2024-08-22T23:45:09","guid":{"rendered":"https:\/\/topholds.com\/?page_id=17792"},"modified":"2024-08-22T23:45:11","modified_gmt":"2024-08-22T23:45:11","slug":"om-oss","status":"publish","type":"page","link":"https:\/\/topholds.com\/sv\/om-oss\/","title":{"rendered":"Om Oss"},"content":{"rendered":"\n\n\n<h3 style=\"margin-top: 0px; margin-bottom: 14px; color: #3b4550; font-size: 18px; line-height: 18px; font-weight: bold;\">Vilka vi \u00e4r<\/h3>\n<p>Vi \u00e4r tillverkare specialiserade p\u00e5 OCR-hinder och kl\u00e4ttergrepp. Tusentals idrottare litar p\u00e5 v\u00e5ra grepp f\u00f6r att f\u00f6rbereda sig f\u00f6r sina t\u00e4vlingar. Tack vare v\u00e5rt engagemang i stadens kl\u00e4tterskola f\u00f6r barn, samt v\u00e5r l\u00e5nga erfarenhet, \u00e4r vi specialister p\u00e5 att utveckla kl\u00e4tteromr\u00e5den f\u00f6r utbildningssektorn i alla dess undervisningssteg. Vi anpassar oss till alla budgetar f\u00f6r att s\u00e4kerst\u00e4lla att alla kan njuta av de f\u00f6rdelar som kl\u00e4ttring ger. Varf\u00f6r g\u00f6r vi det vi g\u00f6r? Vi vill hj\u00e4lpa idrottare p\u00e5 alla niv\u00e5er att uppn\u00e5 b\u00e4sta m\u00f6jliga resultat och f\u00e5 ut det mesta av sin tr\u00e4ning. Vi anv\u00e4nder v\u00e5ra kunders know-how f\u00f6r att uppn\u00e5 de b\u00e4sta finisharna\/resultaten. Innan vi lanserar en produktserie testar vi dem med de b\u00e4sta idrottarna och de fr\u00e4msta centerna inom branschen. En annan viktig punkt att framh\u00e4va \u00e4r att v\u00e5ra produkter \u00e4r praktiskt taget of\u00f6rst\u00f6rbara och deras design \u00e4r noggrant utformad f\u00f6r att uppn\u00e5 b\u00e4sta resultat och undvika skador p\u00e5 v\u00e5ra kunder. Vi tillverkar alla v\u00e5ra grepp med senaste generationens polyuretan.<\/p>\n<p>Om du letar efter n\u00e5got speciellt och inte hittar det i <a href=\"\/sv\/\">butiken<\/a>, tveka inte att <a href=\"\/sv\/kontakt\/\">kontakta oss<\/a> s\u00e5 att vi kan hj\u00e4lpa dig.<\/p>\n","protected":false},"excerpt":{"rendered":"<p>Vilka vi \u00e4r Vi \u00e4r tillverkare specialiserade p\u00e5 OCR-hinder och kl\u00e4ttergrepp. Tusentals idrottare litar p\u00e5 v\u00e5ra grepp f\u00f6r att f\u00f6rbereda&#8230;<\/p>\n","protected":false},"author":2,"featured_media":0,"parent":0,"menu_order":0,"comment_status":"closed","ping_status":"closed","template":"","meta":{"footnotes":""},"class_list":["post-17792","page","type-page","status-publish","hentry"],"_links":{"self":[{"href":"https:\/\/topholds.com\/sv\/wp-json\/wp\/v2\/pages\/17792","targetHints":{"allow":["GET"]}}],"collection":[{"href":"https:\/\/topholds.com\/sv\/wp-json\/wp\/v2\/pages"}],"about":[{"href":"https:\/\/topholds.com\/sv\/wp-json\/wp\/v2\/types\/page"}],"author":[{"embeddable":true,"href":"https:\/\/topholds.com\/sv\/wp-json\/wp\/v2\/users\/2"}],"replies":[{"embeddable":true,"href":"https:\/\/topholds.com\/sv\/wp-json\/wp\/v2\/comments?post=17792"}],"version-history":[{"count":1,"href":"https:\/\/topholds.com\/sv\/wp-json\/wp\/v2\/pages\/17792\/revisions"}],"predecessor-version":[{"id":17793,"href":"https:\/\/topholds.com\/sv\/wp-json\/wp\/v2\/pages\/17792\/revisions\/17793"}],"wp:attachment":[{"href":"https:\/\/topholds.com\/sv\/wp-json\/wp\/v2\/media?parent=17792"}],"curies":[{"name":"wp","href":"https:\/\/api.w.org\/{rel}","templated":true}]}}