{"id":15721,"date":"2023-07-20T09:39:07","date_gmt":"2023-07-20T09:39:07","guid":{"rendered":"https:\/\/topholds.com\/deal\/okategoriserad\/ocr-dragon-suspension\/"},"modified":"2024-08-26T05:12:38","modified_gmt":"2024-08-26T05:12:38","slug":"ocr-dragon-suspension","status":"publish","type":"product","link":"https:\/\/topholds.com\/sv\/erbjudande\/hinderbana\/traning\/upphangningar\/ocr-dragon-suspension\/","title":{"rendered":"OCR Dragon Suspension"},"content":{"rendered":"<p style=\"text-align: left;\">OCR Dragon Suspension \u00e4r designad f\u00f6r suspensioner\/dragningar och kan ocks\u00e5 anv\u00e4ndas i mark\u00f6vningar f\u00f6r att h\u00e5lla ballast med h\u00e4nderna i en kl\u00e4mpostion.<\/p>\n<p>Den \u00f6vre delen h\u00e5lls med h\u00e4nderna i form av en slev, men vi kan ocks\u00e5 arbeta p\u00e5 handstyrka och uth\u00e5llighet genom att g\u00f6ra suspensioner under en best\u00e4md tid och kl\u00e4mma fast stycket vid de platta sidorna.<\/p>\n<p>Vi kan ocks\u00e5 anv\u00e4nda Dragon f\u00f6r att utf\u00f6ra serier genom att h\u00e5lla laster med olika vikter (vi skulle f\u00e4sta repet till ballasten f\u00f6r att arbeta p\u00e5 marken). Dessa \u00f6vningar anv\u00e4nds flitigt av kl\u00e4ttrare f\u00f6r att gradvis \u00f6ka kl\u00e4mkraften tills maximala resultat uppn\u00e5s.<\/p>\n<ul>\n<li>Designad f\u00f6r suspensioner och dragningar, den kan ocks\u00e5 anv\u00e4ndas i mark\u00f6vningar f\u00f6r att h\u00e5lla ballast med h\u00e4nderna i en kl\u00e4mpostion.<\/li>\n<li>Ger ett optimalt grepp med sin mjuka men mycket klibbiga textur.<\/li>\n<li>Det \u00e4r praktiskt och anpassningsbart till vilken tr\u00e4ningsmilj\u00f6 som helst, h\u00e4ngande eller arbetande p\u00e5 marken med vikter i \u00e4ndarna av repet.<\/li>\n<li>Observera att f\u00e4rgerna kan variera fr\u00e5n den visade bilden, s\u00e5 om du \u00f6nskar en speciell f\u00e4rg, tveka inte att kontakta oss.<\/li>\n<\/ul>\n","protected":false},"excerpt":{"rendered":"<ul>\n<li>Designad f\u00f6r suspensioner och dragningar, den kan ocks\u00e5 anv\u00e4ndas i mark\u00f6vningar f\u00f6r att h\u00e5lla ballast med h\u00e4nderna i en kl\u00e4mpostion.<\/li>\n<li>Ger ett optimalt grepp med sin mjuka men mycket klibbiga textur.<\/li>\n<li>Det \u00e4r praktiskt och anpassningsbart till vilken tr\u00e4ningsmilj\u00f6 som helst.<\/li>\n<li>Detta stycke \u00e4r liknande Stic, men med st\u00f6rre diameter och bredd.<\/li>\n<li>Idealisk f\u00f6r OCR, kl\u00e4ttring, calisthenics och Crossfit.<\/li>\n<\/ul>\n","protected":false},"featured_media":15722,"comment_status":"open","ping_status":"closed","template":"","meta":[],"product_brand":[],"product_cat":[416,515,517],"product_tag":[],"class_list":{"0":"post-15721","1":"product","2":"type-product","3":"status-publish","4":"has-post-thumbnail","6":"product_cat-hinderbana","7":"product_cat-traning","8":"product_cat-upphangningar","10":"first","11":"instock","12":"taxable","13":"shipping-taxable","14":"purchasable","15":"product-type-simple"},"_links":{"self":[{"href":"https:\/\/topholds.com\/sv\/wp-json\/wp\/v2\/product\/15721","targetHints":{"allow":["GET"]}}],"collection":[{"href":"https:\/\/topholds.com\/sv\/wp-json\/wp\/v2\/product"}],"about":[{"href":"https:\/\/topholds.com\/sv\/wp-json\/wp\/v2\/types\/product"}],"replies":[{"embeddable":true,"href":"https:\/\/topholds.com\/sv\/wp-json\/wp\/v2\/comments?post=15721"}],"wp:featuredmedia":[{"embeddable":true,"href":"https:\/\/topholds.com\/sv\/wp-json\/wp\/v2\/media\/15722"}],"wp:attachment":[{"href":"https:\/\/topholds.com\/sv\/wp-json\/wp\/v2\/media?parent=15721"}],"wp:term":[{"taxonomy":"product_brand","embeddable":true,"href":"https:\/\/topholds.com\/sv\/wp-json\/wp\/v2\/product_brand?post=15721"},{"taxonomy":"product_cat","embeddable":true,"href":"https:\/\/topholds.com\/sv\/wp-json\/wp\/v2\/product_cat?post=15721"},{"taxonomy":"product_tag","embeddable":true,"href":"https:\/\/topholds.com\/sv\/wp-json\/wp\/v2\/product_tag?post=15721"}],"curies":[{"name":"wp","href":"https:\/\/api.w.org\/{rel}","templated":true}]}}