{"id":16240,"date":"2016-02-29T19:38:16","date_gmt":"2016-02-29T19:38:16","guid":{"rendered":"http:\/\/topholds.com\/grooves\/"},"modified":"2024-08-26T02:17:27","modified_gmt":"2024-08-26T02:17:27","slug":"grooves","status":"publish","type":"product","link":"https:\/\/topholds.com\/sv\/erbjudande\/klattringrepp\/grooves\/","title":{"rendered":"Kl\u00e4ttergrepp Paket Grooves"},"content":{"rendered":"<p><strong>Grooves \u00e4r ett paket med 4 kl\u00e4ttergrepp<\/strong> med en realistisk sandstensstruktur, designade f\u00f6r att ge dig en optimal och s\u00e4ker greppupplevelse under dina kl\u00e4ttringsaktiviteter och tr\u00e4ningar i gymmet.<\/p>\n<p>Varje grepp fr\u00e5n Grooves <strong>har ett speciellt h\u00e5l f\u00f6r skruv som f\u00f6rhindrar rotation<\/strong>, vilket garanterar \u00f6kad stabilitet och f\u00f6rhindrar o\u00f6nskade r\u00f6relser under anv\u00e4ndning, och ger dig den s\u00e4kerhet du beh\u00f6ver f\u00f6r att ta dig an mer komplexa utmaningar.<\/p>\n<p>F\u00f6r att s\u00e4kerst\u00e4lla en korrekt och stabil installation av greppen rekommenderar vi att du <strong>anv\u00e4nder skruvar M10x40<\/strong>, men du kan ocks\u00e5 v\u00e4lja att anv\u00e4nda <strong>skruvar M8x40<\/strong> om du f\u00f6redrar det. T\u00e4nk p\u00e5 att skruvarna inte ing\u00e5r i paketet.<\/p>\n<p>Observera att f\u00e4rgerna p\u00e5 produkten kan variera fr\u00e5n bilden som visas. Om du \u00f6nskar en specifik f\u00e4rg, tveka inte att kontakta oss.<\/p>\n","protected":false},"excerpt":{"rendered":"<ul>\n<li>Grooves \u00e4r en upps\u00e4ttning av 4 kl\u00e4ttringsgrepp.<\/li>\n<li>Sandskulpturtextur.<\/li>\n<li>Alla med h\u00e5l f\u00f6r anti-rotation skruv.<\/li>\n<\/ul>\n<p>&nbsp;<\/p>\n","protected":false},"featured_media":18019,"comment_status":"open","ping_status":"closed","template":"","meta":[],"product_brand":[],"product_cat":[425],"product_tag":[],"class_list":{"0":"post-16240","1":"product","2":"type-product","3":"status-publish","4":"has-post-thumbnail","6":"product_cat-klattringrepp","8":"first","9":"instock","10":"taxable","11":"shipping-taxable","12":"purchasable","13":"product-type-simple"},"_links":{"self":[{"href":"https:\/\/topholds.com\/sv\/wp-json\/wp\/v2\/product\/16240","targetHints":{"allow":["GET"]}}],"collection":[{"href":"https:\/\/topholds.com\/sv\/wp-json\/wp\/v2\/product"}],"about":[{"href":"https:\/\/topholds.com\/sv\/wp-json\/wp\/v2\/types\/product"}],"replies":[{"embeddable":true,"href":"https:\/\/topholds.com\/sv\/wp-json\/wp\/v2\/comments?post=16240"}],"wp:featuredmedia":[{"embeddable":true,"href":"https:\/\/topholds.com\/sv\/wp-json\/wp\/v2\/media\/18019"}],"wp:attachment":[{"href":"https:\/\/topholds.com\/sv\/wp-json\/wp\/v2\/media?parent=16240"}],"wp:term":[{"taxonomy":"product_brand","embeddable":true,"href":"https:\/\/topholds.com\/sv\/wp-json\/wp\/v2\/product_brand?post=16240"},{"taxonomy":"product_cat","embeddable":true,"href":"https:\/\/topholds.com\/sv\/wp-json\/wp\/v2\/product_cat?post=16240"},{"taxonomy":"product_tag","embeddable":true,"href":"https:\/\/topholds.com\/sv\/wp-json\/wp\/v2\/product_tag?post=16240"}],"curies":[{"name":"wp","href":"https:\/\/api.w.org\/{rel}","templated":true}]}}