{"id":16255,"date":"2016-02-29T20:56:22","date_gmt":"2016-02-29T20:56:22","guid":{"rendered":"http:\/\/topholds.com\/syna\/"},"modified":"2024-08-26T02:19:18","modified_gmt":"2024-08-26T02:19:18","slug":"syna","status":"publish","type":"product","link":"https:\/\/topholds.com\/sv\/erbjudande\/klattringrepp\/syna\/","title":{"rendered":"Kl\u00e4ttergrepp Paket Syna"},"content":{"rendered":"<p><strong>Synia \u00e4r ett paket med 6 kl\u00e4ttringsgrepp<\/strong> som har en autentisk sandstensk\u00e4nsla, vilket emulerar f\u00f6rh\u00e5llandena p\u00e5 naturlig klippa f\u00f6r att ge dig en mer realistisk kl\u00e4ttringsupplevelse.<\/p>\n<p>Dessa m\u00e5ngsidiga grepp har en <strong>variationsrikedom av grepp som g\u00f6r att du kan uppleva olika utmaningar och kl\u00e4ttringstekniker<\/strong>, och de \u00e4r dessutom mycket bekv\u00e4ma f\u00f6r dina h\u00e4nder. Utan tvekan kommer Synia att bli en n\u00f6dv\u00e4ndig del av din kl\u00e4ttringsv\u00e4gg.<\/p>\n<p>F\u00f6r att s\u00e4kerst\u00e4lla en fast och s\u00e4ker installation rekommenderar vi att du <strong>anv\u00e4nder skruvar M10x40<\/strong>, \u00e4ven om du ocks\u00e5 kan anv\u00e4nda skruvar M8x40 om du f\u00f6redrar det. T\u00e4nk p\u00e5 att skruvarna inte ing\u00e5r i paketet.<\/p>\n<p>T\u00e4nk ocks\u00e5 p\u00e5 att produktens f\u00e4rger kan variera i f\u00f6rh\u00e5llande till bilden som visas. Om du \u00f6nskar en specifik f\u00e4rg, tveka inte att kontakta oss.<\/p>\n","protected":false},"excerpt":{"rendered":"<ul>\n<li>Syna \u00e4r en sats med 6 kl\u00e4ttergrepp.<\/li>\n<li>Sandstensstruktur.<\/li>\n<\/ul>\n","protected":false},"featured_media":5148,"comment_status":"open","ping_status":"closed","template":"","meta":[],"product_brand":[],"product_cat":[425],"product_tag":[],"class_list":{"0":"post-16255","1":"product","2":"type-product","3":"status-publish","4":"has-post-thumbnail","6":"product_cat-klattringrepp","8":"first","9":"instock","10":"taxable","11":"shipping-taxable","12":"purchasable","13":"product-type-simple"},"_links":{"self":[{"href":"https:\/\/topholds.com\/sv\/wp-json\/wp\/v2\/product\/16255","targetHints":{"allow":["GET"]}}],"collection":[{"href":"https:\/\/topholds.com\/sv\/wp-json\/wp\/v2\/product"}],"about":[{"href":"https:\/\/topholds.com\/sv\/wp-json\/wp\/v2\/types\/product"}],"replies":[{"embeddable":true,"href":"https:\/\/topholds.com\/sv\/wp-json\/wp\/v2\/comments?post=16255"}],"wp:featuredmedia":[{"embeddable":true,"href":"https:\/\/topholds.com\/sv\/wp-json\/wp\/v2\/media\/5148"}],"wp:attachment":[{"href":"https:\/\/topholds.com\/sv\/wp-json\/wp\/v2\/media?parent=16255"}],"wp:term":[{"taxonomy":"product_brand","embeddable":true,"href":"https:\/\/topholds.com\/sv\/wp-json\/wp\/v2\/product_brand?post=16255"},{"taxonomy":"product_cat","embeddable":true,"href":"https:\/\/topholds.com\/sv\/wp-json\/wp\/v2\/product_cat?post=16255"},{"taxonomy":"product_tag","embeddable":true,"href":"https:\/\/topholds.com\/sv\/wp-json\/wp\/v2\/product_tag?post=16255"}],"curies":[{"name":"wp","href":"https:\/\/api.w.org\/{rel}","templated":true}]}}