{"id":16260,"date":"2016-03-17T19:00:08","date_gmt":"2016-03-17T19:00:08","guid":{"rendered":"http:\/\/topholds.com\/argus\/"},"modified":"2026-03-29T10:47:59","modified_gmt":"2026-03-29T10:47:59","slug":"argus","status":"publish","type":"product","link":"https:\/\/topholds.com\/sv\/erbjudande\/klattringrepp\/argus\/","title":{"rendered":"Kl\u00e4ttergrepp Paket Argus"},"content":{"rendered":"<p><strong>Argus \u00e4r ett paket med 8 kl\u00e4ttergrepp<\/strong> med en exceptionell sandstensstruktur som efterliknar upplevelsen av att kl\u00e4ttra p\u00e5 naturlig berg. Dessa ergonomiska och bekv\u00e4ma grepp erbjuder en utm\u00e4rkt niv\u00e5 av grepp och komfort f\u00f6r dina h\u00e4nder.<\/p>\n<p>Vi framh\u00e4ver i detta set <strong>2 grepp designade s\u00e4rskilt f\u00f6r ett s\u00e4kert och stabilt grepp med b\u00e5da h\u00e4nderna<\/strong>, vilket ger st\u00f6rre m\u00e5ngsidighet och m\u00f6jligheter i dina kl\u00e4tterleder.<\/p>\n<p>F\u00f6r att s\u00e4kerst\u00e4lla en korrekt och s\u00e4ker installation rekommenderar vi anv\u00e4ndning av <strong>skruvar M10x40; det g\u00e5r dock \u00e4ven att anv\u00e4nda skruvar M8x40<\/strong> om s\u00e5 \u00f6nskas. V\u00e4nligen notera att skruvarna inte ing\u00e5r i paketet.<\/p>\n<p>T\u00e4nk p\u00e5 att produktens f\u00e4rger kan variera i f\u00f6rh\u00e5llande till bilden som visas. Om du \u00f6nskar en specifik f\u00e4rg, tveka inte att kontakta oss.<\/p>\n","protected":false},"excerpt":{"rendered":"<ul>\n<li>Argus \u00e4r ett set med 8 kl\u00e4ttringsgrepp.<\/li>\n<li>Sandstensstruktur.<\/li>\n<li>Mycket bekv\u00e4ma grepp.<\/li>\n<li>2 av greppen f\u00f6r grepp med b\u00e5da h\u00e4nderna.<\/li>\n<\/ul>\n","protected":false},"featured_media":18109,"comment_status":"open","ping_status":"closed","template":"","meta":[],"product_brand":[],"product_cat":[425],"product_tag":[],"class_list":{"0":"post-16260","1":"product","2":"type-product","3":"status-publish","4":"has-post-thumbnail","6":"product_cat-klattringrepp","8":"first","9":"instock","10":"taxable","11":"shipping-taxable","12":"purchasable","13":"product-type-simple"},"_links":{"self":[{"href":"https:\/\/topholds.com\/sv\/wp-json\/wp\/v2\/product\/16260","targetHints":{"allow":["GET"]}}],"collection":[{"href":"https:\/\/topholds.com\/sv\/wp-json\/wp\/v2\/product"}],"about":[{"href":"https:\/\/topholds.com\/sv\/wp-json\/wp\/v2\/types\/product"}],"replies":[{"embeddable":true,"href":"https:\/\/topholds.com\/sv\/wp-json\/wp\/v2\/comments?post=16260"}],"wp:featuredmedia":[{"embeddable":true,"href":"https:\/\/topholds.com\/sv\/wp-json\/wp\/v2\/media\/18109"}],"wp:attachment":[{"href":"https:\/\/topholds.com\/sv\/wp-json\/wp\/v2\/media?parent=16260"}],"wp:term":[{"taxonomy":"product_brand","embeddable":true,"href":"https:\/\/topholds.com\/sv\/wp-json\/wp\/v2\/product_brand?post=16260"},{"taxonomy":"product_cat","embeddable":true,"href":"https:\/\/topholds.com\/sv\/wp-json\/wp\/v2\/product_cat?post=16260"},{"taxonomy":"product_tag","embeddable":true,"href":"https:\/\/topholds.com\/sv\/wp-json\/wp\/v2\/product_tag?post=16260"}],"curies":[{"name":"wp","href":"https:\/\/api.w.org\/{rel}","templated":true}]}}