{"id":16265,"date":"2016-03-17T19:35:08","date_gmt":"2016-03-17T19:35:08","guid":{"rendered":"http:\/\/topholds.com\/hiedra\/"},"modified":"2025-03-26T07:46:06","modified_gmt":"2025-03-26T07:46:06","slug":"hiedra","status":"publish","type":"product","link":"https:\/\/topholds.com\/sv\/erbjudande\/klattringrepp\/hiedra\/","title":{"rendered":"Kl\u00e4ttergrepp Paket Hiedra"},"content":{"rendered":"<p><strong>Hiedra \u00e4r ett paket med 4 kl\u00e4ttringsgrepp med en delikat mjuk sandstensstruktur<\/strong>, designat f\u00f6r att erbjuda en bekv\u00e4m och utmanande kl\u00e4ttringsupplevelse.<\/p>\n<p>Varje grepp i denna samling <strong>erbjuder varierade och h\u00f6gkvalitativa grepp<\/strong>, vilket g\u00f6r det m\u00f6jligt f\u00f6r kl\u00e4ttrare p\u00e5 alla niv\u00e5er att njuta av ett brett spann av r\u00f6relser och utmaningar p\u00e5 vilken lutning som helst.<\/p>\n<p>F\u00f6r att s\u00e4kerst\u00e4lla en optimal och h\u00e5llbar installation rekommenderas <strong>anv\u00e4ndning av skruvar M10x40<\/strong>; du kan dock \u00e4ven v\u00e4lja M8x40 om du f\u00f6redrar det. Dessutom har alla grepp ett h\u00e5l f\u00f6r skruv mot rotation, vilket ger \u00f6kad stabilitet och f\u00f6rhindrar rotation under anv\u00e4ndning.<\/p>\n<p>T\u00e4nk p\u00e5 att produktens f\u00e4rger kan variera j\u00e4mf\u00f6rt med den visade bilden. Om du \u00f6nskar en specifik f\u00e4rg, tveka inte att kontakta oss.<\/p>\n","protected":false},"excerpt":{"rendered":"<ul>\n<li>Hiedra \u00e4r ett set med 4 kl\u00e4ttergrepp.<\/li>\n<li>Mjukt sandstenstextur.<\/li>\n<li>Alla med h\u00e5l f\u00f6r skruv f\u00f6r att f\u00f6rhindra rotation.<\/li>\n<\/ul>\n","protected":false},"featured_media":4887,"comment_status":"open","ping_status":"closed","template":"","meta":[],"product_brand":[],"product_cat":[425],"product_tag":[],"class_list":{"0":"post-16265","1":"product","2":"type-product","3":"status-publish","4":"has-post-thumbnail","6":"product_cat-klattringrepp","8":"first","9":"instock","10":"taxable","11":"shipping-taxable","12":"purchasable","13":"product-type-simple"},"_links":{"self":[{"href":"https:\/\/topholds.com\/sv\/wp-json\/wp\/v2\/product\/16265","targetHints":{"allow":["GET"]}}],"collection":[{"href":"https:\/\/topholds.com\/sv\/wp-json\/wp\/v2\/product"}],"about":[{"href":"https:\/\/topholds.com\/sv\/wp-json\/wp\/v2\/types\/product"}],"replies":[{"embeddable":true,"href":"https:\/\/topholds.com\/sv\/wp-json\/wp\/v2\/comments?post=16265"}],"wp:featuredmedia":[{"embeddable":true,"href":"https:\/\/topholds.com\/sv\/wp-json\/wp\/v2\/media\/4887"}],"wp:attachment":[{"href":"https:\/\/topholds.com\/sv\/wp-json\/wp\/v2\/media?parent=16265"}],"wp:term":[{"taxonomy":"product_brand","embeddable":true,"href":"https:\/\/topholds.com\/sv\/wp-json\/wp\/v2\/product_brand?post=16265"},{"taxonomy":"product_cat","embeddable":true,"href":"https:\/\/topholds.com\/sv\/wp-json\/wp\/v2\/product_cat?post=16265"},{"taxonomy":"product_tag","embeddable":true,"href":"https:\/\/topholds.com\/sv\/wp-json\/wp\/v2\/product_tag?post=16265"}],"curies":[{"name":"wp","href":"https:\/\/api.w.org\/{rel}","templated":true}]}}