{"id":16270,"date":"2016-03-17T19:47:39","date_gmt":"2016-03-17T19:47:39","guid":{"rendered":"http:\/\/topholds.com\/circle\/"},"modified":"2026-03-06T11:50:36","modified_gmt":"2026-03-06T11:50:36","slug":"circle","status":"publish","type":"product","link":"https:\/\/topholds.com\/sv\/erbjudande\/klattringrepp\/circle\/","title":{"rendered":"Kl\u00e4ttergrepp Paket Circle"},"content":{"rendered":"<p><strong>Circle \u00e4r ett paket med 3 kl\u00e4ttringsgrepp med sandstensstruktur<\/strong>, utformade f\u00f6r att erbjuda h\u00f6gkvalitativa och varierade grepp som passar perfekt f\u00f6r alla lutningar och till och med tak.<\/p>\n<p>Detta attraktiva greppset erbjuder ett <strong>utm\u00e4rkt urval av grepp, fr\u00e5n kanter och pinser till platta grepp<\/strong>, vilket g\u00f6r det till ett idealiskt val f\u00f6r b\u00e5de nyb\u00f6rjarkl\u00e4ttrare och avancerade.<\/p>\n<p>F\u00f6r en s\u00e4ker och h\u00e5llbar installation rekommenderas det att <strong>anv\u00e4nda skruvar M10x40<\/strong>, men du kan \u00e4ven anv\u00e4nda M8x40 om du f\u00f6redrar det. Varje grepp har ett h\u00e5l f\u00f6r en skruv som f\u00f6rhindrar vridning, vilket garanterar \u00f6kad stabilitet och motst\u00e5ndskraft mot rotation under anv\u00e4ndning.<\/p>\n<p>T\u00e4nk p\u00e5 att produktens f\u00e4rger kan variera fr\u00e5n den visade bilden. Om du \u00f6nskar en specifik f\u00e4rg, tveka inte att kontakta oss.<\/p>\n","protected":false},"excerpt":{"rendered":"<ul>\n<li>Circle \u00e4r ett set med 3 kl\u00e4ttergrepp.<\/li>\n<li>Sandstensstruktur.<\/li>\n<li>Passar f\u00f6r alla typer av lutningar och tak.<\/li>\n<li>Alla med h\u00e5l f\u00f6r skruv mot vridning.<\/li>\n<\/ul>\n","protected":false},"featured_media":18134,"comment_status":"open","ping_status":"closed","template":"","meta":[],"product_brand":[],"product_cat":[425],"product_tag":[],"class_list":{"0":"post-16270","1":"product","2":"type-product","3":"status-publish","4":"has-post-thumbnail","6":"product_cat-klattringrepp","8":"first","9":"outofstock","10":"taxable","11":"shipping-taxable","12":"purchasable","13":"product-type-simple"},"_links":{"self":[{"href":"https:\/\/topholds.com\/sv\/wp-json\/wp\/v2\/product\/16270","targetHints":{"allow":["GET"]}}],"collection":[{"href":"https:\/\/topholds.com\/sv\/wp-json\/wp\/v2\/product"}],"about":[{"href":"https:\/\/topholds.com\/sv\/wp-json\/wp\/v2\/types\/product"}],"replies":[{"embeddable":true,"href":"https:\/\/topholds.com\/sv\/wp-json\/wp\/v2\/comments?post=16270"}],"wp:featuredmedia":[{"embeddable":true,"href":"https:\/\/topholds.com\/sv\/wp-json\/wp\/v2\/media\/18134"}],"wp:attachment":[{"href":"https:\/\/topholds.com\/sv\/wp-json\/wp\/v2\/media?parent=16270"}],"wp:term":[{"taxonomy":"product_brand","embeddable":true,"href":"https:\/\/topholds.com\/sv\/wp-json\/wp\/v2\/product_brand?post=16270"},{"taxonomy":"product_cat","embeddable":true,"href":"https:\/\/topholds.com\/sv\/wp-json\/wp\/v2\/product_cat?post=16270"},{"taxonomy":"product_tag","embeddable":true,"href":"https:\/\/topholds.com\/sv\/wp-json\/wp\/v2\/product_tag?post=16270"}],"curies":[{"name":"wp","href":"https:\/\/api.w.org\/{rel}","templated":true}]}}