{"id":16280,"date":"2016-03-17T20:00:18","date_gmt":"2016-03-17T20:00:18","guid":{"rendered":"http:\/\/topholds.com\/terra\/"},"modified":"2024-08-26T02:22:25","modified_gmt":"2024-08-26T02:22:25","slug":"terra","status":"publish","type":"product","link":"https:\/\/topholds.com\/sv\/erbjudande\/klattringrepp\/terra\/","title":{"rendered":"Kl\u00e4ttergrepp Paket Terra"},"content":{"rendered":"<p><strong>Terra \u00e4r ett paket med 14 kl\u00e4ttringsgrepp med en mjuk sandstensstruktur<\/strong> som ger ett bekv\u00e4mt och s\u00e4kert grepp under kl\u00e4ttringen.<\/p>\n<p>F\u00f6r att s\u00e4kerst\u00e4lla en korrekt installation p\u00e5 din kl\u00e4ttringsv\u00e4gg rekommenderas det att <strong>anv\u00e4nda skruvar M10x40<\/strong>, men du kan ocks\u00e5 v\u00e4lja M8x40 om du f\u00f6redrar det.<\/p>\n<p>T\u00e4nk p\u00e5 att produktens f\u00e4rger kan variera j\u00e4mf\u00f6rt med den visade bilden. Om du \u00f6nskar en specifik f\u00e4rg, tveka inte att kontakta oss.<\/p>\n","protected":false},"excerpt":{"rendered":"<ul>\n<li>Terra \u00e4r en upps\u00e4ttning av 14 kl\u00e4ttergrepp.<\/li>\n<li>Mycket mjuk sandstensstruktur.<\/li>\n<\/ul>\n","protected":false},"featured_media":18179,"comment_status":"open","ping_status":"closed","template":"","meta":[],"product_brand":[],"product_cat":[425],"product_tag":[],"class_list":{"0":"post-16280","1":"product","2":"type-product","3":"status-publish","4":"has-post-thumbnail","6":"product_cat-klattringrepp","8":"first","9":"instock","10":"taxable","11":"shipping-taxable","12":"purchasable","13":"product-type-simple"},"_links":{"self":[{"href":"https:\/\/topholds.com\/sv\/wp-json\/wp\/v2\/product\/16280","targetHints":{"allow":["GET"]}}],"collection":[{"href":"https:\/\/topholds.com\/sv\/wp-json\/wp\/v2\/product"}],"about":[{"href":"https:\/\/topholds.com\/sv\/wp-json\/wp\/v2\/types\/product"}],"replies":[{"embeddable":true,"href":"https:\/\/topholds.com\/sv\/wp-json\/wp\/v2\/comments?post=16280"}],"wp:featuredmedia":[{"embeddable":true,"href":"https:\/\/topholds.com\/sv\/wp-json\/wp\/v2\/media\/18179"}],"wp:attachment":[{"href":"https:\/\/topholds.com\/sv\/wp-json\/wp\/v2\/media?parent=16280"}],"wp:term":[{"taxonomy":"product_brand","embeddable":true,"href":"https:\/\/topholds.com\/sv\/wp-json\/wp\/v2\/product_brand?post=16280"},{"taxonomy":"product_cat","embeddable":true,"href":"https:\/\/topholds.com\/sv\/wp-json\/wp\/v2\/product_cat?post=16280"},{"taxonomy":"product_tag","embeddable":true,"href":"https:\/\/topholds.com\/sv\/wp-json\/wp\/v2\/product_tag?post=16280"}],"curies":[{"name":"wp","href":"https:\/\/api.w.org\/{rel}","templated":true}]}}