{"id":16290,"date":"2016-03-19T14:15:31","date_gmt":"2016-03-19T14:15:31","guid":{"rendered":"http:\/\/topholds.com\/spindelmutter-m8\/"},"modified":"2024-08-26T02:23:32","modified_gmt":"2024-08-26T02:23:32","slug":"spindelmutter-m8","status":"publish","type":"product","link":"https:\/\/topholds.com\/sv\/erbjudande\/fasten\/muttrar\/spindelmutter-m8\/","title":{"rendered":"Spindelmutter M8"},"content":{"rendered":"<p>H\u00f6gkvalitativ insatsmuttern med 4 vassa klor f\u00f6r att underl\u00e4tta fasts\u00e4ttning.<\/p>\n","protected":false},"excerpt":{"rendered":"<ul>\n<li>F\u00f6rzinkad insatsmutter med 4 spik f\u00f6r inborrning.<\/li>\n<\/ul>\n","protected":false},"featured_media":4417,"comment_status":"open","ping_status":"closed","template":"","meta":[],"product_brand":[],"product_cat":[424,488],"product_tag":[],"class_list":{"0":"post-16290","1":"product","2":"type-product","3":"status-publish","4":"has-post-thumbnail","6":"product_cat-fasten","7":"product_cat-muttrar","9":"first","10":"instock","11":"taxable","12":"shipping-taxable","13":"purchasable","14":"product-type-simple"},"_links":{"self":[{"href":"https:\/\/topholds.com\/sv\/wp-json\/wp\/v2\/product\/16290","targetHints":{"allow":["GET"]}}],"collection":[{"href":"https:\/\/topholds.com\/sv\/wp-json\/wp\/v2\/product"}],"about":[{"href":"https:\/\/topholds.com\/sv\/wp-json\/wp\/v2\/types\/product"}],"replies":[{"embeddable":true,"href":"https:\/\/topholds.com\/sv\/wp-json\/wp\/v2\/comments?post=16290"}],"wp:featuredmedia":[{"embeddable":true,"href":"https:\/\/topholds.com\/sv\/wp-json\/wp\/v2\/media\/4417"}],"wp:attachment":[{"href":"https:\/\/topholds.com\/sv\/wp-json\/wp\/v2\/media?parent=16290"}],"wp:term":[{"taxonomy":"product_brand","embeddable":true,"href":"https:\/\/topholds.com\/sv\/wp-json\/wp\/v2\/product_brand?post=16290"},{"taxonomy":"product_cat","embeddable":true,"href":"https:\/\/topholds.com\/sv\/wp-json\/wp\/v2\/product_cat?post=16290"},{"taxonomy":"product_tag","embeddable":true,"href":"https:\/\/topholds.com\/sv\/wp-json\/wp\/v2\/product_tag?post=16290"}],"curies":[{"name":"wp","href":"https:\/\/api.w.org\/{rel}","templated":true}]}}