{"id":16300,"date":"2016-03-19T15:43:43","date_gmt":"2016-03-19T15:43:43","guid":{"rendered":"http:\/\/topholds.com\/titan\/"},"modified":"2024-08-26T02:24:49","modified_gmt":"2024-08-26T02:24:49","slug":"titan","status":"publish","type":"product","link":"https:\/\/topholds.com\/sv\/erbjudande\/klattringrepp\/titan\/","title":{"rendered":"Kl\u00e4ttervolym Titan"},"content":{"rendered":"<p><strong>Tit\u00e1n \u00e4r ett kl\u00e4ttervolym av mjuk sandstensstruktur<\/strong> som ger utm\u00e4rkt grepp p\u00e5 sin yta.<\/p>\n<p>Dess m\u00e5ngsidiga dimensioner, med <strong>tv\u00e5 sidor som m\u00e4ter 29 cm vardera, den korta sidan p\u00e5 25 cm och en h\u00f6jd av 12 cm<\/strong>, g\u00f6r den anpassningsbar till ett brett spektrum av konfigurationer och f\u00e4rdighetsniv\u00e5er p\u00e5 din kl\u00e4tterv\u00e4gg.<\/p>\n<p>T\u00e4nk p\u00e5 att produktens f\u00e4rger kan variera i f\u00f6rh\u00e5llande till bilden som visas. Om du \u00f6nskar en specifik f\u00e4rg, tveka inte att kontakta oss.<\/p>\n","protected":false},"excerpt":{"rendered":"<ul>\n<li>Tit\u00e1n \u00e4r en kl\u00e4ttringsvolym.<\/li>\n<li>Mjukt sandstensutseende.<\/li>\n<li>Ytans grepp \u00e4r perfekt.<\/li>\n<\/ul>\n","protected":false},"featured_media":18229,"comment_status":"open","ping_status":"closed","template":"","meta":[],"product_brand":[],"product_cat":[425],"product_tag":[],"class_list":{"0":"post-16300","1":"product","2":"type-product","3":"status-publish","4":"has-post-thumbnail","6":"product_cat-klattringrepp","8":"first","9":"instock","10":"sale","11":"taxable","12":"shipping-taxable","13":"purchasable","14":"product-type-simple"},"_links":{"self":[{"href":"https:\/\/topholds.com\/sv\/wp-json\/wp\/v2\/product\/16300","targetHints":{"allow":["GET"]}}],"collection":[{"href":"https:\/\/topholds.com\/sv\/wp-json\/wp\/v2\/product"}],"about":[{"href":"https:\/\/topholds.com\/sv\/wp-json\/wp\/v2\/types\/product"}],"replies":[{"embeddable":true,"href":"https:\/\/topholds.com\/sv\/wp-json\/wp\/v2\/comments?post=16300"}],"wp:featuredmedia":[{"embeddable":true,"href":"https:\/\/topholds.com\/sv\/wp-json\/wp\/v2\/media\/18229"}],"wp:attachment":[{"href":"https:\/\/topholds.com\/sv\/wp-json\/wp\/v2\/media?parent=16300"}],"wp:term":[{"taxonomy":"product_brand","embeddable":true,"href":"https:\/\/topholds.com\/sv\/wp-json\/wp\/v2\/product_brand?post=16300"},{"taxonomy":"product_cat","embeddable":true,"href":"https:\/\/topholds.com\/sv\/wp-json\/wp\/v2\/product_cat?post=16300"},{"taxonomy":"product_tag","embeddable":true,"href":"https:\/\/topholds.com\/sv\/wp-json\/wp\/v2\/product_tag?post=16300"}],"curies":[{"name":"wp","href":"https:\/\/api.w.org\/{rel}","templated":true}]}}