{"id":16305,"date":"2016-03-19T16:05:33","date_gmt":"2016-03-19T16:05:33","guid":{"rendered":"http:\/\/topholds.com\/volumen-titan9\/"},"modified":"2024-08-26T02:25:33","modified_gmt":"2024-08-26T02:25:33","slug":"volumen-titan9","status":"publish","type":"product","link":"https:\/\/topholds.com\/sv\/erbjudande\/klattringrepp\/volumen-titan9\/","title":{"rendered":"Kl\u00e4ttervolym Titan 9"},"content":{"rendered":"<p><strong>Titan9 \u00e4r ett kl\u00e4ttringsvolym med en mjuk sandstensliknande yta<\/strong> som garanterar perfekt grepp p\u00e5 sin yta.<\/p>\n<p>Detta volym har <strong>3 f\u00e4sten designade f\u00f6r att montera extra grepp<\/strong>, vilket m\u00f6jligg\u00f6r m\u00e5nga konfigurationsalternativ och g\u00f6r den till en nyckelkomponent f\u00f6r att f\u00f6rb\u00e4ttra och diversifiera din kl\u00e4ttringsv\u00e4gg.<\/p>\n<p>Tv\u00e5 av dess sidor har en <strong>l\u00e4ngd av 29 cm vardera, den korta sidan m\u00e4ter 25 cm och h\u00f6jden \u00e4r 12 cm<\/strong>, vilket ger m\u00e5ngsidiga dimensioner f\u00f6r att anpassa sig till ett brett spektrum av konfigurationer och f\u00e4rdighetsniv\u00e5er.<\/p>\n<p>T\u00e4nk p\u00e5 att produktens f\u00e4rger kan variera fr\u00e5n bilden som visas. Om du \u00f6nskar en specifik f\u00e4rg, tveka inte att kontakta oss.<\/p>\n","protected":false},"excerpt":{"rendered":"<ul>\n<li>Titan 9 \u00e4r ett kl\u00e4ttringsvolym.<\/li>\n<li>Mjukt sandstenstextur.<\/li>\n<li>Ytans grepp \u00e4r perfekt.<\/li>\n<li>Den har 3 f\u00e4sten f\u00f6r att placera grepp och d\u00e4rmed multiplicera m\u00f6jligheterna.<\/li>\n<\/ul>\n","protected":false},"featured_media":18249,"comment_status":"open","ping_status":"closed","template":"","meta":[],"product_brand":[],"product_cat":[425],"product_tag":[],"class_list":{"0":"post-16305","1":"product","2":"type-product","3":"status-publish","4":"has-post-thumbnail","6":"product_cat-klattringrepp","8":"first","9":"instock","10":"taxable","11":"shipping-taxable","12":"purchasable","13":"product-type-simple"},"_links":{"self":[{"href":"https:\/\/topholds.com\/sv\/wp-json\/wp\/v2\/product\/16305","targetHints":{"allow":["GET"]}}],"collection":[{"href":"https:\/\/topholds.com\/sv\/wp-json\/wp\/v2\/product"}],"about":[{"href":"https:\/\/topholds.com\/sv\/wp-json\/wp\/v2\/types\/product"}],"replies":[{"embeddable":true,"href":"https:\/\/topholds.com\/sv\/wp-json\/wp\/v2\/comments?post=16305"}],"wp:featuredmedia":[{"embeddable":true,"href":"https:\/\/topholds.com\/sv\/wp-json\/wp\/v2\/media\/18249"}],"wp:attachment":[{"href":"https:\/\/topholds.com\/sv\/wp-json\/wp\/v2\/media?parent=16305"}],"wp:term":[{"taxonomy":"product_brand","embeddable":true,"href":"https:\/\/topholds.com\/sv\/wp-json\/wp\/v2\/product_brand?post=16305"},{"taxonomy":"product_cat","embeddable":true,"href":"https:\/\/topholds.com\/sv\/wp-json\/wp\/v2\/product_cat?post=16305"},{"taxonomy":"product_tag","embeddable":true,"href":"https:\/\/topholds.com\/sv\/wp-json\/wp\/v2\/product_tag?post=16305"}],"curies":[{"name":"wp","href":"https:\/\/api.w.org\/{rel}","templated":true}]}}