{"id":16315,"date":"2016-03-19T19:17:40","date_gmt":"2016-03-19T19:17:40","guid":{"rendered":"http:\/\/topholds.com\/esferas\/"},"modified":"2024-08-26T02:26:45","modified_gmt":"2024-08-26T02:26:45","slug":"esferas","status":"publish","type":"product","link":"https:\/\/topholds.com\/sv\/erbjudande\/klattringrepp\/barn\/esferas\/","title":{"rendered":"Kl\u00e4ttergrepp Paket Esferas"},"content":{"rendered":"<p><strong>Esferas \u00e4r ett paket med 7 klippgrepp av mycket mjuk sandstensstruktur<\/strong>, perfekta f\u00f6r att bidra med variation och utmaningar till din kl\u00e4tterv\u00e4gg.<\/p>\n<p>Detta <em>parti med grepp<\/em> <strong>inkluderar 7 sf\u00e4rer med diametrar p\u00e5 35, 40, 45, 50, 55, 60 och 70 mm<\/strong>, vilket erbjuder ett brett utbud av alternativ f\u00f6r att passa olika f\u00e4rdighetsniv\u00e5er och grepppreferenser.<\/p>\n<p>F\u00f6r att s\u00e4kerst\u00e4lla en s\u00e4ker och stabil f\u00e4stning rekommenderas det att <strong>anv\u00e4nda skruvar M10x40 eller M8x40<\/strong>.<\/p>\n<p>T\u00e4nk p\u00e5 att f\u00e4rgerna p\u00e5 produkten kan variera fr\u00e5n bilden som visas. Om du \u00f6nskar en specifik f\u00e4rg, tveka inte att kontakta oss.<\/p>\n","protected":false},"excerpt":{"rendered":"<ul>\n<li>Esferas \u00e4r en upps\u00e4ttning av 7 kl\u00e4ttringsgrepp.<\/li>\n<li>Mycket mjuk sandstensyta.<\/li>\n<li>Det handlar om 7 perfekta sf\u00e4rer med diametrar p\u00e5 35, 40, 45, 50, 55, 60 och 70 mm.<\/li>\n<\/ul>\n","protected":false},"featured_media":17548,"comment_status":"open","ping_status":"closed","template":"","meta":[],"product_brand":[],"product_cat":[479],"product_tag":[],"class_list":{"0":"post-16315","1":"product","2":"type-product","3":"status-publish","4":"has-post-thumbnail","6":"product_cat-barn","8":"first","9":"instock","10":"taxable","11":"shipping-taxable","12":"purchasable","13":"product-type-simple"},"_links":{"self":[{"href":"https:\/\/topholds.com\/sv\/wp-json\/wp\/v2\/product\/16315","targetHints":{"allow":["GET"]}}],"collection":[{"href":"https:\/\/topholds.com\/sv\/wp-json\/wp\/v2\/product"}],"about":[{"href":"https:\/\/topholds.com\/sv\/wp-json\/wp\/v2\/types\/product"}],"replies":[{"embeddable":true,"href":"https:\/\/topholds.com\/sv\/wp-json\/wp\/v2\/comments?post=16315"}],"wp:featuredmedia":[{"embeddable":true,"href":"https:\/\/topholds.com\/sv\/wp-json\/wp\/v2\/media\/17548"}],"wp:attachment":[{"href":"https:\/\/topholds.com\/sv\/wp-json\/wp\/v2\/media?parent=16315"}],"wp:term":[{"taxonomy":"product_brand","embeddable":true,"href":"https:\/\/topholds.com\/sv\/wp-json\/wp\/v2\/product_brand?post=16315"},{"taxonomy":"product_cat","embeddable":true,"href":"https:\/\/topholds.com\/sv\/wp-json\/wp\/v2\/product_cat?post=16315"},{"taxonomy":"product_tag","embeddable":true,"href":"https:\/\/topholds.com\/sv\/wp-json\/wp\/v2\/product_tag?post=16315"}],"curies":[{"name":"wp","href":"https:\/\/api.w.org\/{rel}","templated":true}]}}