{"id":16325,"date":"2016-03-19T19:36:59","date_gmt":"2016-03-19T19:36:59","guid":{"rendered":"http:\/\/topholds.com\/asa\/"},"modified":"2026-01-28T15:45:28","modified_gmt":"2026-01-28T15:45:28","slug":"asa","status":"publish","type":"product","link":"https:\/\/topholds.com\/sv\/erbjudande\/klattringrepp\/asa\/","title":{"rendered":"Kl\u00e4ttergrepp Paket Asa"},"content":{"rendered":"<p>Asa \u00e4r ett <strong>paket med 4 kl\u00e4ttringgrepp av sandstensstruktur<\/strong>, designade f\u00f6r att ge bekv\u00e4ma och s\u00e4kra grepp p\u00e5 alla \u00f6verh\u00e4ng och tak.<\/p>\n<p>Dessa grepp, med <strong>sin realistiska textur och ergonomiska utformning<\/strong>, \u00e4r perfekta f\u00f6r att f\u00f6rb\u00e4ttra dina kl\u00e4ttringsf\u00e4rdigheter i en m\u00e4ngd olika vinklar och lutningar.<\/p>\n<p>F\u00f6r att s\u00e4kerst\u00e4lla en ordentlig och stabil f\u00e4stning rekommenderas det att <strong>anv\u00e4nda skruvar M10x40 eller M8x40<\/strong>.<\/p>\n<p>T\u00e4nk p\u00e5 att f\u00e4rgerna p\u00e5 produkten kan variera i f\u00f6rh\u00e5llande till bilden som visas. Om du \u00f6nskar en specifik f\u00e4rg, tveka inte att kontakta oss.<\/p>\n","protected":false},"excerpt":{"rendered":"<ul>\n<li>Asa \u00e4r ett parti med 4 kl\u00e4ttergrepp.<\/li>\n<li>Sandstensstruktur.<\/li>\n<li>Bra grepp f\u00f6r alla \u00f6verh\u00e4ng och tak.<\/li>\n<\/ul>\n","protected":false},"featured_media":18319,"comment_status":"open","ping_status":"closed","template":"","meta":[],"product_brand":[],"product_cat":[425],"product_tag":[],"class_list":{"0":"post-16325","1":"product","2":"type-product","3":"status-publish","4":"has-post-thumbnail","6":"product_cat-klattringrepp","8":"first","9":"instock","10":"taxable","11":"shipping-taxable","12":"purchasable","13":"product-type-simple"},"_links":{"self":[{"href":"https:\/\/topholds.com\/sv\/wp-json\/wp\/v2\/product\/16325","targetHints":{"allow":["GET"]}}],"collection":[{"href":"https:\/\/topholds.com\/sv\/wp-json\/wp\/v2\/product"}],"about":[{"href":"https:\/\/topholds.com\/sv\/wp-json\/wp\/v2\/types\/product"}],"replies":[{"embeddable":true,"href":"https:\/\/topholds.com\/sv\/wp-json\/wp\/v2\/comments?post=16325"}],"wp:featuredmedia":[{"embeddable":true,"href":"https:\/\/topholds.com\/sv\/wp-json\/wp\/v2\/media\/18319"}],"wp:attachment":[{"href":"https:\/\/topholds.com\/sv\/wp-json\/wp\/v2\/media?parent=16325"}],"wp:term":[{"taxonomy":"product_brand","embeddable":true,"href":"https:\/\/topholds.com\/sv\/wp-json\/wp\/v2\/product_brand?post=16325"},{"taxonomy":"product_cat","embeddable":true,"href":"https:\/\/topholds.com\/sv\/wp-json\/wp\/v2\/product_cat?post=16325"},{"taxonomy":"product_tag","embeddable":true,"href":"https:\/\/topholds.com\/sv\/wp-json\/wp\/v2\/product_tag?post=16325"}],"curies":[{"name":"wp","href":"https:\/\/api.w.org\/{rel}","templated":true}]}}