{"id":16330,"date":"2016-03-19T20:00:29","date_gmt":"2016-03-19T20:00:29","guid":{"rendered":"http:\/\/topholds.com\/regleta\/"},"modified":"2024-08-26T02:28:44","modified_gmt":"2024-08-26T02:28:44","slug":"regleta","status":"publish","type":"product","link":"https:\/\/topholds.com\/sv\/erbjudande\/klattringrepp\/regleta\/","title":{"rendered":"Kl\u00e4ttergrepp Paket Regleta"},"content":{"rendered":"<p><strong>Regleta \u00e4r ett paket med 5 kl\u00e4ttringsgrepp med dubbel textur<\/strong>, som erbjuder en gl\u00e4nsande yta \u00f6ver hela greppet, f\u00f6rutom p\u00e5 kanten.<\/p>\n<p>Detta <em>parti av grepp<\/em> \u00e4r en <strong>ideal och ekonomisk l\u00f6sning f\u00f6r att optimera din kl\u00e4ttringsv\u00e4gg<\/strong>, eftersom du kan kombinera dem med vanliga grepp f\u00f6r att skapa en stor variation av utmanande och stimulerande blockeringar.<\/p>\n<p>F\u00f6r att s\u00e4kerst\u00e4lla en s\u00e4ker f\u00e4stning <strong>kr\u00e4vs anv\u00e4ndning av skruvbottnar<\/strong>.<\/p>\n<p>T\u00e4nk p\u00e5 att produktens f\u00e4rger kan variera fr\u00e5n den visade bilden. Om du \u00f6nskar en specifik f\u00e4rg, tveka inte att kontakta oss.<\/p>\n","protected":false},"excerpt":{"rendered":"<ul>\n<li>Regleta \u00e4r ett paket med 5 kl\u00e4ttringgrepp.<\/li>\n<li>Dubbelt texturerad.<\/li>\n<li>Hela greppet \u00e4r gl\u00e4nsande f\u00f6rutom kanten.<\/li>\n<\/ul>\n","protected":false},"featured_media":5746,"comment_status":"open","ping_status":"closed","template":"","meta":[],"product_brand":[],"product_cat":[425],"product_tag":[],"class_list":{"0":"post-16330","1":"product","2":"type-product","3":"status-publish","4":"has-post-thumbnail","6":"product_cat-klattringrepp","8":"first","9":"instock","10":"taxable","11":"shipping-taxable","12":"purchasable","13":"product-type-simple"},"_links":{"self":[{"href":"https:\/\/topholds.com\/sv\/wp-json\/wp\/v2\/product\/16330","targetHints":{"allow":["GET"]}}],"collection":[{"href":"https:\/\/topholds.com\/sv\/wp-json\/wp\/v2\/product"}],"about":[{"href":"https:\/\/topholds.com\/sv\/wp-json\/wp\/v2\/types\/product"}],"replies":[{"embeddable":true,"href":"https:\/\/topholds.com\/sv\/wp-json\/wp\/v2\/comments?post=16330"}],"wp:featuredmedia":[{"embeddable":true,"href":"https:\/\/topholds.com\/sv\/wp-json\/wp\/v2\/media\/5746"}],"wp:attachment":[{"href":"https:\/\/topholds.com\/sv\/wp-json\/wp\/v2\/media?parent=16330"}],"wp:term":[{"taxonomy":"product_brand","embeddable":true,"href":"https:\/\/topholds.com\/sv\/wp-json\/wp\/v2\/product_brand?post=16330"},{"taxonomy":"product_cat","embeddable":true,"href":"https:\/\/topholds.com\/sv\/wp-json\/wp\/v2\/product_cat?post=16330"},{"taxonomy":"product_tag","embeddable":true,"href":"https:\/\/topholds.com\/sv\/wp-json\/wp\/v2\/product_tag?post=16330"}],"curies":[{"name":"wp","href":"https:\/\/api.w.org\/{rel}","templated":true}]}}