{"id":16335,"date":"2016-03-20T06:00:08","date_gmt":"2016-03-20T06:00:08","guid":{"rendered":"http:\/\/topholds.com\/selva\/"},"modified":"2026-01-24T21:13:42","modified_gmt":"2026-01-24T21:13:42","slug":"selva","status":"publish","type":"product","link":"https:\/\/topholds.com\/sv\/erbjudande\/klattringrepp\/barn\/selva\/","title":{"rendered":"Barnkl\u00e4ttergrepp Paket Selva"},"content":{"rendered":"<p><strong>Selva \u00e4r ett paket med 6 barnkl\u00e4ttringshandtag<\/strong> som \u00e4r livliga och roliga, med en mjuk sandstensstruktur och bekv\u00e4ma grepp, perfekta f\u00f6r att uppmuntra ditt kl\u00e4tterv\u00e4gg och attrahera sm\u00e5 kl\u00e4ttrare.<\/p>\n<p>Dessa f\u00e4rgglada handtag kommer att ge ett <strong>inslag av gl\u00e4dje och roligheter till ditt kl\u00e4ttringsutrymme<\/strong>, vilket motiverar barn att utforska och f\u00f6rb\u00e4ttra sina f\u00e4rdigheter.<\/p>\n<p>F\u00f6r att s\u00e4kerst\u00e4lla en s\u00e4ker och stabil f\u00e4stning rekommenderas det att <strong>anv\u00e4nda skruvar M10x40 eller M8x40<\/strong>.<\/p>\n<p>T\u00e4nk p\u00e5 att f\u00e4rgerna p\u00e5 produkten kan variera fr\u00e5n bilden som visas, men de kommer alltid att vara varierade. Om du \u00f6nskar en specifik f\u00e4rg, tveka inte att kontakta oss.<\/p>\n","protected":false},"excerpt":{"rendered":"<ul>\n<li>Selva \u00e4r en upps\u00e4ttning av 6 kl\u00e4ttergrepp f\u00f6r barn.<\/li>\n<li>Mjukt sandstensliknande textur.<\/li>\n<li>Bra grepp.<\/li>\n<\/ul>\n<p>&nbsp;<\/p>\n","protected":false},"featured_media":18339,"comment_status":"open","ping_status":"closed","template":"","meta":[],"product_brand":[],"product_cat":[479],"product_tag":[],"class_list":{"0":"post-16335","1":"product","2":"type-product","3":"status-publish","4":"has-post-thumbnail","6":"product_cat-barn","8":"first","9":"instock","10":"sale","11":"taxable","12":"shipping-taxable","13":"purchasable","14":"product-type-simple"},"_links":{"self":[{"href":"https:\/\/topholds.com\/sv\/wp-json\/wp\/v2\/product\/16335","targetHints":{"allow":["GET"]}}],"collection":[{"href":"https:\/\/topholds.com\/sv\/wp-json\/wp\/v2\/product"}],"about":[{"href":"https:\/\/topholds.com\/sv\/wp-json\/wp\/v2\/types\/product"}],"replies":[{"embeddable":true,"href":"https:\/\/topholds.com\/sv\/wp-json\/wp\/v2\/comments?post=16335"}],"wp:featuredmedia":[{"embeddable":true,"href":"https:\/\/topholds.com\/sv\/wp-json\/wp\/v2\/media\/18339"}],"wp:attachment":[{"href":"https:\/\/topholds.com\/sv\/wp-json\/wp\/v2\/media?parent=16335"}],"wp:term":[{"taxonomy":"product_brand","embeddable":true,"href":"https:\/\/topholds.com\/sv\/wp-json\/wp\/v2\/product_brand?post=16335"},{"taxonomy":"product_cat","embeddable":true,"href":"https:\/\/topholds.com\/sv\/wp-json\/wp\/v2\/product_cat?post=16335"},{"taxonomy":"product_tag","embeddable":true,"href":"https:\/\/topholds.com\/sv\/wp-json\/wp\/v2\/product_tag?post=16335"}],"curies":[{"name":"wp","href":"https:\/\/api.w.org\/{rel}","templated":true}]}}