{"id":16340,"date":"2016-03-20T09:57:05","date_gmt":"2016-03-20T09:57:05","guid":{"rendered":"http:\/\/topholds.com\/kineta\/"},"modified":"2026-03-29T10:49:37","modified_gmt":"2026-03-29T10:49:37","slug":"kineta","status":"publish","type":"product","link":"https:\/\/topholds.com\/sv\/erbjudande\/klattringrepp\/kineta\/","title":{"rendered":"Kl\u00e4ttergrepp Paket Kineta"},"content":{"rendered":"<p><strong>Kineta \u00e4r ett paket med 4 kl\u00e4ttergrepp<\/strong> med sandstensstruktur, designade f\u00f6r att komplettera varandra och erbjuda en m\u00e5ngsidig och utmanande kl\u00e4tterupplevelse.<\/p>\n<p>Dessa grepp \u00e4r <strong>idealiska f\u00f6r att skapa sprickor och justera sv\u00e5righetsgraden p\u00e5 blocket<\/strong> enligt dina \u00f6nskem\u00e5l. Tack vare de tv\u00e5 extra skruvarna kan du f\u00e4sta varje grepp ordentligt i den position du \u00f6nskar, vilket s\u00e4kerst\u00e4ller ett stabilt och s\u00e4kert grepp.<\/p>\n<p>Separat <strong>har greppen sl\u00e4ta ytor p\u00e5 ena sidan och mycket positiva kanter p\u00e5 den andra<\/strong>, vilket g\u00f6r dem l\u00e4mpliga f\u00f6r alla lutningar.<\/p>\n<p>F\u00f6r att s\u00e4kerst\u00e4lla en optimal f\u00e4stning rekommenderas det att <strong>anv\u00e4nda skruvar M10x40 eller M8x40<\/strong>. Dessutom har greppen tv\u00e5 extra h\u00e5l f\u00f6r skruvar, vilket ger \u00f6kad stabilitet och s\u00e4kerhet.<\/p>\n<p>T\u00e4nk p\u00e5 att produktens f\u00e4rger kan variera j\u00e4mf\u00f6rt med bilden som visas. Om du \u00f6nskar en specifik f\u00e4rg, tveka inte att kontakta oss.<\/p>\n","protected":false},"excerpt":{"rendered":"<ul>\n<li>Kineta \u00e4r en samling av 4 grepp med sandstensstruktur.<\/li>\n<li>Dessa grepp kompletterar varandra.<\/li>\n<li>Ideala f\u00f6r att skapa sprickor och \u00f6ka eller minska sv\u00e5righetsgraden p\u00e5 blocket.<\/li>\n<li>Passar f\u00f6r alla lutningar.<\/li>\n<li>Utrustad med tv\u00e5 h\u00e5l f\u00f6r skruvar.<\/li>\n<\/ul>\n<p>&nbsp;<\/p>\n","protected":false},"featured_media":18369,"comment_status":"open","ping_status":"closed","template":"","meta":[],"product_brand":[],"product_cat":[425],"product_tag":[],"class_list":{"0":"post-16340","1":"product","2":"type-product","3":"status-publish","4":"has-post-thumbnail","6":"product_cat-klattringrepp","8":"first","9":"instock","10":"taxable","11":"shipping-taxable","12":"purchasable","13":"product-type-simple"},"_links":{"self":[{"href":"https:\/\/topholds.com\/sv\/wp-json\/wp\/v2\/product\/16340","targetHints":{"allow":["GET"]}}],"collection":[{"href":"https:\/\/topholds.com\/sv\/wp-json\/wp\/v2\/product"}],"about":[{"href":"https:\/\/topholds.com\/sv\/wp-json\/wp\/v2\/types\/product"}],"replies":[{"embeddable":true,"href":"https:\/\/topholds.com\/sv\/wp-json\/wp\/v2\/comments?post=16340"}],"wp:featuredmedia":[{"embeddable":true,"href":"https:\/\/topholds.com\/sv\/wp-json\/wp\/v2\/media\/18369"}],"wp:attachment":[{"href":"https:\/\/topholds.com\/sv\/wp-json\/wp\/v2\/media?parent=16340"}],"wp:term":[{"taxonomy":"product_brand","embeddable":true,"href":"https:\/\/topholds.com\/sv\/wp-json\/wp\/v2\/product_brand?post=16340"},{"taxonomy":"product_cat","embeddable":true,"href":"https:\/\/topholds.com\/sv\/wp-json\/wp\/v2\/product_cat?post=16340"},{"taxonomy":"product_tag","embeddable":true,"href":"https:\/\/topholds.com\/sv\/wp-json\/wp\/v2\/product_tag?post=16340"}],"curies":[{"name":"wp","href":"https:\/\/api.w.org\/{rel}","templated":true}]}}