{"id":16350,"date":"2016-03-20T13:31:34","date_gmt":"2016-03-20T13:31:34","guid":{"rendered":"http:\/\/topholds.com\/roma-campus-7cm\/"},"modified":"2024-08-26T02:31:16","modified_gmt":"2024-08-26T02:31:16","slug":"roma-campus-7cm","status":"publish","type":"product","link":"https:\/\/topholds.com\/sv\/erbjudande\/hinderbana\/traning\/grepp\/roma-campus-7cm\/","title":{"rendered":"Kl\u00e4ttergrepp Boll Roma Campus 7 cm"},"content":{"rendered":"<p><strong>Bola Roma Campus 7 cm \u00e4r ett kl\u00e4ttergrepp<\/strong> som har en rundad form f\u00f6r att utmana och f\u00f6rb\u00e4ttra dina f\u00e4rdigheter.<\/p>\n<p>Med en <strong>mjukt och behagligt grepp<\/strong> erbjuder den en bekv\u00e4m och s\u00e4ker k\u00e4nsla under dina kl\u00e4ttringspass.<\/p>\n<p>Detta grepp har en <strong>diameter p\u00e5 70 mm och en h\u00f6jd p\u00e5 54 mm<\/strong>, vilket g\u00f6r det l\u00e4mpligt f\u00f6r kl\u00e4ttrare p\u00e5 olika niv\u00e5er av skicklighet.<\/p>\n<p>F\u00f6r att s\u00e4kerst\u00e4lla ett s\u00e4kert f\u00e4ste rekommenderas det att <strong>anv\u00e4nda skruvar M10x40 eller M8x60<\/strong>.<\/p>\n<p>T\u00e4nk p\u00e5 att produktens f\u00e4rger kan variera i f\u00f6rh\u00e5llande till bilden som visas. Om du \u00f6nskar en specifik f\u00e4rg, tveka inte att kontakta oss.<\/p>\n","protected":false},"excerpt":{"rendered":"<ul>\n<li>Bollan \u00e4r helt perfekt.<\/li>\n<li>Mjuk textur.<\/li>\n<li>Diameter p\u00e5 70mm x 54mm i h\u00f6jd.<\/li>\n<\/ul>\n","protected":false},"featured_media":5057,"comment_status":"open","ping_status":"closed","template":"","meta":[],"product_brand":[],"product_cat":[416,518,515,425,478],"product_tag":[],"class_list":{"0":"post-16350","1":"product","2":"type-product","3":"status-publish","4":"has-post-thumbnail","6":"product_cat-hinderbana","7":"product_cat-grepp","8":"product_cat-traning","9":"product_cat-klattringrepp","10":"product_cat-tranings","12":"first","13":"instock","14":"taxable","15":"shipping-taxable","16":"purchasable","17":"product-type-simple"},"_links":{"self":[{"href":"https:\/\/topholds.com\/sv\/wp-json\/wp\/v2\/product\/16350","targetHints":{"allow":["GET"]}}],"collection":[{"href":"https:\/\/topholds.com\/sv\/wp-json\/wp\/v2\/product"}],"about":[{"href":"https:\/\/topholds.com\/sv\/wp-json\/wp\/v2\/types\/product"}],"replies":[{"embeddable":true,"href":"https:\/\/topholds.com\/sv\/wp-json\/wp\/v2\/comments?post=16350"}],"wp:featuredmedia":[{"embeddable":true,"href":"https:\/\/topholds.com\/sv\/wp-json\/wp\/v2\/media\/5057"}],"wp:attachment":[{"href":"https:\/\/topholds.com\/sv\/wp-json\/wp\/v2\/media?parent=16350"}],"wp:term":[{"taxonomy":"product_brand","embeddable":true,"href":"https:\/\/topholds.com\/sv\/wp-json\/wp\/v2\/product_brand?post=16350"},{"taxonomy":"product_cat","embeddable":true,"href":"https:\/\/topholds.com\/sv\/wp-json\/wp\/v2\/product_cat?post=16350"},{"taxonomy":"product_tag","embeddable":true,"href":"https:\/\/topholds.com\/sv\/wp-json\/wp\/v2\/product_tag?post=16350"}],"curies":[{"name":"wp","href":"https:\/\/api.w.org\/{rel}","templated":true}]}}