{"id":16355,"date":"2016-03-20T13:38:08","date_gmt":"2016-03-20T13:38:08","guid":{"rendered":"http:\/\/topholds.com\/roma-campus-9cm\/"},"modified":"2024-08-26T02:31:50","modified_gmt":"2024-08-26T02:31:50","slug":"roma-campus-9cm","status":"publish","type":"product","link":"https:\/\/topholds.com\/sv\/erbjudande\/hinderbana\/traning\/grepp\/roma-campus-9cm\/","title":{"rendered":"Kl\u00e4ttergrepp Boll Roma Campus 9 cm"},"content":{"rendered":"<p><strong>Bola Roma Campus 9 cm \u00e4r ett grepp f\u00f6r kl\u00e4ttring<\/strong> med en perfekt rundad form f\u00f6r att utmana dina f\u00e4rdigheter.<\/p>\n<p>Dess mjuka textur ger ett <strong>bekv\u00e4mt och s\u00e4kert grepp<\/strong> under dina kl\u00e4ttringstr\u00e4ningar.<\/p>\n<p>Med en diameter p\u00e5 90 mm och en h\u00f6jd p\u00e5 60 mm \u00e4r detta grepp <strong>idealisk f\u00f6r kl\u00e4ttrare p\u00e5 olika f\u00e4rdighetsniv\u00e5er<\/strong>.<\/p>\n<p>F\u00f6r att f\u00e4sta greppet korrekt rekommenderas det att <strong>anv\u00e4nda skruvar M10x60 eller M8x60<\/strong>.<\/p>\n<p>T\u00e4nk p\u00e5 att produktens f\u00e4rger kan variera fr\u00e5n bilden som visas. Om du \u00f6nskar en specifik f\u00e4rg, tveka inte att kontakta oss.<\/p>\n","protected":false},"excerpt":{"rendered":"<ul>\n<li>Helt perfekt boll.<\/li>\n<li>Mjukt material.<\/li>\n<li>Diameter p\u00e5 90mm x 60mm i h\u00f6jd.<\/li>\n<\/ul>\n","protected":false},"featured_media":5056,"comment_status":"open","ping_status":"closed","template":"","meta":[],"product_brand":[],"product_cat":[416,518,515,425,478],"product_tag":[],"class_list":{"0":"post-16355","1":"product","2":"type-product","3":"status-publish","4":"has-post-thumbnail","6":"product_cat-hinderbana","7":"product_cat-grepp","8":"product_cat-traning","9":"product_cat-klattringrepp","10":"product_cat-tranings","12":"first","13":"instock","14":"taxable","15":"shipping-taxable","16":"purchasable","17":"product-type-simple"},"_links":{"self":[{"href":"https:\/\/topholds.com\/sv\/wp-json\/wp\/v2\/product\/16355","targetHints":{"allow":["GET"]}}],"collection":[{"href":"https:\/\/topholds.com\/sv\/wp-json\/wp\/v2\/product"}],"about":[{"href":"https:\/\/topholds.com\/sv\/wp-json\/wp\/v2\/types\/product"}],"replies":[{"embeddable":true,"href":"https:\/\/topholds.com\/sv\/wp-json\/wp\/v2\/comments?post=16355"}],"wp:featuredmedia":[{"embeddable":true,"href":"https:\/\/topholds.com\/sv\/wp-json\/wp\/v2\/media\/5056"}],"wp:attachment":[{"href":"https:\/\/topholds.com\/sv\/wp-json\/wp\/v2\/media?parent=16355"}],"wp:term":[{"taxonomy":"product_brand","embeddable":true,"href":"https:\/\/topholds.com\/sv\/wp-json\/wp\/v2\/product_brand?post=16355"},{"taxonomy":"product_cat","embeddable":true,"href":"https:\/\/topholds.com\/sv\/wp-json\/wp\/v2\/product_cat?post=16355"},{"taxonomy":"product_tag","embeddable":true,"href":"https:\/\/topholds.com\/sv\/wp-json\/wp\/v2\/product_tag?post=16355"}],"curies":[{"name":"wp","href":"https:\/\/api.w.org\/{rel}","templated":true}]}}