{"id":16360,"date":"2016-03-20T14:19:53","date_gmt":"2016-03-20T14:19:53","guid":{"rendered":"http:\/\/topholds.com\/campus-12\/"},"modified":"2025-04-01T14:12:15","modified_gmt":"2025-04-01T14:12:15","slug":"campus-12","status":"publish","type":"product","link":"https:\/\/topholds.com\/sv\/erbjudande\/hinderbana\/traning\/grepp\/campus-12\/","title":{"rendered":"Kl\u00e4ttergrepp Pinch Campus 12"},"content":{"rendered":"<p><strong>Pinza Campus \u00e4r ett grepp f\u00f6r kl\u00e4ttring<\/strong> f\u00f6r symmetriska paneler eller f\u00f6r att anv\u00e4nda i din Campus, vilket erbjuder m\u00e5ngsidighet i din kl\u00e4ttringstr\u00e4ning.<\/p>\n<p>Med en mjuk sandstensstruktur ger den ett bekv\u00e4mt och s\u00e4kert grepp. <strong>Genom att rotera greppet kan du tr\u00e4na breda pinzor<\/strong> fr\u00e5n olika vinklar, vilket f\u00f6rb\u00e4ttrar din teknik och styrka.<\/p>\n<p>Det perfekta platta greppet har en <strong>diameter p\u00e5 120 mm, en greppbredd p\u00e5 65 mm och en h\u00f6jd p\u00e5 60 mm<\/strong>, vilket g\u00f6r det l\u00e4mpligt f\u00f6r kl\u00e4ttrare p\u00e5 olika niv\u00e5er.<\/p>\n<p>Det rekommenderas att <strong>anv\u00e4nda skruvar M10x60 eller M8x60 f\u00f6r att s\u00e4kra greppet<\/strong>, och det finns ett extra h\u00e5l f\u00f6r en anti-rotationsskruv, vilket garanterar stabilitet under anv\u00e4ndning.<\/p>\n<p>T\u00e4nk p\u00e5 att produktens f\u00e4rger kan variera fr\u00e5n bilden som visas. Om du \u00f6nskar en specifik f\u00e4rg, tveka inte att kontakta oss.<\/p>\n","protected":false},"excerpt":{"rendered":"<ul>\n<li>Ideal f\u00f6r symmetriska paneler eller f\u00f6r att placera p\u00e5 v\u00e5r campus.<\/li>\n<li>Mjukt sandstensliknande textur.<\/li>\n<li>Med olika rotationer kan vi tr\u00e4na breda t\u00e5nggrepp fr\u00e5n olika vinklar.<\/li>\n<li>Perfekt romb med 120 mm diameter, t\u00e5ngbredd 65 mm och h\u00f6jd 60 mm.<\/li>\n<li>H\u00e5l f\u00f6r extra anti-rotationsskruv.<\/li>\n<\/ul>\n","protected":false},"featured_media":18394,"comment_status":"open","ping_status":"closed","template":"","meta":[],"product_brand":[],"product_cat":[416,518,515,425,478],"product_tag":[],"class_list":{"0":"post-16360","1":"product","2":"type-product","3":"status-publish","4":"has-post-thumbnail","6":"product_cat-hinderbana","7":"product_cat-grepp","8":"product_cat-traning","9":"product_cat-klattringrepp","10":"product_cat-tranings","12":"first","13":"instock","14":"taxable","15":"shipping-taxable","16":"purchasable","17":"product-type-simple"},"_links":{"self":[{"href":"https:\/\/topholds.com\/sv\/wp-json\/wp\/v2\/product\/16360","targetHints":{"allow":["GET"]}}],"collection":[{"href":"https:\/\/topholds.com\/sv\/wp-json\/wp\/v2\/product"}],"about":[{"href":"https:\/\/topholds.com\/sv\/wp-json\/wp\/v2\/types\/product"}],"replies":[{"embeddable":true,"href":"https:\/\/topholds.com\/sv\/wp-json\/wp\/v2\/comments?post=16360"}],"wp:featuredmedia":[{"embeddable":true,"href":"https:\/\/topholds.com\/sv\/wp-json\/wp\/v2\/media\/18394"}],"wp:attachment":[{"href":"https:\/\/topholds.com\/sv\/wp-json\/wp\/v2\/media?parent=16360"}],"wp:term":[{"taxonomy":"product_brand","embeddable":true,"href":"https:\/\/topholds.com\/sv\/wp-json\/wp\/v2\/product_brand?post=16360"},{"taxonomy":"product_cat","embeddable":true,"href":"https:\/\/topholds.com\/sv\/wp-json\/wp\/v2\/product_cat?post=16360"},{"taxonomy":"product_tag","embeddable":true,"href":"https:\/\/topholds.com\/sv\/wp-json\/wp\/v2\/product_tag?post=16360"}],"curies":[{"name":"wp","href":"https:\/\/api.w.org\/{rel}","templated":true}]}}