{"id":16365,"date":"2016-03-20T16:30:26","date_gmt":"2016-03-20T16:30:26","guid":{"rendered":"http:\/\/topholds.com\/althea\/"},"modified":"2024-08-26T02:33:05","modified_gmt":"2024-08-26T02:33:05","slug":"althea","status":"publish","type":"product","link":"https:\/\/topholds.com\/sv\/erbjudande\/hinderbana\/traning\/grepp\/althea\/","title":{"rendered":"Kl\u00e4ttergrepp Althea"},"content":{"rendered":"<p><strong>Althea \u00e4r ett kl\u00e4ttergrepp<\/strong> som \u00e4r idealiskt f\u00f6r symmetriska paneler, med en sandstensyta som ger ett optimalt grepp.<\/p>\n<p>Detta perfekta romo, <strong>med en diameter p\u00e5 120 mm, har en neutral kant p\u00e5 4 fingrar p\u00e5 ena sidan<\/strong> och en kombination av positiv\/negativ kant p\u00e5 den motsatta sidan, vilket erbjuder m\u00e5ngsidighet f\u00f6r olika f\u00e4rdighetsniv\u00e5er.<\/p>\n<p>Det rekommenderas att <strong>anv\u00e4nda skruvar M10x60 eller M8x60 f\u00f6r en s\u00e4ker f\u00e4stning<\/strong>, och den har ett extra h\u00e5l f\u00f6r en anti-rotationsskruv, vilket garanterar stabiliteten hos greppet under anv\u00e4ndning.<\/p>\n<p>T\u00e4nk p\u00e5 att produktens f\u00e4rger kan variera i f\u00f6rh\u00e5llande till bilden som visas. Om du \u00f6nskar en specifik f\u00e4rg, tveka inte att kontakta oss.<\/p>\n","protected":false},"excerpt":{"rendered":"<ul>\n<li>Althea \u00e4r ett kl\u00e4ttringsblock som \u00e4r idealiskt f\u00f6r symmetriska paneler.<\/li>\n<li>Sandstensstruktur.<\/li>\n<li>Perfekt romo med en diameter p\u00e5 120 mm.<\/li>\n<li>Neutral kant med 4 fingrar p\u00e5 ena sidan och positiv\/negativ p\u00e5 motsatta sidan.<\/li>\n<\/ul>\n","protected":false},"featured_media":18414,"comment_status":"open","ping_status":"closed","template":"","meta":[],"product_brand":[],"product_cat":[416,518,515,425,478],"product_tag":[],"class_list":{"0":"post-16365","1":"product","2":"type-product","3":"status-publish","4":"has-post-thumbnail","6":"product_cat-hinderbana","7":"product_cat-grepp","8":"product_cat-traning","9":"product_cat-klattringrepp","10":"product_cat-tranings","12":"first","13":"instock","14":"taxable","15":"shipping-taxable","16":"purchasable","17":"product-type-simple"},"_links":{"self":[{"href":"https:\/\/topholds.com\/sv\/wp-json\/wp\/v2\/product\/16365","targetHints":{"allow":["GET"]}}],"collection":[{"href":"https:\/\/topholds.com\/sv\/wp-json\/wp\/v2\/product"}],"about":[{"href":"https:\/\/topholds.com\/sv\/wp-json\/wp\/v2\/types\/product"}],"replies":[{"embeddable":true,"href":"https:\/\/topholds.com\/sv\/wp-json\/wp\/v2\/comments?post=16365"}],"wp:featuredmedia":[{"embeddable":true,"href":"https:\/\/topholds.com\/sv\/wp-json\/wp\/v2\/media\/18414"}],"wp:attachment":[{"href":"https:\/\/topholds.com\/sv\/wp-json\/wp\/v2\/media?parent=16365"}],"wp:term":[{"taxonomy":"product_brand","embeddable":true,"href":"https:\/\/topholds.com\/sv\/wp-json\/wp\/v2\/product_brand?post=16365"},{"taxonomy":"product_cat","embeddable":true,"href":"https:\/\/topholds.com\/sv\/wp-json\/wp\/v2\/product_cat?post=16365"},{"taxonomy":"product_tag","embeddable":true,"href":"https:\/\/topholds.com\/sv\/wp-json\/wp\/v2\/product_tag?post=16365"}],"curies":[{"name":"wp","href":"https:\/\/api.w.org\/{rel}","templated":true}]}}