{"id":16370,"date":"2016-03-22T16:25:09","date_gmt":"2016-03-22T16:25:09","guid":{"rendered":"http:\/\/topholds.com\/kemisk-ankar-300ml\/"},"modified":"2024-08-26T02:33:40","modified_gmt":"2024-08-26T02:33:40","slug":"kemisk-ankar-300ml","status":"publish","type":"product","link":"https:\/\/topholds.com\/sv\/erbjudande\/fasten\/vaggankare\/kemisk-ankar-300ml\/","title":{"rendered":"Kemisk Ankar 300ml"},"content":{"rendered":"<p>*<strong>H\u00f6gpresterande kemisk f\u00f6rankring och insats med inv\u00e4ndig g\u00e4nga<\/strong>, idealisk f\u00f6r v\u00e4ggar av betong, sten eller solitt tegel.<\/p>\n<p>*<strong>Kemisk f\u00f6rankring kombinerad med insats med inv\u00e4ndig g\u00e4nga och nyloninsats<\/strong> f\u00f6r en s\u00e4ker installation p\u00e5 v\u00e4ggar av h\u00e5ltegel.<\/p>\n<p>Dessa tv\u00e5 m\u00e5ngsidiga l\u00f6sningar g\u00f6r det m\u00f6jligt att <strong>installera dina grepp p\u00e5 vilken v\u00e4ggtyp som helst<\/strong> med fullst\u00e4ndig tillit och s\u00e4kerhet (kolla in v\u00e5r grafiska guide p\u00e5 <a href=\"https:\/\/topholds.com\/blog\/\">v\u00e5r blogg<\/a>).<\/p>\n<p>Insatsen med inv\u00e4ndig g\u00e4nga f\u00e4ster ordentligt p\u00e5 ytan, vilket till\u00e5ter <a href=\"https:\/\/topholds.com\/colocar-presas-de-escalada-en-una-pared-de-hormigon\/\">att demontera och \u00e5terinstallera greppen<\/a> f\u00f6r att modifiera banor eller g\u00f6ra rent utan att riskera att skada v\u00e4ggen, till skillnad fr\u00e5n andra f\u00e4stsystem.<\/p>\n<p>Denna 300 ml patron \u00e4r kompatibel med alla silikonpistoler. N\u00e4r du \u00f6ppnar en ny patron rekommenderas det att sl\u00e4ppa ut lite produkt tills hartset kommer ut j\u00e4mt blandat.<\/p>\n","protected":false},"excerpt":{"rendered":"<ul>\n<li>H\u00f6gpresterande kemisk taco p\u00e5 300 ml.<\/li>\n<li>Installera dina f\u00e4sten p\u00e5 h\u00e5liga eller massiva v\u00e4ggar med maximal s\u00e4kerhet.<\/li>\n<li>Kartuschen inkluderar en blandningskanal.<\/li>\n<\/ul>\n<p>&nbsp;<\/p>\n","protected":false},"featured_media":6905,"comment_status":"open","ping_status":"closed","template":"","meta":[],"product_brand":[],"product_cat":[424,489],"product_tag":[],"class_list":{"0":"post-16370","1":"product","2":"type-product","3":"status-publish","4":"has-post-thumbnail","6":"product_cat-fasten","7":"product_cat-vaggankare","9":"first","10":"instock","11":"taxable","12":"shipping-taxable","13":"purchasable","14":"product-type-simple"},"_links":{"self":[{"href":"https:\/\/topholds.com\/sv\/wp-json\/wp\/v2\/product\/16370","targetHints":{"allow":["GET"]}}],"collection":[{"href":"https:\/\/topholds.com\/sv\/wp-json\/wp\/v2\/product"}],"about":[{"href":"https:\/\/topholds.com\/sv\/wp-json\/wp\/v2\/types\/product"}],"replies":[{"embeddable":true,"href":"https:\/\/topholds.com\/sv\/wp-json\/wp\/v2\/comments?post=16370"}],"wp:featuredmedia":[{"embeddable":true,"href":"https:\/\/topholds.com\/sv\/wp-json\/wp\/v2\/media\/6905"}],"wp:attachment":[{"href":"https:\/\/topholds.com\/sv\/wp-json\/wp\/v2\/media?parent=16370"}],"wp:term":[{"taxonomy":"product_brand","embeddable":true,"href":"https:\/\/topholds.com\/sv\/wp-json\/wp\/v2\/product_brand?post=16370"},{"taxonomy":"product_cat","embeddable":true,"href":"https:\/\/topholds.com\/sv\/wp-json\/wp\/v2\/product_cat?post=16370"},{"taxonomy":"product_tag","embeddable":true,"href":"https:\/\/topholds.com\/sv\/wp-json\/wp\/v2\/product_tag?post=16370"}],"curies":[{"name":"wp","href":"https:\/\/api.w.org\/{rel}","templated":true}]}}