{"id":16375,"date":"2016-03-22T17:48:11","date_gmt":"2016-03-22T17:48:11","guid":{"rendered":"http:\/\/topholds.com\/nylon-sil-20x85\/"},"modified":"2024-08-26T02:34:29","modified_gmt":"2024-08-26T02:34:29","slug":"nylon-sil-20x85","status":"publish","type":"product","link":"https:\/\/topholds.com\/sv\/erbjudande\/fasten\/vaggankare\/nylon-sil-20x85\/","title":{"rendered":"Nylon-sil 20\u00d785"},"content":{"rendered":"<p>*<strong>Kemisk f\u00f6rankring av h\u00f6g h\u00e5llfasthet och intern g\u00e4nga<\/strong> f\u00f6r v\u00e4ggar av betong, sten eller massiv tegel.<\/p>\n<p>*<strong>Kemisk f\u00f6rankring kombinerad med intern g\u00e4nga och nyloninsats<\/strong> f\u00f6r v\u00e4ggar av h\u00e5let tegel.<\/p>\n<p>Dessa tv\u00e5 m\u00e5ngsidiga l\u00f6sningar g\u00f6r det m\u00f6jligt att installera dina kl\u00e4ttergrepp p\u00e5 alla typer av v\u00e4ggar med total s\u00e4kerhet och f\u00f6rtroende.<\/p>\n<p>Tack vare den interna g\u00e4ngan f\u00e4ster f\u00f6rankringen stadigt mot ytan, vilket g\u00f6r att du kan <a href=\"https:\/\/topholds.com\/colocar-presas-de-escalada-en-una-pared-de-hormigon\/\">demontera och \u00e5terinstallera greppen<\/a> f\u00f6r att \u00e4ndra rutterna eller utf\u00f6ra st\u00e4dning utan att oroa dig f\u00f6r att skada v\u00e4ggen, till skillnad fr\u00e5n andra f\u00e4stsysten.<\/p>\n<p>Egenskaper f\u00f6r nyloninsatsen f\u00f6r kemiska f\u00f6rankringar i h\u00e5let tegel:<\/p>\n<ul>\n<li>Designad f\u00f6r en s\u00e4ker och h\u00e5llbar installation av grepp p\u00e5 h\u00e5lav v\u00e4ggar.<\/li>\n<li>Diameter: 20 mm<\/li>\n<li>L\u00e4ngd: 85 mm<\/li>\n<\/ul>\n<p>S\u00e4kerst\u00e4ll maximal garanti i <strong>installationen av dina grepp p\u00e5 h\u00e5lav v\u00e4ggar<\/strong> genom att anv\u00e4nda denna nyloninsats tillsammans med kemisk f\u00f6rankring.<\/p>\n<p>Om du beh\u00f6ver r\u00e5dgivning, bes\u00f6k v\u00e5r grafiska handledning p\u00e5 <a href=\"https:\/\/topholds.com\/blog\/\">v\u00e5r blogg<\/a> eller tveka inte att kontakta oss.<\/p>\n","protected":false},"excerpt":{"rendered":"<ul>\n<li>Nylonfilter f\u00f6r f\u00f6rankringar med kemisk plugg i h\u00e5lsten<\/li>\n<li>Installera dina f\u00e4sten i h\u00e5lv\u00e4ggar med maximal s\u00e4kerhet.<\/li>\n<\/ul>\n<p>&nbsp;<\/p>\n<p>&nbsp;<\/p>\n","protected":false},"featured_media":4634,"comment_status":"open","ping_status":"closed","template":"","meta":[],"product_brand":[],"product_cat":[424,489],"product_tag":[],"class_list":{"0":"post-16375","1":"product","2":"type-product","3":"status-publish","4":"has-post-thumbnail","6":"product_cat-fasten","7":"product_cat-vaggankare","9":"first","10":"instock","11":"taxable","12":"shipping-taxable","13":"purchasable","14":"product-type-simple"},"_links":{"self":[{"href":"https:\/\/topholds.com\/sv\/wp-json\/wp\/v2\/product\/16375","targetHints":{"allow":["GET"]}}],"collection":[{"href":"https:\/\/topholds.com\/sv\/wp-json\/wp\/v2\/product"}],"about":[{"href":"https:\/\/topholds.com\/sv\/wp-json\/wp\/v2\/types\/product"}],"replies":[{"embeddable":true,"href":"https:\/\/topholds.com\/sv\/wp-json\/wp\/v2\/comments?post=16375"}],"wp:featuredmedia":[{"embeddable":true,"href":"https:\/\/topholds.com\/sv\/wp-json\/wp\/v2\/media\/4634"}],"wp:attachment":[{"href":"https:\/\/topholds.com\/sv\/wp-json\/wp\/v2\/media?parent=16375"}],"wp:term":[{"taxonomy":"product_brand","embeddable":true,"href":"https:\/\/topholds.com\/sv\/wp-json\/wp\/v2\/product_brand?post=16375"},{"taxonomy":"product_cat","embeddable":true,"href":"https:\/\/topholds.com\/sv\/wp-json\/wp\/v2\/product_cat?post=16375"},{"taxonomy":"product_tag","embeddable":true,"href":"https:\/\/topholds.com\/sv\/wp-json\/wp\/v2\/product_tag?post=16375"}],"curies":[{"name":"wp","href":"https:\/\/api.w.org\/{rel}","templated":true}]}}