{"id":16385,"date":"2016-03-22T17:59:34","date_gmt":"2016-03-22T17:59:34","guid":{"rendered":"http:\/\/topholds.com\/metall-sil-invandig-ganga-m10\/"},"modified":"2025-04-07T11:36:03","modified_gmt":"2025-04-07T11:36:03","slug":"metall-sil-invandig-ganga-m10","status":"publish","type":"product","link":"https:\/\/topholds.com\/sv\/erbjudande\/fasten\/vaggankare\/metall-sil-invandig-ganga-m10\/","title":{"rendered":"Metall-sil med Inv\u00e4ndig G\u00e4nga M10"},"content":{"rendered":"<p>*<strong>Taco kemiskt av h\u00f6g h\u00e5llfasthet och inre g\u00e4ngad skruv M10<\/strong> f\u00f6r v\u00e4ggar av betong, sten eller massiv tegel.<\/p>\n<p>*<strong>Taco kemiskt och inre g\u00e4ngad skruv M10<\/strong> med extra nylonfilter f\u00f6r v\u00e4ggar av h\u00e5ltegel.<\/p>\n<p>Dessa tv\u00e5 m\u00e5ngsidiga kombinationer kommer att l\u00e5ta dig <strong>installera dina kl\u00e4ttringshandtag p\u00e5 vilken typ av v\u00e4gg som helst<\/strong> med full s\u00e4kerhet och f\u00f6rtroende.<\/p>\n<p>Tack vare det inre g\u00e4ngade filtret kommer f\u00f6rankringen att f\u00e4sta ordentligt p\u00e5 ytan, vilket g\u00f6r att du kan <a href=\"https:\/\/topholds.com\/colocar-presas-de-escalada-en-una-pared-de-hormigon\/\">ta bort och \u00e5terinstallera handtagen<\/a> f\u00f6r att byta banor eller utf\u00f6ra underh\u00e5ll utan att vara r\u00e4dd f\u00f6r att skada v\u00e4ggen, till skillnad fr\u00e5n andra f\u00e4stsystem.<\/p>\n<p>Om du beh\u00f6ver personlig r\u00e5dgivning, tveka inte att kontakta oss.<\/p>\n<p>Kolla in v\u00e5r grafiska handledning p\u00e5 v\u00e5r blogg f\u00f6r detaljerade installationsanvisningar.<\/p>\n","protected":false},"excerpt":{"rendered":"<ul>\n<li>Metallgaller med inre g\u00e4nga M10.<\/li>\n<li>F\u00f6r fasts\u00e4ttning med kemiska pluggar.<\/li>\n<li>Idealiskt f\u00f6r att installera kl\u00e4ttergrepp p\u00e5 ih\u00e5liga eller massiva v\u00e4ggar.<\/li>\n<\/ul>\n<p>&nbsp;<\/p>\n<p>&nbsp;<\/p>\n<p>&nbsp;<\/p>\n","protected":false},"featured_media":4414,"comment_status":"open","ping_status":"closed","template":"","meta":[],"product_brand":[],"product_cat":[424,489],"product_tag":[],"class_list":{"0":"post-16385","1":"product","2":"type-product","3":"status-publish","4":"has-post-thumbnail","6":"product_cat-fasten","7":"product_cat-vaggankare","9":"first","10":"instock","11":"taxable","12":"shipping-taxable","13":"purchasable","14":"product-type-simple"},"_links":{"self":[{"href":"https:\/\/topholds.com\/sv\/wp-json\/wp\/v2\/product\/16385","targetHints":{"allow":["GET"]}}],"collection":[{"href":"https:\/\/topholds.com\/sv\/wp-json\/wp\/v2\/product"}],"about":[{"href":"https:\/\/topholds.com\/sv\/wp-json\/wp\/v2\/types\/product"}],"replies":[{"embeddable":true,"href":"https:\/\/topholds.com\/sv\/wp-json\/wp\/v2\/comments?post=16385"}],"wp:featuredmedia":[{"embeddable":true,"href":"https:\/\/topholds.com\/sv\/wp-json\/wp\/v2\/media\/4414"}],"wp:attachment":[{"href":"https:\/\/topholds.com\/sv\/wp-json\/wp\/v2\/media?parent=16385"}],"wp:term":[{"taxonomy":"product_brand","embeddable":true,"href":"https:\/\/topholds.com\/sv\/wp-json\/wp\/v2\/product_brand?post=16385"},{"taxonomy":"product_cat","embeddable":true,"href":"https:\/\/topholds.com\/sv\/wp-json\/wp\/v2\/product_cat?post=16385"},{"taxonomy":"product_tag","embeddable":true,"href":"https:\/\/topholds.com\/sv\/wp-json\/wp\/v2\/product_tag?post=16385"}],"curies":[{"name":"wp","href":"https:\/\/api.w.org\/{rel}","templated":true}]}}