{"id":16390,"date":"2016-03-25T19:54:54","date_gmt":"2016-03-25T19:54:54","guid":{"rendered":"http:\/\/topholds.com\/allen-nyckel-skruv-m10\/"},"modified":"2024-08-26T02:36:18","modified_gmt":"2024-08-26T02:36:18","slug":"allen-nyckel-skruv-m10","status":"publish","type":"product","link":"https:\/\/topholds.com\/sv\/erbjudande\/tillbehor\/allen-nyckel\/allen-nyckel-skruv-m10\/","title":{"rendered":"Allen Nyckel f\u00f6r Skruv M10"},"content":{"rendered":"<p><strong>Ergonomisk T-formad Insexnyckel<\/strong>, ideal f\u00f6r att dra \u00e5t grepp med M10-skruvar p\u00e5 ett bekv\u00e4mt och effektivt s\u00e4tt.<\/p>\n<p>Handtaget i T-form <strong>erbjuder ett optimalt grepp<\/strong>, vilket m\u00f6jligg\u00f6r att st\u00f6rre kraft kan till\u00e4mpas n\u00e4r du drar \u00e5t skruvarna p\u00e5 greppen.<\/p>\n<p>Den levereras med ett praktiskt h\u00e5l i handtaget, <strong>perfekt f\u00f6r att h\u00e4nga den p\u00e5 din sele och h\u00e5lla den n\u00e4ra till hands<\/strong> under dina kl\u00e4ttringspass.<\/p>\n","protected":false},"excerpt":{"rendered":"<ul>\n<li>Insexnyckel med ergonomiskt T-handtag.<\/li>\n<li>F\u00f6r att sp\u00e4nna f\u00e4sten med M10-skruvar.<\/li>\n<li>H\u00e5l i handtaget perfekt f\u00f6r att h\u00e4nga den i v\u00e5rt selen.<\/li>\n<\/ul>\n","protected":false},"featured_media":18419,"comment_status":"open","ping_status":"closed","template":"","meta":[],"product_brand":[],"product_cat":[506,490,424,422],"product_tag":[],"class_list":{"0":"post-16390","1":"product","2":"type-product","3":"status-publish","4":"has-post-thumbnail","6":"product_cat-allen-nyckel","7":"product_cat-allen-skruvar","8":"product_cat-fasten","9":"product_cat-tillbehor","10":"product_shipping_class-ekonomifrakt","12":"first","13":"instock","14":"taxable","15":"shipping-taxable","16":"purchasable","17":"product-type-simple"},"_links":{"self":[{"href":"https:\/\/topholds.com\/sv\/wp-json\/wp\/v2\/product\/16390","targetHints":{"allow":["GET"]}}],"collection":[{"href":"https:\/\/topholds.com\/sv\/wp-json\/wp\/v2\/product"}],"about":[{"href":"https:\/\/topholds.com\/sv\/wp-json\/wp\/v2\/types\/product"}],"replies":[{"embeddable":true,"href":"https:\/\/topholds.com\/sv\/wp-json\/wp\/v2\/comments?post=16390"}],"wp:featuredmedia":[{"embeddable":true,"href":"https:\/\/topholds.com\/sv\/wp-json\/wp\/v2\/media\/18419"}],"wp:attachment":[{"href":"https:\/\/topholds.com\/sv\/wp-json\/wp\/v2\/media?parent=16390"}],"wp:term":[{"taxonomy":"product_brand","embeddable":true,"href":"https:\/\/topholds.com\/sv\/wp-json\/wp\/v2\/product_brand?post=16390"},{"taxonomy":"product_cat","embeddable":true,"href":"https:\/\/topholds.com\/sv\/wp-json\/wp\/v2\/product_cat?post=16390"},{"taxonomy":"product_tag","embeddable":true,"href":"https:\/\/topholds.com\/sv\/wp-json\/wp\/v2\/product_tag?post=16390"}],"curies":[{"name":"wp","href":"https:\/\/api.w.org\/{rel}","templated":true}]}}