{"id":16395,"date":"2016-03-25T19:57:10","date_gmt":"2016-03-25T19:57:10","guid":{"rendered":"http:\/\/topholds.com\/allen-nyckel-skruv-m8\/"},"modified":"2024-08-26T02:36:54","modified_gmt":"2024-08-26T02:36:54","slug":"allen-nyckel-skruv-m8","status":"publish","type":"product","link":"https:\/\/topholds.com\/sv\/erbjudande\/tillbehor\/allen-nyckel\/allen-nyckel-skruv-m8\/","title":{"rendered":"Allen Nyckel f\u00f6r Skruv M8"},"content":{"rendered":"<p><strong>Ergonomisk T-formad insexnyckel<\/strong>, ideal f\u00f6r att dra \u00e5t grepp med M8-skruvar p\u00e5 ett bekv\u00e4mt och effektivt s\u00e4tt.<\/p>\n<p>T-handtaget <strong>ger ett optimalt grepp<\/strong>, vilket m\u00f6jligg\u00f6r \u00f6kad kraft n\u00e4r du drar \u00e5t skruvarna p\u00e5 greppen.<\/p>\n<p>Inkluderar ett praktiskt h\u00e5l i handtaget, <strong>perfekt f\u00f6r att h\u00e4nga upp den p\u00e5 din sele och ha den n\u00e4ra till hands<\/strong> under dina kl\u00e4ttringspass.<\/p>\n","protected":false},"excerpt":{"rendered":"<ul>\n<li>Insexnyckel med ergonomiskt T-handtag.<\/li>\n<li>F\u00f6r att dra \u00e5t grepp med M8-skruvar.<\/li>\n<li>H\u00e5l i handtaget perfekt f\u00f6r att h\u00e4nga den fr\u00e5n v\u00e5rt selen.<\/li>\n<\/ul>\n<p>&nbsp;<\/p>\n","protected":false},"featured_media":4760,"comment_status":"open","ping_status":"closed","template":"","meta":[],"product_brand":[],"product_cat":[506,490,424,422],"product_tag":[],"class_list":{"0":"post-16395","1":"product","2":"type-product","3":"status-publish","4":"has-post-thumbnail","6":"product_cat-allen-nyckel","7":"product_cat-allen-skruvar","8":"product_cat-fasten","9":"product_cat-tillbehor","10":"product_shipping_class-ekonomifrakt","12":"first","13":"instock","14":"taxable","15":"shipping-taxable","16":"purchasable","17":"product-type-simple"},"_links":{"self":[{"href":"https:\/\/topholds.com\/sv\/wp-json\/wp\/v2\/product\/16395","targetHints":{"allow":["GET"]}}],"collection":[{"href":"https:\/\/topholds.com\/sv\/wp-json\/wp\/v2\/product"}],"about":[{"href":"https:\/\/topholds.com\/sv\/wp-json\/wp\/v2\/types\/product"}],"replies":[{"embeddable":true,"href":"https:\/\/topholds.com\/sv\/wp-json\/wp\/v2\/comments?post=16395"}],"wp:featuredmedia":[{"embeddable":true,"href":"https:\/\/topholds.com\/sv\/wp-json\/wp\/v2\/media\/4760"}],"wp:attachment":[{"href":"https:\/\/topholds.com\/sv\/wp-json\/wp\/v2\/media?parent=16395"}],"wp:term":[{"taxonomy":"product_brand","embeddable":true,"href":"https:\/\/topholds.com\/sv\/wp-json\/wp\/v2\/product_brand?post=16395"},{"taxonomy":"product_cat","embeddable":true,"href":"https:\/\/topholds.com\/sv\/wp-json\/wp\/v2\/product_cat?post=16395"},{"taxonomy":"product_tag","embeddable":true,"href":"https:\/\/topholds.com\/sv\/wp-json\/wp\/v2\/product_tag?post=16395"}],"curies":[{"name":"wp","href":"https:\/\/api.w.org\/{rel}","templated":true}]}}