{"id":16400,"date":"2016-05-16T18:57:57","date_gmt":"2016-05-16T18:57:57","guid":{"rendered":"https:\/\/topholds.com\/happy\/"},"modified":"2024-08-26T02:37:29","modified_gmt":"2024-08-26T02:37:29","slug":"happy","status":"publish","type":"product","link":"https:\/\/topholds.com\/sv\/erbjudande\/klattringrepp\/barn\/happy\/","title":{"rendered":"Barnkl\u00e4ttergrepp Paket Happy"},"content":{"rendered":"<p><strong>Happy \u00e4r ett paket med 3 kl\u00e4ttringshandtag f\u00f6r barn<\/strong> med en mjuk sandstensstruktur, designade f\u00f6r att ge extremt bekv\u00e4ma grepp till sm\u00e5 kl\u00e4ttrare.<\/p>\n<p>Dessa roliga och f\u00e4rgglada handtag kommer att ge ett <strong>inslag av gl\u00e4dje och underh\u00e5llning till din kl\u00e4tterv\u00e4gg<\/strong>, och g\u00f6ra den till en \u00e4nnu mer attraktiv plats f\u00f6r barn.<\/p>\n<p>Observera att produktens f\u00e4rger kan variera j\u00e4mf\u00f6rt med bilden som visas, men de kommer alltid att vara varierade. Om du vill ha en specifik f\u00e4rg, tveka inte att kontakta oss.<\/p>\n","protected":false},"excerpt":{"rendered":"<ul>\n<li>Happy \u00e4r ett paket med 3 kl\u00e4ttergrepp f\u00f6r barn.<\/li>\n<li>Mjukt sandstensmaterial.<\/li>\n<li>V\u00e4ldigt bekv\u00e4ma grepp.<\/li>\n<\/ul>\n","protected":false},"featured_media":18434,"comment_status":"open","ping_status":"closed","template":"","meta":[],"product_brand":[],"product_cat":[479],"product_tag":[],"class_list":{"0":"post-16400","1":"product","2":"type-product","3":"status-publish","4":"has-post-thumbnail","6":"product_cat-barn","8":"first","9":"instock","10":"sale","11":"taxable","12":"shipping-taxable","13":"purchasable","14":"product-type-simple"},"_links":{"self":[{"href":"https:\/\/topholds.com\/sv\/wp-json\/wp\/v2\/product\/16400","targetHints":{"allow":["GET"]}}],"collection":[{"href":"https:\/\/topholds.com\/sv\/wp-json\/wp\/v2\/product"}],"about":[{"href":"https:\/\/topholds.com\/sv\/wp-json\/wp\/v2\/types\/product"}],"replies":[{"embeddable":true,"href":"https:\/\/topholds.com\/sv\/wp-json\/wp\/v2\/comments?post=16400"}],"wp:featuredmedia":[{"embeddable":true,"href":"https:\/\/topholds.com\/sv\/wp-json\/wp\/v2\/media\/18434"}],"wp:attachment":[{"href":"https:\/\/topholds.com\/sv\/wp-json\/wp\/v2\/media?parent=16400"}],"wp:term":[{"taxonomy":"product_brand","embeddable":true,"href":"https:\/\/topholds.com\/sv\/wp-json\/wp\/v2\/product_brand?post=16400"},{"taxonomy":"product_cat","embeddable":true,"href":"https:\/\/topholds.com\/sv\/wp-json\/wp\/v2\/product_cat?post=16400"},{"taxonomy":"product_tag","embeddable":true,"href":"https:\/\/topholds.com\/sv\/wp-json\/wp\/v2\/product_tag?post=16400"}],"curies":[{"name":"wp","href":"https:\/\/api.w.org\/{rel}","templated":true}]}}