{"id":16405,"date":"2016-05-16T19:13:52","date_gmt":"2016-05-16T19:13:52","guid":{"rendered":"https:\/\/topholds.com\/barnklattergrepp-set\/"},"modified":"2025-01-22T08:15:55","modified_gmt":"2025-01-22T08:15:55","slug":"barnklattergrepp-set","status":"publish","type":"product","link":"https:\/\/topholds.com\/sv\/erbjudande\/klattringrepp\/barn\/barnklattergrepp-set\/","title":{"rendered":"Barnkl\u00e4ttergrepp Set"},"content":{"rendered":"<p>Detta <strong>parti av 41 grepp<\/strong> \u00e4r s\u00e4rskilt <strong>designat f\u00f6r sm\u00e5 kl\u00e4ttrare<\/strong>, och erbjuder tydliga och positiva grepp som anpassar sig perfekt till deras sm\u00e5 h\u00e4nder och ger ett optimalt st\u00f6d f\u00f6r f\u00f6tterna, \u00e4ven med skor.<\/p>\n<p>Greppen har en <strong>mjuk och behaglig yta<\/strong>, vilket garanterar en s\u00e4ker och bekv\u00e4m kl\u00e4tterupplevelse f\u00f6r barn.<\/p>\n<p>Fyll din kl\u00e4tterv\u00e4gg med f\u00e4rg och roliga m\u00f6nster med dessa livfulla grepp, som g\u00f6r att utrymmet blir \u00e4nnu mer <strong>attraktivt och stimulerande f\u00f6r sm\u00e5 \u00e4ventyrare<\/strong>.<\/p>\n<p>F\u00f6r att installera greppen p\u00e5 en platta med upp till 19 mm tjocklek, rekommenderar vi att du <strong>anv\u00e4nder 41 Allen-skruvar M10x40 och 41 spidern\u00f6tter M10<\/strong> (det \u00e4r \u00e4ven m\u00f6jligt att anv\u00e4nda skruvar och muttrar M8).<\/p>\n<p>Om du vill placera greppen p\u00e5 en annan typ av yta (tegel, betong, sten, etc.), tveka inte att kontakta oss f\u00f6r att f\u00e5 r\u00e4tt r\u00e5dgivning.<\/p>\n<p>Om du beh\u00f6ver ett st\u00f6rre eller mindre parti som b\u00e4ttre passar dina krav.<\/p>\n<p>T\u00e4nk p\u00e5 att f\u00e4rgerna p\u00e5 produkten kan variera j\u00e4mf\u00f6rt med bilden som visas, men de kommer alltid att vara varierande. Om du \u00f6nskar en specifik f\u00e4rg, tveka inte att kontakta oss.<\/p>\n","protected":false},"excerpt":{"rendered":"<ul>\n<li>Parti av 41 kl\u00e4ttergrepp f\u00f6r barn.<\/li>\n<li>Mjuk textur.<\/li>\n<li>Tydliga och positiva grepp, perfekta f\u00f6r h\u00e4nder och f\u00f6tter.<\/li>\n<li>Tillf\u00f6r f\u00e4rg och roligheter till kl\u00e4tterv\u00e4ggen.<\/li>\n<li>L\u00e4tt att installera p\u00e5 br\u00e4dor upp till 19 mm tjocka.<\/li>\n<\/ul>\n","protected":false},"featured_media":5336,"comment_status":"open","ping_status":"closed","template":"","meta":[],"product_brand":[],"product_cat":[479],"product_tag":[],"class_list":{"0":"post-16405","1":"product","2":"type-product","3":"status-publish","4":"has-post-thumbnail","6":"product_cat-barn","8":"first","9":"instock","10":"sale","11":"featured","12":"taxable","13":"shipping-taxable","14":"purchasable","15":"product-type-simple"},"_links":{"self":[{"href":"https:\/\/topholds.com\/sv\/wp-json\/wp\/v2\/product\/16405","targetHints":{"allow":["GET"]}}],"collection":[{"href":"https:\/\/topholds.com\/sv\/wp-json\/wp\/v2\/product"}],"about":[{"href":"https:\/\/topholds.com\/sv\/wp-json\/wp\/v2\/types\/product"}],"replies":[{"embeddable":true,"href":"https:\/\/topholds.com\/sv\/wp-json\/wp\/v2\/comments?post=16405"}],"wp:featuredmedia":[{"embeddable":true,"href":"https:\/\/topholds.com\/sv\/wp-json\/wp\/v2\/media\/5336"}],"wp:attachment":[{"href":"https:\/\/topholds.com\/sv\/wp-json\/wp\/v2\/media?parent=16405"}],"wp:term":[{"taxonomy":"product_brand","embeddable":true,"href":"https:\/\/topholds.com\/sv\/wp-json\/wp\/v2\/product_brand?post=16405"},{"taxonomy":"product_cat","embeddable":true,"href":"https:\/\/topholds.com\/sv\/wp-json\/wp\/v2\/product_cat?post=16405"},{"taxonomy":"product_tag","embeddable":true,"href":"https:\/\/topholds.com\/sv\/wp-json\/wp\/v2\/product_tag?post=16405"}],"curies":[{"name":"wp","href":"https:\/\/api.w.org\/{rel}","templated":true}]}}