{"id":16410,"date":"2016-05-25T20:48:16","date_gmt":"2016-05-25T20:48:16","guid":{"rendered":"https:\/\/topholds.com\/iris\/"},"modified":"2026-03-29T10:48:27","modified_gmt":"2026-03-29T10:48:27","slug":"iris","status":"publish","type":"product","link":"https:\/\/topholds.com\/sv\/erbjudande\/klattringrepp\/barn\/iris\/","title":{"rendered":"Kl\u00e4ttergrepp Paket Iris"},"content":{"rendered":"<p><strong>Iris \u00e4r ett paket med 6 kl\u00e4ttringshandtag<\/strong> med en behaglig sandstensyta, utformade speciellt f\u00f6r att ge en bekv\u00e4m kl\u00e4ttringsupplevelse.<\/p>\n<p>Dessa handtag har <strong>utm\u00e4rkt grepp, som mycket positiva r\u00e4fflor och kr\u00f6n speciellt anpassade f\u00f6r sm\u00e5 h\u00e4nder<\/strong>, vilket g\u00f6r dem id\u00e9ala f\u00f6r barn eller f\u00f6r dem som tar sina f\u00f6rsta steg inom kl\u00e4ttring.<\/p>\n<p>F\u00f6r att s\u00e4kerst\u00e4lla en s\u00e4ker och h\u00e5llbar installation p\u00e5 din kl\u00e4tterv\u00e4gg rekommenderar vi <strong>att anv\u00e4nda skruvar M10x40 (helst) eller M8x40<\/strong> vid monteringen av handtagen.<\/p>\n<p>Det \u00e4r viktigt att n\u00e4mna att f\u00e4rgerna p\u00e5 handtagen du mottar kan skilja sig fr\u00e5n de som visas p\u00e5 fotografiet. Denna variation kommer dock inte att p\u00e5verka kvaliteten eller prestandan hos handtagen, vilket garanterar en engagerande och stimulerande kl\u00e4ttringsupplevelse med kollektionen IRIS.<\/p>\n","protected":false},"excerpt":{"rendered":"<ul>\n<li>Iris \u00e4r ett set med 6 kl\u00e4ttringsgrepp.<\/li>\n<li>Sandstensstruktur.<\/li>\n<li>Mycket positiva reglar och fickor f\u00f6r sm\u00e5 h\u00e4nder.<\/li>\n<\/ul>\n","protected":false},"featured_media":18499,"comment_status":"open","ping_status":"closed","template":"","meta":[],"product_brand":[],"product_cat":[479,425],"product_tag":[],"class_list":{"0":"post-16410","1":"product","2":"type-product","3":"status-publish","4":"has-post-thumbnail","6":"product_cat-barn","7":"product_cat-klattringrepp","9":"first","10":"instock","11":"taxable","12":"shipping-taxable","13":"purchasable","14":"product-type-simple"},"_links":{"self":[{"href":"https:\/\/topholds.com\/sv\/wp-json\/wp\/v2\/product\/16410","targetHints":{"allow":["GET"]}}],"collection":[{"href":"https:\/\/topholds.com\/sv\/wp-json\/wp\/v2\/product"}],"about":[{"href":"https:\/\/topholds.com\/sv\/wp-json\/wp\/v2\/types\/product"}],"replies":[{"embeddable":true,"href":"https:\/\/topholds.com\/sv\/wp-json\/wp\/v2\/comments?post=16410"}],"wp:featuredmedia":[{"embeddable":true,"href":"https:\/\/topholds.com\/sv\/wp-json\/wp\/v2\/media\/18499"}],"wp:attachment":[{"href":"https:\/\/topholds.com\/sv\/wp-json\/wp\/v2\/media?parent=16410"}],"wp:term":[{"taxonomy":"product_brand","embeddable":true,"href":"https:\/\/topholds.com\/sv\/wp-json\/wp\/v2\/product_brand?post=16410"},{"taxonomy":"product_cat","embeddable":true,"href":"https:\/\/topholds.com\/sv\/wp-json\/wp\/v2\/product_cat?post=16410"},{"taxonomy":"product_tag","embeddable":true,"href":"https:\/\/topholds.com\/sv\/wp-json\/wp\/v2\/product_tag?post=16410"}],"curies":[{"name":"wp","href":"https:\/\/api.w.org\/{rel}","templated":true}]}}