{"id":16415,"date":"2016-05-25T20:55:26","date_gmt":"2016-05-25T20:55:26","guid":{"rendered":"https:\/\/topholds.com\/zinia\/"},"modified":"2025-03-19T08:57:13","modified_gmt":"2025-03-19T08:57:13","slug":"zinia","status":"publish","type":"product","link":"https:\/\/topholds.com\/sv\/erbjudande\/klattringrepp\/zinia\/","title":{"rendered":"Kl\u00e4ttergrepp Paket Zinia"},"content":{"rendered":"<p><strong>Zinia \u00e4r ett paket med 8 kl\u00e4ttringsgrepp<\/strong> med en mjuk sandstenstextur, designade f\u00f6r att tillgodose behoven hos b\u00e5de barn och nyb\u00f6rjare inom kl\u00e4ttring.<\/p>\n<p>Dessa grepp har klamrar i en sk\u00e5lform, <strong>idealiska f\u00f6r dem som just har b\u00f6rjat kl\u00e4ttra<\/strong>. Men om du v\u00e4nder dem hittar du utmanande kantiga former med olika h\u00f6jder, perfekta f\u00f6r mer erfarna kl\u00e4ttrare.<\/p>\n<p>Zinia \u00e4r ett m\u00e5ngsidigt parti, <strong>l\u00e4mpligt f\u00f6r alla typer av \u00f6verh\u00e4ng<\/strong>, och anpassar sig till ett brett spektrum av f\u00e4rdigheter och preferenser.<\/p>\n<p>F\u00f6r en s\u00e4ker och h\u00e5llbar installation rekommenderas det att <strong>anv\u00e4nda skruvar M10x40 (f\u00f6redragsvis) eller M8x40<\/strong>. Dessutom har varje grepp ett <strong>h\u00e5l f\u00f6r skruv som f\u00f6rhindrar rotation<\/strong>, vilket garanterar st\u00f6rre stabilitet och f\u00f6rhindrar o\u00f6nskade r\u00f6relser under anv\u00e4ndning.<\/p>\n<p>T\u00e4nk p\u00e5 att produktens f\u00e4rger kan variera fr\u00e5n den bild som visas. Om du \u00f6nskar en specifik f\u00e4rg, tveka inte att kontakta oss.<\/p>\n","protected":false},"excerpt":{"rendered":"<ul>\n<li>Zinia \u00e4r ett set med 8 kl\u00e4ttergrepp.<\/li>\n<li>Mjukt sandstensstruktur.<\/li>\n<li>Mycket bra grepp i kammaren.<\/li>\n<li>Perfekta f\u00f6r barn eller nyb\u00f6rjare.<\/li>\n<li>Alla med h\u00e5l f\u00f6r skruv som f\u00f6rhindrar rotation.<\/li>\n<\/ul>\n","protected":false},"featured_media":18519,"comment_status":"open","ping_status":"closed","template":"","meta":[],"product_brand":[],"product_cat":[425],"product_tag":[],"class_list":{"0":"post-16415","1":"product","2":"type-product","3":"status-publish","4":"has-post-thumbnail","6":"product_cat-klattringrepp","8":"first","9":"instock","10":"sale","11":"taxable","12":"shipping-taxable","13":"purchasable","14":"product-type-simple"},"_links":{"self":[{"href":"https:\/\/topholds.com\/sv\/wp-json\/wp\/v2\/product\/16415","targetHints":{"allow":["GET"]}}],"collection":[{"href":"https:\/\/topholds.com\/sv\/wp-json\/wp\/v2\/product"}],"about":[{"href":"https:\/\/topholds.com\/sv\/wp-json\/wp\/v2\/types\/product"}],"replies":[{"embeddable":true,"href":"https:\/\/topholds.com\/sv\/wp-json\/wp\/v2\/comments?post=16415"}],"wp:featuredmedia":[{"embeddable":true,"href":"https:\/\/topholds.com\/sv\/wp-json\/wp\/v2\/media\/18519"}],"wp:attachment":[{"href":"https:\/\/topholds.com\/sv\/wp-json\/wp\/v2\/media?parent=16415"}],"wp:term":[{"taxonomy":"product_brand","embeddable":true,"href":"https:\/\/topholds.com\/sv\/wp-json\/wp\/v2\/product_brand?post=16415"},{"taxonomy":"product_cat","embeddable":true,"href":"https:\/\/topholds.com\/sv\/wp-json\/wp\/v2\/product_cat?post=16415"},{"taxonomy":"product_tag","embeddable":true,"href":"https:\/\/topholds.com\/sv\/wp-json\/wp\/v2\/product_tag?post=16415"}],"curies":[{"name":"wp","href":"https:\/\/api.w.org\/{rel}","templated":true}]}}