{"id":16425,"date":"2016-06-04T22:39:30","date_gmt":"2016-06-04T22:39:30","guid":{"rendered":"https:\/\/topholds.com\/roma-55mm\/"},"modified":"2024-08-26T02:40:36","modified_gmt":"2024-08-26T02:40:36","slug":"roma-55mm","status":"publish","type":"product","link":"https:\/\/topholds.com\/sv\/erbjudande\/hinderbana\/traning\/grepp\/roma-55mm\/","title":{"rendered":"Kl\u00e4ttergrepp St\u00e5ng Roma 55mm"},"content":{"rendered":"<p>La <strong>barra Roma de 55mm<\/strong> \u00e4r ett m\u00e5ngsidigt tillbeh\u00f6r utformat f\u00f6r att <strong>komplettera din Campus Board<\/strong> eller bli en utm\u00e4rkt tillskott till din kl\u00e4tterv\u00e4gg. Denna bar l\u00e5ter dig tr\u00e4na med platta grepp och kl\u00e4mmor, vilket f\u00f6rb\u00e4ttrar din styrka och greppf\u00f6rm\u00e5ga.<\/p>\n<p>Med en extremt mjuk och greppv\u00e4nlig yta erbjuder Barra Roma ett <strong>exceptionellt grepp under dina tr\u00e4ningspass<\/strong>. Dess <strong>dimensioner \u00e4r 55 mm i diameter och 100 mm l\u00e5ng<\/strong>, vilket ger en bred och bekv\u00e4m greppyta.<\/p>\n<p>Barra Roma kan <strong>f\u00e4stas enkelt med M10 x 40 eller M8 x 40 insexskruvar<\/strong> eller med skruvar, vilket garanterar en s\u00e4ker och stabil installation p\u00e5 alla ytor.<\/p>\n<p>T\u00e4nk p\u00e5 att f\u00e4rgerna p\u00e5 produkten kan variera i f\u00f6rh\u00e5llande till bilden som visas. Om du \u00f6nskar en specifik f\u00e4rg, tveka inte att kontakta oss.<\/p>\n","protected":false},"excerpt":{"rendered":"<ul>\n<li>Barra f\u00f6r att placera p\u00e5 Campus Board.<\/li>\n<li>Passar som grepp f\u00f6r kl\u00e4tterv\u00e4gg f\u00f6r att tr\u00e4na p\u00e5 romar eller pinser.<\/li>\n<li>Mycket mjuk och klibbig yta.<\/li>\n<\/ul>\n","protected":false},"featured_media":18549,"comment_status":"open","ping_status":"closed","template":"","meta":[],"product_brand":[],"product_cat":[416,518,515,478],"product_tag":[],"class_list":{"0":"post-16425","1":"product","2":"type-product","3":"status-publish","4":"has-post-thumbnail","6":"product_cat-hinderbana","7":"product_cat-grepp","8":"product_cat-traning","9":"product_cat-tranings","11":"first","12":"instock","13":"taxable","14":"shipping-taxable","15":"purchasable","16":"product-type-simple"},"_links":{"self":[{"href":"https:\/\/topholds.com\/sv\/wp-json\/wp\/v2\/product\/16425","targetHints":{"allow":["GET"]}}],"collection":[{"href":"https:\/\/topholds.com\/sv\/wp-json\/wp\/v2\/product"}],"about":[{"href":"https:\/\/topholds.com\/sv\/wp-json\/wp\/v2\/types\/product"}],"replies":[{"embeddable":true,"href":"https:\/\/topholds.com\/sv\/wp-json\/wp\/v2\/comments?post=16425"}],"wp:featuredmedia":[{"embeddable":true,"href":"https:\/\/topholds.com\/sv\/wp-json\/wp\/v2\/media\/18549"}],"wp:attachment":[{"href":"https:\/\/topholds.com\/sv\/wp-json\/wp\/v2\/media?parent=16425"}],"wp:term":[{"taxonomy":"product_brand","embeddable":true,"href":"https:\/\/topholds.com\/sv\/wp-json\/wp\/v2\/product_brand?post=16425"},{"taxonomy":"product_cat","embeddable":true,"href":"https:\/\/topholds.com\/sv\/wp-json\/wp\/v2\/product_cat?post=16425"},{"taxonomy":"product_tag","embeddable":true,"href":"https:\/\/topholds.com\/sv\/wp-json\/wp\/v2\/product_tag?post=16425"}],"curies":[{"name":"wp","href":"https:\/\/api.w.org\/{rel}","templated":true}]}}