{"id":16430,"date":"2016-06-05T13:25:08","date_gmt":"2016-06-05T13:25:08","guid":{"rendered":"https:\/\/topholds.com\/adara\/"},"modified":"2024-08-26T02:41:13","modified_gmt":"2024-08-26T02:41:13","slug":"adara","status":"publish","type":"product","link":"https:\/\/topholds.com\/sv\/erbjudande\/klattringrepp\/adara\/","title":{"rendered":"Kl\u00e4ttergrepp Paket Adara"},"content":{"rendered":"<p><strong>Adara \u00e4r ett paket med 8 grepp f\u00f6r kl\u00e4ttring<\/strong> med en mycket mjuk sandstensyta.<\/p>\n<p>F\u00f6r en bra montering p\u00e5 din kl\u00e4tterv\u00e4gg rekommenderas det att anv\u00e4nda <strong>skruvar M10x40 (f\u00f6redraget) eller M8x40<\/strong> vid installation av greppen.<\/p>\n<p>Varje grepp har ett <strong>skruvh\u00e5l f\u00f6r anti-rotation<\/strong>, vilket ger \u00f6kad stabilitet och f\u00f6rhindrar o\u00f6nskade r\u00f6relser under anv\u00e4ndning, vilket garanterar optimal prestanda vid varje kl\u00e4ttring.<\/p>\n<p>T\u00e4nk p\u00e5 att produktens f\u00e4rger kan variera i f\u00f6rh\u00e5llande till den visade bilden. Om du \u00f6nskar en specifik f\u00e4rg, tveka inte att kontakta oss.<\/p>\n","protected":false},"excerpt":{"rendered":"<ul>\n<li>Adara \u00e4r ett set med 8 kl\u00e4ttringsgrepp.<\/li>\n<li>Mycket mjuk sandstensyta.<\/li>\n<li>Alla grepp har h\u00e5l f\u00f6r skruv som motverkar rotation.<\/li>\n<\/ul>\n","protected":false},"featured_media":18554,"comment_status":"open","ping_status":"closed","template":"","meta":[],"product_brand":[],"product_cat":[425],"product_tag":[],"class_list":{"0":"post-16430","1":"product","2":"type-product","3":"status-publish","4":"has-post-thumbnail","6":"product_cat-klattringrepp","8":"first","9":"instock","10":"taxable","11":"shipping-taxable","12":"purchasable","13":"product-type-simple"},"_links":{"self":[{"href":"https:\/\/topholds.com\/sv\/wp-json\/wp\/v2\/product\/16430","targetHints":{"allow":["GET"]}}],"collection":[{"href":"https:\/\/topholds.com\/sv\/wp-json\/wp\/v2\/product"}],"about":[{"href":"https:\/\/topholds.com\/sv\/wp-json\/wp\/v2\/types\/product"}],"replies":[{"embeddable":true,"href":"https:\/\/topholds.com\/sv\/wp-json\/wp\/v2\/comments?post=16430"}],"wp:featuredmedia":[{"embeddable":true,"href":"https:\/\/topholds.com\/sv\/wp-json\/wp\/v2\/media\/18554"}],"wp:attachment":[{"href":"https:\/\/topholds.com\/sv\/wp-json\/wp\/v2\/media?parent=16430"}],"wp:term":[{"taxonomy":"product_brand","embeddable":true,"href":"https:\/\/topholds.com\/sv\/wp-json\/wp\/v2\/product_brand?post=16430"},{"taxonomy":"product_cat","embeddable":true,"href":"https:\/\/topholds.com\/sv\/wp-json\/wp\/v2\/product_cat?post=16430"},{"taxonomy":"product_tag","embeddable":true,"href":"https:\/\/topholds.com\/sv\/wp-json\/wp\/v2\/product_tag?post=16430"}],"curies":[{"name":"wp","href":"https:\/\/api.w.org\/{rel}","templated":true}]}}