{"id":16435,"date":"2016-06-05T13:34:07","date_gmt":"2016-06-05T13:34:07","guid":{"rendered":"https:\/\/topholds.com\/aurea\/"},"modified":"2024-09-25T14:05:46","modified_gmt":"2024-09-25T14:05:46","slug":"aurea","status":"publish","type":"product","link":"https:\/\/topholds.com\/sv\/erbjudande\/klattringrepp\/barn\/aurea\/","title":{"rendered":"Kl\u00e4ttergrepp Paket Aurea"},"content":{"rendered":"<p><strong>Aurea \u00e4r ett pack med 12 kl\u00e4ttergrepp<\/strong> med en delikat sandstensstruktur, som erbjuder en extremt mjuk och behaglig k\u00e4nsla.<\/p>\n<p>F\u00f6r att s\u00e4kerst\u00e4lla en solid och h\u00e5llbar installation p\u00e5 din kl\u00e4tterv\u00e4gg, <strong>rekommenderar vi anv\u00e4ndning av skruvar M10x40 (helst) eller M8x40<\/strong> vid montering av greppen.<\/p>\n<p>T\u00e4nk p\u00e5 att f\u00e4rgerna p\u00e5 produkten kan variera j\u00e4mf\u00f6rt med bilden som visas. Om du \u00f6nskar en specifik f\u00e4rg, tveka inte att kontakta oss.<\/p>\n","protected":false},"excerpt":{"rendered":"<ul>\n<li>Aurea \u00e4r ett set med 12 kl\u00e4ttergrepp.<\/li>\n<li>Mycket mjuk sandstensstruktur.<\/li>\n<\/ul>\n","protected":false},"featured_media":4836,"comment_status":"open","ping_status":"closed","template":"","meta":[],"product_brand":[],"product_cat":[479,425],"product_tag":[],"class_list":{"0":"post-16435","1":"product","2":"type-product","3":"status-publish","4":"has-post-thumbnail","6":"product_cat-barn","7":"product_cat-klattringrepp","9":"first","10":"instock","11":"taxable","12":"shipping-taxable","13":"purchasable","14":"product-type-simple"},"_links":{"self":[{"href":"https:\/\/topholds.com\/sv\/wp-json\/wp\/v2\/product\/16435","targetHints":{"allow":["GET"]}}],"collection":[{"href":"https:\/\/topholds.com\/sv\/wp-json\/wp\/v2\/product"}],"about":[{"href":"https:\/\/topholds.com\/sv\/wp-json\/wp\/v2\/types\/product"}],"replies":[{"embeddable":true,"href":"https:\/\/topholds.com\/sv\/wp-json\/wp\/v2\/comments?post=16435"}],"wp:featuredmedia":[{"embeddable":true,"href":"https:\/\/topholds.com\/sv\/wp-json\/wp\/v2\/media\/4836"}],"wp:attachment":[{"href":"https:\/\/topholds.com\/sv\/wp-json\/wp\/v2\/media?parent=16435"}],"wp:term":[{"taxonomy":"product_brand","embeddable":true,"href":"https:\/\/topholds.com\/sv\/wp-json\/wp\/v2\/product_brand?post=16435"},{"taxonomy":"product_cat","embeddable":true,"href":"https:\/\/topholds.com\/sv\/wp-json\/wp\/v2\/product_cat?post=16435"},{"taxonomy":"product_tag","embeddable":true,"href":"https:\/\/topholds.com\/sv\/wp-json\/wp\/v2\/product_tag?post=16435"}],"curies":[{"name":"wp","href":"https:\/\/api.w.org\/{rel}","templated":true}]}}