{"id":16440,"date":"2016-06-05T16:00:11","date_gmt":"2016-06-05T16:00:11","guid":{"rendered":"https:\/\/topholds.com\/barnklattergrepp-set2\/"},"modified":"2025-12-02T08:39:53","modified_gmt":"2025-12-02T08:39:53","slug":"barnklattergrepp-set2","status":"publish","type":"product","link":"https:\/\/topholds.com\/sv\/erbjudande\/klattringrepp\/barn\/barnklattergrepp-set2\/","title":{"rendered":"Barnkl\u00e4ttergrepp Set 2"},"content":{"rendered":"<p>Det <strong>andra partiet av barntag 2 best\u00e5r av 58 kl\u00e4ttergrepp<\/strong>, speciellt utvalda f\u00f6r barn och nyb\u00f6rjare inom kl\u00e4ttring.<\/p>\n<p>Varje grepp har valet noggrant f\u00f6r sin <strong>mjuka textur och l\u00e4tthet att greppa<\/strong>, \u00e4ven f\u00f6r de minsta h\u00e4nderna. Dessutom har alla grepp en l\u00e4mplig h\u00f6jd f\u00f6r att underl\u00e4tta fotst\u00f6d, med tanke p\u00e5 att de flesta barn kl\u00e4ttrar med skor.<\/p>\n<p>Dessa <strong>f\u00e4rgglada och roliga grepp kommer att fylla din kl\u00e4tterv\u00e4gg med gl\u00e4dje och sp\u00e4nning<\/strong>, vilket g\u00f6r den mer attraktiv f\u00f6r de sm\u00e5 kl\u00e4ttrarna i vardande. \u00c4ven om f\u00e4rgerna kan variera fr\u00e5n de som visas p\u00e5 bilden, ser vi till att nyanserna \u00e4r s\u00e5 varierade som m\u00f6jligt.<\/p>\n<p>F\u00f6r installation av greppen p\u00e5 en skiva upp till 19 mm rekommenderar vi &#8221;set f\u00e4sten f\u00f6r partiet barntag 2&#8221;, som inkluderar:<\/p>\n<ul>\n<li>58 M10x40 insexskruvar<\/li>\n<li>58 M10 spindelnuts (det g\u00e5r \u00e4ven att anv\u00e4nda M8 skruvar och muttrar)<\/li>\n<\/ul>\n<p>Om du \u00f6nskar ett parti av st\u00f6rre eller mindre storlek, anpassat efter dina specifika behov, tveka inte att kontakta oss.<\/p>\n<p>Om du vill installera greppen p\u00e5 en annan yta, som tegel, betong eller sten, v\u00e4nligen kontakta oss s\u00e5 ger vi dig den information du beh\u00f6ver f\u00f6r en s\u00e4ker och effektiv installation.<\/p>\n","protected":false},"excerpt":{"rendered":"<ul>\n<li>Parti av 58 kl\u00e4ttergrepp.<\/li>\n<li>Perfekta f\u00f6r barn och nyb\u00f6rjare.<\/li>\n<li>Mjukhet i textur samt l\u00e4tt grepp f\u00f6r barn.<\/li>\n<\/ul>\n","protected":false},"featured_media":5329,"comment_status":"open","ping_status":"closed","template":"","meta":[],"product_brand":[],"product_cat":[479],"product_tag":[],"class_list":{"0":"post-16440","1":"product","2":"type-product","3":"status-publish","4":"has-post-thumbnail","6":"product_cat-barn","8":"first","9":"instock","10":"sale","11":"taxable","12":"shipping-taxable","13":"purchasable","14":"product-type-simple"},"_links":{"self":[{"href":"https:\/\/topholds.com\/sv\/wp-json\/wp\/v2\/product\/16440","targetHints":{"allow":["GET"]}}],"collection":[{"href":"https:\/\/topholds.com\/sv\/wp-json\/wp\/v2\/product"}],"about":[{"href":"https:\/\/topholds.com\/sv\/wp-json\/wp\/v2\/types\/product"}],"replies":[{"embeddable":true,"href":"https:\/\/topholds.com\/sv\/wp-json\/wp\/v2\/comments?post=16440"}],"wp:featuredmedia":[{"embeddable":true,"href":"https:\/\/topholds.com\/sv\/wp-json\/wp\/v2\/media\/5329"}],"wp:attachment":[{"href":"https:\/\/topholds.com\/sv\/wp-json\/wp\/v2\/media?parent=16440"}],"wp:term":[{"taxonomy":"product_brand","embeddable":true,"href":"https:\/\/topholds.com\/sv\/wp-json\/wp\/v2\/product_brand?post=16440"},{"taxonomy":"product_cat","embeddable":true,"href":"https:\/\/topholds.com\/sv\/wp-json\/wp\/v2\/product_cat?post=16440"},{"taxonomy":"product_tag","embeddable":true,"href":"https:\/\/topholds.com\/sv\/wp-json\/wp\/v2\/product_tag?post=16440"}],"curies":[{"name":"wp","href":"https:\/\/api.w.org\/{rel}","templated":true}]}}