{"id":16445,"date":"2016-07-05T18:32:13","date_gmt":"2016-07-05T18:32:13","guid":{"rendered":"https:\/\/topholds.com\/insatsmutter-skruvning-m10\/"},"modified":"2024-08-26T02:43:00","modified_gmt":"2024-08-26T02:43:00","slug":"insatsmutter-skruvning-m10","status":"publish","type":"product","link":"https:\/\/topholds.com\/sv\/erbjudande\/fasten\/muttrar\/insatsmutter-skruvning-m10\/","title":{"rendered":"Insatsmutter f\u00f6r Skruvning M10"},"content":{"rendered":"<p>La <strong>ins\u00e4ttning f\u00f6r M10-skruv<\/strong> \u00e4r en essensiell komponent f\u00f6r dina monteringsprojekt, som har 3 h\u00e5l speciellt utformade f\u00f6r att underl\u00e4tta f\u00e4stning med skruvar.<\/p>\n<p>Tack vare sin f\u00f6rzinkade yta erbjuder denna ins\u00e4ttning ett \u00f6kat skydd mot korrosion och slitage, vilket f\u00f6rl\u00e4nger dess livsl\u00e4ngd och h\u00e5ller dess utseende och funktionalitet intakt.<\/p>\n","protected":false},"excerpt":{"rendered":"<ul>\n<li>Gr\u00e5tt M10 insatsmutter med 3 h\u00e5l f\u00f6r skruv med skruvskallar.<\/li>\n<li>Tillg\u00e4nglig i stora m\u00e4ngder.<\/li>\n<\/ul>\n","protected":false},"featured_media":4872,"comment_status":"open","ping_status":"closed","template":"","meta":[],"product_brand":[],"product_cat":[424,488],"product_tag":[],"class_list":{"0":"post-16445","1":"product","2":"type-product","3":"status-publish","4":"has-post-thumbnail","6":"product_cat-fasten","7":"product_cat-muttrar","9":"first","10":"instock","11":"taxable","12":"shipping-taxable","13":"purchasable","14":"product-type-simple"},"_links":{"self":[{"href":"https:\/\/topholds.com\/sv\/wp-json\/wp\/v2\/product\/16445","targetHints":{"allow":["GET"]}}],"collection":[{"href":"https:\/\/topholds.com\/sv\/wp-json\/wp\/v2\/product"}],"about":[{"href":"https:\/\/topholds.com\/sv\/wp-json\/wp\/v2\/types\/product"}],"replies":[{"embeddable":true,"href":"https:\/\/topholds.com\/sv\/wp-json\/wp\/v2\/comments?post=16445"}],"wp:featuredmedia":[{"embeddable":true,"href":"https:\/\/topholds.com\/sv\/wp-json\/wp\/v2\/media\/4872"}],"wp:attachment":[{"href":"https:\/\/topholds.com\/sv\/wp-json\/wp\/v2\/media?parent=16445"}],"wp:term":[{"taxonomy":"product_brand","embeddable":true,"href":"https:\/\/topholds.com\/sv\/wp-json\/wp\/v2\/product_brand?post=16445"},{"taxonomy":"product_cat","embeddable":true,"href":"https:\/\/topholds.com\/sv\/wp-json\/wp\/v2\/product_cat?post=16445"},{"taxonomy":"product_tag","embeddable":true,"href":"https:\/\/topholds.com\/sv\/wp-json\/wp\/v2\/product_tag?post=16445"}],"curies":[{"name":"wp","href":"https:\/\/api.w.org\/{rel}","templated":true}]}}