{"id":16450,"date":"2016-07-23T19:40:59","date_gmt":"2016-07-23T19:40:59","guid":{"rendered":"https:\/\/topholds.com\/the-game\/"},"modified":"2024-08-26T02:43:44","modified_gmt":"2024-08-26T02:43:44","slug":"the-game","status":"publish","type":"product","link":"https:\/\/topholds.com\/sv\/erbjudande\/klattringrepp\/barn\/the-game\/","title":{"rendered":"Kl\u00e4ttergrepp Paket The Game"},"content":{"rendered":"<p><strong>The Game \u00e4r ett paket med 5 kl\u00e4ttergrepp<\/strong> med en mjuk sandstensliknande textur som ger ett bekv\u00e4mt och s\u00e4kert grepp.<\/p>\n<p>Tack vare sin mjuka textur och l\u00e4tthet att greppa, som <strong>inkluderar positiva reglar, neutrala och kl\u00e4mgrepp<\/strong>, \u00e4r dessa <em>grepp idealiska f\u00f6r att de minsta ska ha kul<\/em> och njuta av maximal gl\u00e4dje i kl\u00e4tterhallen.<\/p>\n<p>F\u00f6r en s\u00e4ker och stabil montering rekommenderar vi <strong>att anv\u00e4nda M10x40 (fr\u00e4mst) eller M8x40 skruvar<\/strong> vid installation av greppen p\u00e5 din kl\u00e4tterv\u00e4gg.<\/p>\n<p>Varje grepp \u00e4r <strong>utrustad med ett anti-rotation skruvh\u00e5l<\/strong>, vilket garanterar st\u00f6rre stabilitet och f\u00f6rhindrar o\u00f6nskade r\u00f6relser under anv\u00e4ndning.<\/p>\n<p>T\u00e4nk p\u00e5 att produktens f\u00e4rger kan variera j\u00e4mf\u00f6rt med bilden som visas. Om du \u00f6nskar en specifik f\u00e4rg, tveka inte att kontakta oss.<\/p>\n","protected":false},"excerpt":{"rendered":"<ul>\n<li>The Game \u00e4r ett paket med 5 kl\u00e4ttringshandtag.<\/li>\n<li>Sl\u00e4t sandstensyta.<\/li>\n<li>Alla handtag \u00e4r f\u00f6rsedda med h\u00e5l f\u00f6r skruvar som f\u00f6rhindrar rotation.<\/li>\n<li>Perfekta f\u00f6r att sm\u00e5 barn ska ha kul i kl\u00e4tterhallen.<\/li>\n<\/ul>\n<p>&nbsp;<\/p>\n","protected":false},"featured_media":18579,"comment_status":"open","ping_status":"closed","template":"","meta":[],"product_brand":[],"product_cat":[479,425],"product_tag":[],"class_list":{"0":"post-16450","1":"product","2":"type-product","3":"status-publish","4":"has-post-thumbnail","6":"product_cat-barn","7":"product_cat-klattringrepp","9":"first","10":"instock","11":"sale","12":"taxable","13":"shipping-taxable","14":"purchasable","15":"product-type-simple"},"_links":{"self":[{"href":"https:\/\/topholds.com\/sv\/wp-json\/wp\/v2\/product\/16450","targetHints":{"allow":["GET"]}}],"collection":[{"href":"https:\/\/topholds.com\/sv\/wp-json\/wp\/v2\/product"}],"about":[{"href":"https:\/\/topholds.com\/sv\/wp-json\/wp\/v2\/types\/product"}],"replies":[{"embeddable":true,"href":"https:\/\/topholds.com\/sv\/wp-json\/wp\/v2\/comments?post=16450"}],"wp:featuredmedia":[{"embeddable":true,"href":"https:\/\/topholds.com\/sv\/wp-json\/wp\/v2\/media\/18579"}],"wp:attachment":[{"href":"https:\/\/topholds.com\/sv\/wp-json\/wp\/v2\/media?parent=16450"}],"wp:term":[{"taxonomy":"product_brand","embeddable":true,"href":"https:\/\/topholds.com\/sv\/wp-json\/wp\/v2\/product_brand?post=16450"},{"taxonomy":"product_cat","embeddable":true,"href":"https:\/\/topholds.com\/sv\/wp-json\/wp\/v2\/product_cat?post=16450"},{"taxonomy":"product_tag","embeddable":true,"href":"https:\/\/topholds.com\/sv\/wp-json\/wp\/v2\/product_tag?post=16450"}],"curies":[{"name":"wp","href":"https:\/\/api.w.org\/{rel}","templated":true}]}}