{"id":16460,"date":"2016-08-07T17:16:54","date_gmt":"2016-08-07T17:16:54","guid":{"rendered":"https:\/\/topholds.com\/climbing-tokyo\/"},"modified":"2024-08-26T02:44:56","modified_gmt":"2024-08-26T02:44:56","slug":"climbing-tokyo","status":"publish","type":"product","link":"https:\/\/topholds.com\/sv\/erbjudande\/klattringrepp\/climbing-tokyo\/","title":{"rendered":"Kl\u00e4ttergrepp Paket Climbing Tokyo"},"content":{"rendered":"<p>Climbing Tokyo \u00e4r ett <strong>paket med 4 kl\u00e4ttringshandtag<\/strong> med sandstensstruktur. Dessa grepp erbjuder en utmanande och varierad grip, perfekt f\u00f6r att berika din kl\u00e4ttringsupplevelse och anpassa sig till olika f\u00e4rdighetsniv\u00e5er.<\/p>\n<p>F\u00f6r att s\u00e4kerst\u00e4lla en solid och s\u00e4ker montering rekommenderas det att <strong>anv\u00e4nda skruvar M10x40 (f\u00f6redragsvis) eller M8x40<\/strong> vid installation av handtagen p\u00e5 din kl\u00e4tterv\u00e4gg.<\/p>\n<p>Dessutom har varje <strong>handtag ett h\u00e5l f\u00f6r skruv mot rotation<\/strong>, vilket ger st\u00f6rre stabilitet och f\u00f6rhindrar o\u00f6nskad r\u00f6relse under anv\u00e4ndning.<\/p>\n<p>T\u00e4nk p\u00e5 att f\u00e4rgerna p\u00e5 produkten kan variera i f\u00f6rh\u00e5llande till bilden som visas. Om du \u00f6nskar en specifik f\u00e4rg, tveka inte att kontakta oss.<\/p>\n","protected":false},"excerpt":{"rendered":"<ul>\n<li>Climbing Tokyo \u00e4r ett set med 4 kl\u00e4ttringsgrepp.<\/li>\n<li>Sandstensstruktur.<\/li>\n<li>Alla med h\u00e5l f\u00f6r anti-rotationsskruv.<\/li>\n<\/ul>\n","protected":false},"featured_media":18619,"comment_status":"open","ping_status":"closed","template":"","meta":[],"product_brand":[],"product_cat":[425],"product_tag":[],"class_list":{"0":"post-16460","1":"product","2":"type-product","3":"status-publish","4":"has-post-thumbnail","6":"product_cat-klattringrepp","8":"first","9":"instock","10":"taxable","11":"shipping-taxable","12":"purchasable","13":"product-type-simple"},"_links":{"self":[{"href":"https:\/\/topholds.com\/sv\/wp-json\/wp\/v2\/product\/16460","targetHints":{"allow":["GET"]}}],"collection":[{"href":"https:\/\/topholds.com\/sv\/wp-json\/wp\/v2\/product"}],"about":[{"href":"https:\/\/topholds.com\/sv\/wp-json\/wp\/v2\/types\/product"}],"replies":[{"embeddable":true,"href":"https:\/\/topholds.com\/sv\/wp-json\/wp\/v2\/comments?post=16460"}],"wp:featuredmedia":[{"embeddable":true,"href":"https:\/\/topholds.com\/sv\/wp-json\/wp\/v2\/media\/18619"}],"wp:attachment":[{"href":"https:\/\/topholds.com\/sv\/wp-json\/wp\/v2\/media?parent=16460"}],"wp:term":[{"taxonomy":"product_brand","embeddable":true,"href":"https:\/\/topholds.com\/sv\/wp-json\/wp\/v2\/product_brand?post=16460"},{"taxonomy":"product_cat","embeddable":true,"href":"https:\/\/topholds.com\/sv\/wp-json\/wp\/v2\/product_cat?post=16460"},{"taxonomy":"product_tag","embeddable":true,"href":"https:\/\/topholds.com\/sv\/wp-json\/wp\/v2\/product_tag?post=16460"}],"curies":[{"name":"wp","href":"https:\/\/api.w.org\/{rel}","templated":true}]}}