{"id":16465,"date":"2016-08-15T19:05:14","date_gmt":"2016-08-15T19:05:14","guid":{"rendered":"https:\/\/topholds.com\/eco\/"},"modified":"2024-08-26T02:45:42","modified_gmt":"2024-08-26T02:45:42","slug":"eco","status":"publish","type":"product","link":"https:\/\/topholds.com\/sv\/erbjudande\/klattringrepp\/barn\/eco\/","title":{"rendered":"Barnkl\u00e4ttergrepp Paket Eco"},"content":{"rendered":"<p>Eco \u00e4r ett<strong> paket med 6 kl\u00e4ttringsgrepp f\u00f6r barn<\/strong> med en sandstensliknande textur, som ger en autentisk och naturlig k\u00e4nsla av grepp.<\/p>\n<p>F\u00f6r att s\u00e4kerst\u00e4lla en s\u00e4ker och stabil installation rekommenderar vi<strong> anv\u00e4ndning av skruvar M10x40 (f\u00f6redraget) eller M8x40<\/strong> vid f\u00e4stning av greppen p\u00e5 din kl\u00e4ttringsv\u00e4gg.<\/p>\n<p>T\u00e4nk p\u00e5 att f\u00e4rgerna p\u00e5 produkten kan variera fr\u00e5n den visade bilden. Om du \u00f6nskar en specifik f\u00e4rg, tveka inte att kontakta oss.<\/p>\n","protected":false},"excerpt":{"rendered":"<ul>\n<li>Eco \u00e4r ett set med 6 kl\u00e4ttergrepp f\u00f6r barn.<\/li>\n<li>Skr\u00e4ddarsydd sandstensstruktur.<\/li>\n<\/ul>\n<p>&nbsp;<\/p>\n","protected":false},"featured_media":4928,"comment_status":"open","ping_status":"closed","template":"","meta":[],"product_brand":[],"product_cat":[479,425],"product_tag":[],"class_list":{"0":"post-16465","1":"product","2":"type-product","3":"status-publish","4":"has-post-thumbnail","6":"product_cat-barn","7":"product_cat-klattringrepp","9":"first","10":"instock","11":"taxable","12":"shipping-taxable","13":"purchasable","14":"product-type-simple"},"_links":{"self":[{"href":"https:\/\/topholds.com\/sv\/wp-json\/wp\/v2\/product\/16465","targetHints":{"allow":["GET"]}}],"collection":[{"href":"https:\/\/topholds.com\/sv\/wp-json\/wp\/v2\/product"}],"about":[{"href":"https:\/\/topholds.com\/sv\/wp-json\/wp\/v2\/types\/product"}],"replies":[{"embeddable":true,"href":"https:\/\/topholds.com\/sv\/wp-json\/wp\/v2\/comments?post=16465"}],"wp:featuredmedia":[{"embeddable":true,"href":"https:\/\/topholds.com\/sv\/wp-json\/wp\/v2\/media\/4928"}],"wp:attachment":[{"href":"https:\/\/topholds.com\/sv\/wp-json\/wp\/v2\/media?parent=16465"}],"wp:term":[{"taxonomy":"product_brand","embeddable":true,"href":"https:\/\/topholds.com\/sv\/wp-json\/wp\/v2\/product_brand?post=16465"},{"taxonomy":"product_cat","embeddable":true,"href":"https:\/\/topholds.com\/sv\/wp-json\/wp\/v2\/product_cat?post=16465"},{"taxonomy":"product_tag","embeddable":true,"href":"https:\/\/topholds.com\/sv\/wp-json\/wp\/v2\/product_tag?post=16465"}],"curies":[{"name":"wp","href":"https:\/\/api.w.org\/{rel}","templated":true}]}}