{"id":16470,"date":"2016-09-08T19:20:00","date_gmt":"2016-09-08T19:20:00","guid":{"rendered":"https:\/\/topholds.com\/acuario\/"},"modified":"2025-06-23T11:02:02","modified_gmt":"2025-06-23T11:02:02","slug":"acuario","status":"publish","type":"product","link":"https:\/\/topholds.com\/sv\/erbjudande\/klattringrepp\/barn\/acuario\/","title":{"rendered":"Kl\u00e4ttergrepp Paket Acuario"},"content":{"rendered":"<p>Acuario \u00e4r ett <strong>paket med 6 kl\u00e4ttringsgrepp<\/strong> med en mjuk och sl\u00e4t textur, designade f\u00f6r att erbjuda en unik greppupplevelse. Detta urval av grepp passar perfekt f\u00f6r en m\u00e4ngd olika f\u00e4rdighetsniv\u00e5er och kl\u00e4ttringsstilar.<\/p>\n<p>F\u00f6r installation rekommenderar vi <strong>anv\u00e4ndning av skruvar M10x40 eller M8x40<\/strong>.<\/p>\n<p>T\u00e4nk p\u00e5 att f\u00e4rgerna p\u00e5 produkten kan variera j\u00e4mf\u00f6rt med bilden som visas. Om du \u00f6nskar en specifik f\u00e4rg, tveka inte att kontakta oss.<\/p>\n","protected":false},"excerpt":{"rendered":"<ul>\n<li>Acuario \u00e4r en upps\u00e4ttning av 6 kl\u00e4tterh\u00e5l.<\/li>\n<li>Sl\u00e4t textur.<\/li>\n<\/ul>\n","protected":false},"featured_media":18659,"comment_status":"open","ping_status":"closed","template":"","meta":[],"product_brand":[],"product_cat":[479],"product_tag":[],"class_list":{"0":"post-16470","1":"product","2":"type-product","3":"status-publish","4":"has-post-thumbnail","6":"product_cat-barn","8":"first","9":"instock","10":"sale","11":"taxable","12":"shipping-taxable","13":"purchasable","14":"product-type-simple"},"_links":{"self":[{"href":"https:\/\/topholds.com\/sv\/wp-json\/wp\/v2\/product\/16470","targetHints":{"allow":["GET"]}}],"collection":[{"href":"https:\/\/topholds.com\/sv\/wp-json\/wp\/v2\/product"}],"about":[{"href":"https:\/\/topholds.com\/sv\/wp-json\/wp\/v2\/types\/product"}],"replies":[{"embeddable":true,"href":"https:\/\/topholds.com\/sv\/wp-json\/wp\/v2\/comments?post=16470"}],"wp:featuredmedia":[{"embeddable":true,"href":"https:\/\/topholds.com\/sv\/wp-json\/wp\/v2\/media\/18659"}],"wp:attachment":[{"href":"https:\/\/topholds.com\/sv\/wp-json\/wp\/v2\/media?parent=16470"}],"wp:term":[{"taxonomy":"product_brand","embeddable":true,"href":"https:\/\/topholds.com\/sv\/wp-json\/wp\/v2\/product_brand?post=16470"},{"taxonomy":"product_cat","embeddable":true,"href":"https:\/\/topholds.com\/sv\/wp-json\/wp\/v2\/product_cat?post=16470"},{"taxonomy":"product_tag","embeddable":true,"href":"https:\/\/topholds.com\/sv\/wp-json\/wp\/v2\/product_tag?post=16470"}],"curies":[{"name":"wp","href":"https:\/\/api.w.org\/{rel}","templated":true}]}}