{"id":16475,"date":"2016-09-08T19:33:50","date_gmt":"2016-09-08T19:33:50","guid":{"rendered":"https:\/\/topholds.com\/sakerhetsskruv-10x60\/"},"modified":"2024-08-26T02:47:06","modified_gmt":"2024-08-26T02:47:06","slug":"sakerhetsskruv-10x60","status":"publish","type":"product","link":"https:\/\/topholds.com\/sv\/erbjudande\/fasten\/vaggankare\/sakerhetsskruv-10x60\/","title":{"rendered":"S\u00e4kerhetsskruv 10\u00d760"},"content":{"rendered":"<p>Det <strong>of\u00f6r\u00e4nderliga skruven 10&#215;60<\/strong> \u00e4r designad med en mekanism som g\u00f6r den of\u00f6r\u00e4nderlig n\u00e4r den \u00e4r \u00e5tdragen, genom att helt enkelt placera en stj\u00e4rna p\u00e5 skruvhuvudet.<\/p>\n<p>Kontakta oss f\u00f6r pris vid stora best\u00e4llningar.<\/p>\n","protected":false},"excerpt":{"rendered":"<ul>\n<li>Metallankare<\/li>\n<li>M\u00f6jlighet att g\u00f6ra det o\u00e5tkomligt n\u00e4r det har stramats \u00e5t.<\/li>\n<li>Tillg\u00e4ngligt i stora m\u00e4ngder.<\/li>\n<\/ul>\n","protected":false},"featured_media":4952,"comment_status":"open","ping_status":"closed","template":"","meta":[],"product_brand":[],"product_cat":[424,489],"product_tag":[],"class_list":{"0":"post-16475","1":"product","2":"type-product","3":"status-publish","4":"has-post-thumbnail","6":"product_cat-fasten","7":"product_cat-vaggankare","9":"first","10":"instock","11":"taxable","12":"shipping-taxable","13":"purchasable","14":"product-type-simple"},"_links":{"self":[{"href":"https:\/\/topholds.com\/sv\/wp-json\/wp\/v2\/product\/16475","targetHints":{"allow":["GET"]}}],"collection":[{"href":"https:\/\/topholds.com\/sv\/wp-json\/wp\/v2\/product"}],"about":[{"href":"https:\/\/topholds.com\/sv\/wp-json\/wp\/v2\/types\/product"}],"replies":[{"embeddable":true,"href":"https:\/\/topholds.com\/sv\/wp-json\/wp\/v2\/comments?post=16475"}],"wp:featuredmedia":[{"embeddable":true,"href":"https:\/\/topholds.com\/sv\/wp-json\/wp\/v2\/media\/4952"}],"wp:attachment":[{"href":"https:\/\/topholds.com\/sv\/wp-json\/wp\/v2\/media?parent=16475"}],"wp:term":[{"taxonomy":"product_brand","embeddable":true,"href":"https:\/\/topholds.com\/sv\/wp-json\/wp\/v2\/product_brand?post=16475"},{"taxonomy":"product_cat","embeddable":true,"href":"https:\/\/topholds.com\/sv\/wp-json\/wp\/v2\/product_cat?post=16475"},{"taxonomy":"product_tag","embeddable":true,"href":"https:\/\/topholds.com\/sv\/wp-json\/wp\/v2\/product_tag?post=16475"}],"curies":[{"name":"wp","href":"https:\/\/api.w.org\/{rel}","templated":true}]}}