{"id":16480,"date":"2016-09-08T19:47:22","date_gmt":"2016-09-08T19:47:22","guid":{"rendered":"https:\/\/topholds.com\/klattergrepp-nyckelring-bulder\/"},"modified":"2024-08-26T02:48:29","modified_gmt":"2024-08-26T02:48:29","slug":"klattergrepp-nyckelring-bulder","status":"publish","type":"product","link":"https:\/\/topholds.com\/sv\/erbjudande\/tillbehor\/nyckelringar\/klattergrepp-nyckelring-bulder\/","title":{"rendered":"Kl\u00e4ttergrepp Nyckelring Bulder"},"content":{"rendered":"<p>Det <strong>nyckelbandet i form av en kl\u00e4ttergrepp Bulder<\/strong> \u00e4r designat speciellt f\u00f6r kl\u00e4ttrings- och \u00e4ventyrs\u00e4lskare.<\/p>\n<p>Denna accessoar \u00e4r inte bara funktionell, utan <strong>framkallar ocks\u00e5 positiva k\u00e4nslor varje g\u00e5ng du tar dina nycklar<\/strong>. Det perfekta nyckelbandet f\u00f6r den som vill h\u00e5lla \u00e4ventyrslusten vid liv hela tiden.<\/p>\n<p>Observera att produktens f\u00e4rger kan variera fr\u00e5n bilden som visas. Om du \u00f6nskar en specifik f\u00e4rg, tveka inte att kontakta oss.<\/p>\n","protected":false},"excerpt":{"rendered":"<ul>\n<li>Nyckelring i form av en kl\u00e4ttergrepp.<\/li>\n<\/ul>\n","protected":false},"featured_media":18669,"comment_status":"open","ping_status":"closed","template":"","meta":[],"product_brand":[],"product_cat":[508,422],"product_tag":[],"class_list":{"0":"post-16480","1":"product","2":"type-product","3":"status-publish","4":"has-post-thumbnail","6":"product_cat-nyckelringar","7":"product_cat-tillbehor","9":"first","10":"outofstock","11":"taxable","12":"shipping-taxable","13":"purchasable","14":"product-type-simple"},"_links":{"self":[{"href":"https:\/\/topholds.com\/sv\/wp-json\/wp\/v2\/product\/16480","targetHints":{"allow":["GET"]}}],"collection":[{"href":"https:\/\/topholds.com\/sv\/wp-json\/wp\/v2\/product"}],"about":[{"href":"https:\/\/topholds.com\/sv\/wp-json\/wp\/v2\/types\/product"}],"replies":[{"embeddable":true,"href":"https:\/\/topholds.com\/sv\/wp-json\/wp\/v2\/comments?post=16480"}],"wp:featuredmedia":[{"embeddable":true,"href":"https:\/\/topholds.com\/sv\/wp-json\/wp\/v2\/media\/18669"}],"wp:attachment":[{"href":"https:\/\/topholds.com\/sv\/wp-json\/wp\/v2\/media?parent=16480"}],"wp:term":[{"taxonomy":"product_brand","embeddable":true,"href":"https:\/\/topholds.com\/sv\/wp-json\/wp\/v2\/product_brand?post=16480"},{"taxonomy":"product_cat","embeddable":true,"href":"https:\/\/topholds.com\/sv\/wp-json\/wp\/v2\/product_cat?post=16480"},{"taxonomy":"product_tag","embeddable":true,"href":"https:\/\/topholds.com\/sv\/wp-json\/wp\/v2\/product_tag?post=16480"}],"curies":[{"name":"wp","href":"https:\/\/api.w.org\/{rel}","templated":true}]}}