{"id":16490,"date":"2016-10-15T21:51:57","date_gmt":"2016-10-15T21:51:57","guid":{"rendered":"https:\/\/topholds.com\/oferta\/presas-escalada\/angle-copiar\/caprichos\/"},"modified":"2024-08-26T02:51:19","modified_gmt":"2024-08-26T02:51:19","slug":"caprichos","status":"publish","type":"product","link":"https:\/\/topholds.com\/sv\/erbjudande\/klattringrepp\/caprichos\/","title":{"rendered":"Kl\u00e4ttergrepp Paket Caprichos"},"content":{"rendered":"<p><strong>Caprichos \u00e4r ett pack med 8 kl\u00e4ttringsholkar<\/strong> med en mjuk och behaglig sandstensstruktur.<\/p>\n<p>Detta urval av <strong>holkar inkluderar positiva och neutrala grepp<\/strong>, vilket garanterar en bred variation av grepp och utmaningar f\u00f6r kl\u00e4ttrare p\u00e5 alla niv\u00e5er.<\/p>\n<p>F\u00f6r att installera dessa holkar p\u00e5 b\u00e4sta s\u00e4tt rekommenderas det att <strong>anv\u00e4nda skruvar M10x40 eller M8x40<\/strong>, vilket s\u00e4kerst\u00e4ller en solid och h\u00e5llbar f\u00e4stning i din kl\u00e4tterv\u00e4gg.<\/p>\n<p>T\u00e4nk p\u00e5 att f\u00e4rgerna p\u00e5 produkten kan variera fr\u00e5n bilden som visas. Om du \u00f6nskar en specifik f\u00e4rg, tveka inte att kontakta oss.<\/p>\n","protected":false},"excerpt":{"rendered":"<ul>\n<li>Caprichos \u00e4r ett paket med 8 klippblock f\u00f6r kl\u00e4ttring.<\/li>\n<li>Mjukt sandstensmaterial.<\/li>\n<li>Positiva och neutrala grepp.<\/li>\n<\/ul>\n","protected":false},"featured_media":18694,"comment_status":"open","ping_status":"closed","template":"","meta":[],"product_brand":[],"product_cat":[425],"product_tag":[],"class_list":{"0":"post-16490","1":"product","2":"type-product","3":"status-publish","4":"has-post-thumbnail","6":"product_cat-klattringrepp","8":"first","9":"instock","10":"taxable","11":"shipping-taxable","12":"purchasable","13":"product-type-simple"},"_links":{"self":[{"href":"https:\/\/topholds.com\/sv\/wp-json\/wp\/v2\/product\/16490","targetHints":{"allow":["GET"]}}],"collection":[{"href":"https:\/\/topholds.com\/sv\/wp-json\/wp\/v2\/product"}],"about":[{"href":"https:\/\/topholds.com\/sv\/wp-json\/wp\/v2\/types\/product"}],"replies":[{"embeddable":true,"href":"https:\/\/topholds.com\/sv\/wp-json\/wp\/v2\/comments?post=16490"}],"wp:featuredmedia":[{"embeddable":true,"href":"https:\/\/topholds.com\/sv\/wp-json\/wp\/v2\/media\/18694"}],"wp:attachment":[{"href":"https:\/\/topholds.com\/sv\/wp-json\/wp\/v2\/media?parent=16490"}],"wp:term":[{"taxonomy":"product_brand","embeddable":true,"href":"https:\/\/topholds.com\/sv\/wp-json\/wp\/v2\/product_brand?post=16490"},{"taxonomy":"product_cat","embeddable":true,"href":"https:\/\/topholds.com\/sv\/wp-json\/wp\/v2\/product_cat?post=16490"},{"taxonomy":"product_tag","embeddable":true,"href":"https:\/\/topholds.com\/sv\/wp-json\/wp\/v2\/product_tag?post=16490"}],"curies":[{"name":"wp","href":"https:\/\/api.w.org\/{rel}","templated":true}]}}