{"id":16500,"date":"2016-11-01T14:35:17","date_gmt":"2016-11-01T14:35:17","guid":{"rendered":"https:\/\/topholds.com\/oferta\/presas-escalada\/crono\/crono\/"},"modified":"2024-08-26T02:53:06","modified_gmt":"2024-08-26T02:53:06","slug":"crono","status":"publish","type":"product","link":"https:\/\/topholds.com\/sv\/erbjudande\/klattringrepp\/crono\/","title":{"rendered":"Kl\u00e4ttergrepp Paket Crono"},"content":{"rendered":"<p><strong>Crono \u00e4r ett paket med 6 kl\u00e4ttergrepp<\/strong> med en sandstenstextur, designade f\u00f6r att anpassa sig till olika stilar och f\u00e4rdighetsniv\u00e5er.<\/p>\n<p>Vi rekommenderar att du <strong>anv\u00e4nder skruvar M10x40 eller M8x40<\/strong> f\u00f6r att s\u00e4kerst\u00e4lla en s\u00e4ker och h\u00e5llbar installation p\u00e5 din kl\u00e4tterv\u00e4gg.<\/p>\n<p>Varje grepp har ett <strong>skruvh\u00e5l f\u00f6r anti-rotationsskruv<\/strong>, vilket ger \u00f6kad stabilitet och f\u00f6rhindrar o\u00f6nskad r\u00f6relse under anv\u00e4ndning.<\/p>\n<p>T\u00e4nk p\u00e5 att produktens f\u00e4rger kan variera i f\u00f6rh\u00e5llande till den visade bilden. Om du \u00f6nskar en specifik f\u00e4rg, tveka inte att kontakta oss.<\/p>\n","protected":false},"excerpt":{"rendered":"<ul>\n<li>Crono \u00e4r ett set med 6 kl\u00e4ttergrepp.<\/li>\n<li>Sandstensstruktur.<\/li>\n<li>Alla grepp \u00e4r f\u00f6rsedda med h\u00e5l f\u00f6r skruv f\u00f6r att f\u00f6rhindra rotation.<\/li>\n<\/ul>\n<p>&nbsp;<\/p>\n<p>&nbsp;<\/p>\n","protected":false},"featured_media":18564,"comment_status":"open","ping_status":"closed","template":"","meta":[],"product_brand":[],"product_cat":[425],"product_tag":[],"class_list":{"0":"post-16500","1":"product","2":"type-product","3":"status-publish","4":"has-post-thumbnail","6":"product_cat-klattringrepp","8":"first","9":"instock","10":"sale","11":"taxable","12":"shipping-taxable","13":"purchasable","14":"product-type-simple"},"_links":{"self":[{"href":"https:\/\/topholds.com\/sv\/wp-json\/wp\/v2\/product\/16500","targetHints":{"allow":["GET"]}}],"collection":[{"href":"https:\/\/topholds.com\/sv\/wp-json\/wp\/v2\/product"}],"about":[{"href":"https:\/\/topholds.com\/sv\/wp-json\/wp\/v2\/types\/product"}],"replies":[{"embeddable":true,"href":"https:\/\/topholds.com\/sv\/wp-json\/wp\/v2\/comments?post=16500"}],"wp:featuredmedia":[{"embeddable":true,"href":"https:\/\/topholds.com\/sv\/wp-json\/wp\/v2\/media\/18564"}],"wp:attachment":[{"href":"https:\/\/topholds.com\/sv\/wp-json\/wp\/v2\/media?parent=16500"}],"wp:term":[{"taxonomy":"product_brand","embeddable":true,"href":"https:\/\/topholds.com\/sv\/wp-json\/wp\/v2\/product_brand?post=16500"},{"taxonomy":"product_cat","embeddable":true,"href":"https:\/\/topholds.com\/sv\/wp-json\/wp\/v2\/product_cat?post=16500"},{"taxonomy":"product_tag","embeddable":true,"href":"https:\/\/topholds.com\/sv\/wp-json\/wp\/v2\/product_tag?post=16500"}],"curies":[{"name":"wp","href":"https:\/\/api.w.org\/{rel}","templated":true}]}}